{"id":55620,"date":"2026-03-30T06:27:52","date_gmt":"2026-03-30T06:27:52","guid":{"rendered":"https:\/\/jnksport.com\/?post_type=product&#038;p=55620"},"modified":"2026-04-29T22:32:16","modified_gmt":"2026-04-29T22:32:16","slug":"zapatillas-reebok-zig-dynamica-5-100210036-hombre","status":"publish","type":"product","link":"https:\/\/jnksport.com\/en\/product\/zapatillas-reebok-zig-dynamica-5-100210036-hombre\/","title":{"rendered":"Zapatillas Reebok Zig Dynamica 5 100210036 Hombre"},"content":{"rendered":"<div>\n<div>Zapatillas running hombre Reebok Zig Dynamica 5. Amortiguaci\u00f3n reactiva, dise\u00f1o moderno y confort para un rendimiento \u00f3ptimo.<br \/>\nLas Reebok Zig Dynamica 5 para hombre ofrecen amortiguaci\u00f3n y respuesta en cada zancada. Dise\u00f1o moderno en blanco, ideales para correr y entrenar con estilo. Ligeras, c\u00f3modas y duraderas.<\/p>\n<p>Caracter\u00edsticas:<br \/>\nAmortiguaci\u00f3n ZigTech<br \/>\nDise\u00f1o ligero y transpirable<br \/>\nSuela de goma de alta tracci\u00f3n<br \/>\nAjuste c\u00f3modo y seguro<br \/>\nEstilo moderno y deportivo<\/p><\/div>\n<\/div>\n<ul>\n<li>Marca: Reebok<\/li>\n<li>Codigo: 100210036<\/li>\n<li>Modelo: Zig Dynamica 5<\/li>\n<li>G\u00e9nero: Hombre<\/li>\n<li>Estilo: Urbano<\/li>\n<li>Cierre: Cordones<\/li>\n<li>Material: Textil<\/li>\n<li>Color: Blanco<\/li>\n<li>Material de la Suela: Goma<\/li>\n<\/ul>","protected":false},"excerpt":{"rendered":"<p>Zapatillas running hombre Reebok Zig Dynamica 5. Amortiguaci\u00f3n reactiva, dise\u00f1o moderno y confort para un rendimiento \u00f3ptimo. Las Reebok Zig Dynamica 5 para hombre ofrecen&#8230;<\/p>","protected":false},"featured_media":55331,"comment_status":"open","ping_status":"closed","template":"","meta":{"om_disable_all_campaigns":false,"_monsterinsights_skip_tracking":false,"_monsterinsights_sitenote_active":false,"_monsterinsights_sitenote_note":"","_monsterinsights_sitenote_category":0,"_uf_show_specific_survey":0,"_uf_disable_surveys":false,"_joinchat":[]},"etheme_brands":[],"product_brand":[],"product_cat":[19],"product_tag":[],"class_list":{"0":"post-55620","1":"product","2":"type-product","3":"status-publish","4":"has-post-thumbnail","6":"product_cat-hombre","7":"product_shipping_class-envio-a-lima-y-provincia","9":"first","10":"instock","11":"sale","12":"featured","13":"shipping-taxable","14":"purchasable","15":"product-type-variable"},"aioseo_notices":[],"_links":{"self":[{"href":"https:\/\/jnksport.com\/en\/wp-json\/wp\/v2\/product\/55620","targetHints":{"allow":["GET"]}}],"collection":[{"href":"https:\/\/jnksport.com\/en\/wp-json\/wp\/v2\/product"}],"about":[{"href":"https:\/\/jnksport.com\/en\/wp-json\/wp\/v2\/types\/product"}],"replies":[{"embeddable":true,"href":"https:\/\/jnksport.com\/en\/wp-json\/wp\/v2\/comments?post=55620"}],"version-history":[{"count":0,"href":"https:\/\/jnksport.com\/en\/wp-json\/wp\/v2\/product\/55620\/revisions"}],"wp:featuredmedia":[{"embeddable":true,"href":"https:\/\/jnksport.com\/en\/wp-json\/wp\/v2\/media\/55331"}],"wp:attachment":[{"href":"https:\/\/jnksport.com\/en\/wp-json\/wp\/v2\/media?parent=55620"}],"wp:term":[{"taxonomy":"brand","embeddable":true,"href":"https:\/\/jnksport.com\/en\/wp-json\/wp\/v2\/etheme_brands?post=55620"},{"taxonomy":"product_brand","embeddable":true,"href":"https:\/\/jnksport.com\/en\/wp-json\/wp\/v2\/product_brand?post=55620"},{"taxonomy":"product_cat","embeddable":true,"href":"https:\/\/jnksport.com\/en\/wp-json\/wp\/v2\/product_cat?post=55620"},{"taxonomy":"product_tag","embeddable":true,"href":"https:\/\/jnksport.com\/en\/wp-json\/wp\/v2\/product_tag?post=55620"}],"curies":[{"name":"wp","href":"https:\/\/api.w.org\/{rel}","templated":true}]}}