{"id":55621,"date":"2026-03-30T06:27:52","date_gmt":"2026-03-30T06:27:52","guid":{"rendered":"https:\/\/jnksport.com\/?post_type=product&#038;p=55621"},"modified":"2026-04-11T17:03:08","modified_gmt":"2026-04-11T17:03:08","slug":"zapatillas-reebok-zig-dynamica-5-100210045-mujer","status":"publish","type":"product","link":"https:\/\/jnksport.com\/en\/product\/zapatillas-reebok-zig-dynamica-5-100210045-mujer\/","title":{"rendered":"Zapatillas Reebok Zig Dynamica 5 100210045 Mujer"},"content":{"rendered":"<div>\n<div>Zapatillas de running progresivas con comodidad durante todo el d\u00eda.<\/p>\n<p>Responsables, c\u00f3modas y vers\u00e1tiles, estas Zapatillas Reebok para mujer son tu par diario. Su elegante parte superior de malla se apoya en la amortiguaci\u00f3n Floatride Fuel con m\u00e1s altura que nunca para una sensaci\u00f3n lujosa. El ic\u00f3nico dise\u00f1o de entresuela en zigzag crea una silueta destacada que se adapta f\u00e1cilmente desde la carrera hasta el resto del d\u00eda.<\/p>\n<p>Peso: aproximado 340 g (talla 7 Mujer)<br \/>\nMateriales: Suela : 100% Suela-Rub<\/p><\/div>\n<\/div>\n<ul>\n<li>Marca: Reebok<\/li>\n<li>Codigo: 100210045<\/li>\n<li>Modelo: Zig Dynamica 5<\/li>\n<li>G\u00e9nero: Mujer<\/li>\n<li>Estilo: Urbano<\/li>\n<li>Cierre: Cordones<\/li>\n<li>Material: Textil<\/li>\n<li>Color: Blanco<\/li>\n<li>Material de la Suela: Goma<\/li>\n<\/ul>","protected":false},"excerpt":{"rendered":"<p>Zapatillas de running progresivas con comodidad durante todo el d\u00eda. Responsables, c\u00f3modas y vers\u00e1tiles, estas Zapatillas Reebok para mujer son tu par diario. Su elegante&#8230;<\/p>","protected":false},"featured_media":55336,"comment_status":"open","ping_status":"closed","template":"","meta":{"om_disable_all_campaigns":false,"_monsterinsights_skip_tracking":false,"_monsterinsights_sitenote_active":false,"_monsterinsights_sitenote_note":"","_monsterinsights_sitenote_category":0,"_uf_show_specific_survey":0,"_uf_disable_surveys":false,"_joinchat":[]},"etheme_brands":[],"product_brand":[],"product_cat":[18],"product_tag":[],"class_list":{"0":"post-55621","1":"product","2":"type-product","3":"status-publish","4":"has-post-thumbnail","6":"product_cat-mujer","7":"product_shipping_class-envio-a-lima-y-provincia","9":"first","10":"instock","11":"sale","12":"featured","13":"shipping-taxable","14":"purchasable","15":"product-type-variable"},"aioseo_notices":[],"_links":{"self":[{"href":"https:\/\/jnksport.com\/en\/wp-json\/wp\/v2\/product\/55621","targetHints":{"allow":["GET"]}}],"collection":[{"href":"https:\/\/jnksport.com\/en\/wp-json\/wp\/v2\/product"}],"about":[{"href":"https:\/\/jnksport.com\/en\/wp-json\/wp\/v2\/types\/product"}],"replies":[{"embeddable":true,"href":"https:\/\/jnksport.com\/en\/wp-json\/wp\/v2\/comments?post=55621"}],"version-history":[{"count":0,"href":"https:\/\/jnksport.com\/en\/wp-json\/wp\/v2\/product\/55621\/revisions"}],"wp:featuredmedia":[{"embeddable":true,"href":"https:\/\/jnksport.com\/en\/wp-json\/wp\/v2\/media\/55336"}],"wp:attachment":[{"href":"https:\/\/jnksport.com\/en\/wp-json\/wp\/v2\/media?parent=55621"}],"wp:term":[{"taxonomy":"brand","embeddable":true,"href":"https:\/\/jnksport.com\/en\/wp-json\/wp\/v2\/etheme_brands?post=55621"},{"taxonomy":"product_brand","embeddable":true,"href":"https:\/\/jnksport.com\/en\/wp-json\/wp\/v2\/product_brand?post=55621"},{"taxonomy":"product_cat","embeddable":true,"href":"https:\/\/jnksport.com\/en\/wp-json\/wp\/v2\/product_cat?post=55621"},{"taxonomy":"product_tag","embeddable":true,"href":"https:\/\/jnksport.com\/en\/wp-json\/wp\/v2\/product_tag?post=55621"}],"curies":[{"name":"wp","href":"https:\/\/api.w.org\/{rel}","templated":true}]}}