{"id":55656,"date":"2026-03-30T06:27:56","date_gmt":"2026-03-30T06:27:56","guid":{"rendered":"https:\/\/jnksport.com\/?post_type=product&#038;p=55656"},"modified":"2026-03-30T06:28:00","modified_gmt":"2026-03-30T06:28:00","slug":"zapatillas-asics-gel-dedicate-8-padel-gs-1044a064-501-ninos","status":"publish","type":"product","link":"https:\/\/jnksport.com\/en\/product\/zapatillas-asics-gel-dedicate-8-padel-gs-1044a064-501-ninos\/","title":{"rendered":"Zapatillas Asics GEL-DEDICATE 8 PADEL GS 1044A064-501 Ni\u00f1os"},"content":{"rendered":"<div>\n<div>La zapatilla de p\u00e1del GEL-DEDICATE 8 (escuela primaria) ofrece una buena estabilidad y una flexibilidad perfecta para los m\u00e1s j\u00f3venes.<\/p>\n<p>La parte superior de esta zapatilla se ha dise\u00f1ado con revestimientos de cuero sint\u00e9tico para mejorar el soporte. Mantienen los pies fijos al cambiar de direcci\u00f3n y hacer tiros dif\u00edciles.<\/p>\n<p>La unidad de soporte TRUSSTIC y la suela de envoltura mejoran la estabilidad y permite que los pies se muevan libremente. Mejora los cambios de direcci\u00f3n, sobre todo al moverse de lado a lado.<\/p>\n<p>Refuerzos de cuero sint\u00e9tico muy resistentes en la puntera<br \/>\nLa soluci\u00f3n de tinte de la plantilla reduce el consumo de agua en un 33 % y las emisiones de carbono en un 45 %<br \/>\nTecnolog\u00eda TRUSSTIC y suela de envoltura<br \/>\nMayor estabilidad<br \/>\nTecnolog\u00eda de amortiguaci\u00f3n GEL<br \/>\nGarantiza una absorci\u00f3n de impactos excelente.<br \/>\nSuela para pista de p\u00e1del<\/p><\/div>\n<\/div>\n<ul>\n<li>Marca: Asics<\/li>\n<li>Codigo: 1044A064-501<\/li>\n<li>Modelo: GEL-DEDICATE 8 PADEL GS<\/li>\n<li>G\u00e9nero: Ni\u00f1os<\/li>\n<li>Estilo: Deportivo<\/li>\n<li>Cierre: Cordones<\/li>\n<li>Material: Cuero<\/li>\n<li>Color: Morado<\/li>\n<li>Material de la Suela: Caucho<\/li>\n<\/ul>","protected":false},"excerpt":{"rendered":"<p>La zapatilla de p\u00e1del GEL-DEDICATE 8 (escuela primaria) ofrece una buena estabilidad y una flexibilidad perfecta para los m\u00e1s j\u00f3venes. La parte superior de esta&#8230;<\/p>","protected":false},"featured_media":55050,"comment_status":"open","ping_status":"closed","template":"","meta":{"om_disable_all_campaigns":false,"_monsterinsights_skip_tracking":false,"_monsterinsights_sitenote_active":false,"_monsterinsights_sitenote_note":"","_monsterinsights_sitenote_category":0,"_uf_show_specific_survey":0,"_uf_disable_surveys":false,"_joinchat":[]},"etheme_brands":[],"product_brand":[],"product_cat":[159],"product_tag":[],"class_list":{"0":"post-55656","1":"product","2":"type-product","3":"status-publish","4":"has-post-thumbnail","6":"product_cat-ninos","7":"product_shipping_class-envio-a-lima-y-provincia","9":"first","10":"instock","11":"sale","12":"featured","13":"shipping-taxable","14":"purchasable","15":"product-type-variable"},"aioseo_notices":[],"_links":{"self":[{"href":"https:\/\/jnksport.com\/en\/wp-json\/wp\/v2\/product\/55656","targetHints":{"allow":["GET"]}}],"collection":[{"href":"https:\/\/jnksport.com\/en\/wp-json\/wp\/v2\/product"}],"about":[{"href":"https:\/\/jnksport.com\/en\/wp-json\/wp\/v2\/types\/product"}],"replies":[{"embeddable":true,"href":"https:\/\/jnksport.com\/en\/wp-json\/wp\/v2\/comments?post=55656"}],"version-history":[{"count":0,"href":"https:\/\/jnksport.com\/en\/wp-json\/wp\/v2\/product\/55656\/revisions"}],"wp:featuredmedia":[{"embeddable":true,"href":"https:\/\/jnksport.com\/en\/wp-json\/wp\/v2\/media\/55050"}],"wp:attachment":[{"href":"https:\/\/jnksport.com\/en\/wp-json\/wp\/v2\/media?parent=55656"}],"wp:term":[{"taxonomy":"brand","embeddable":true,"href":"https:\/\/jnksport.com\/en\/wp-json\/wp\/v2\/etheme_brands?post=55656"},{"taxonomy":"product_brand","embeddable":true,"href":"https:\/\/jnksport.com\/en\/wp-json\/wp\/v2\/product_brand?post=55656"},{"taxonomy":"product_cat","embeddable":true,"href":"https:\/\/jnksport.com\/en\/wp-json\/wp\/v2\/product_cat?post=55656"},{"taxonomy":"product_tag","embeddable":true,"href":"https:\/\/jnksport.com\/en\/wp-json\/wp\/v2\/product_tag?post=55656"}],"curies":[{"name":"wp","href":"https:\/\/api.w.org\/{rel}","templated":true}]}}