{"id":55658,"date":"2026-03-30T06:27:56","date_gmt":"2026-03-30T06:27:56","guid":{"rendered":"https:\/\/jnksport.com\/?post_type=product&#038;p=55658"},"modified":"2026-04-11T17:03:10","modified_gmt":"2026-04-11T17:03:10","slug":"zapatillas-asics-gel-rocket-11-1071a091-500-hombre","status":"publish","type":"product","link":"https:\/\/jnksport.com\/en\/product\/zapatillas-asics-gel-rocket-11-1071a091-500-hombre\/","title":{"rendered":"Zapatillas Asics GEL-ROCKET 11 1071A091-500 Hombre"},"content":{"rendered":"<div>\n<div>Una zapatilla para cancha cubierta estable y flexible para jugadores de voleibol, balonmano, b\u00e1dminton y squash de nivel intermedio.<\/p>\n<p>El estilo GEL-ROCKET\u00ae 11 es un calzado multiusos para canchas interiores que ofrece buena estabilidad y f\u00e1cil movimiento para una variedad de atletas de cancha.<\/p>\n<p>Este zapato est\u00e1 dise\u00f1ado con una parte superior flexible que es transpirable y m\u00e1s c\u00f3moda.<\/p>\n<p>Una aplicaci\u00f3n TRUSSTIC\u00ae en la entresuela est\u00e1 dise\u00f1ada para ayudar a resistir la torsi\u00f3n excesiva y mejorar la estabilidad durante las transiciones r\u00e1pidas.<\/p>\n<p>Su suela envolvente y su estabilizador son componentes de soporte funcionales que resultan \u00fatiles durante los movimientos laterales. Adem\u00e1s, las ranuras de flexi\u00f3n de la suela proporcionan mayor flexibilidad para que te muevas con mayor libertad en la cancha.<br \/>\nParte superior de malla transpirable<br \/>\nTecnolog\u00eda GEL\u00ae<br \/>\nMejora la absorci\u00f3n del impacto y crea una sensaci\u00f3n m\u00e1s suave al pisar.<br \/>\nTecnolog\u00eda TRUSSTIC\u00ae<br \/>\nMejora la estabilidad<br \/>\nenvoltura del tal\u00f3n<br \/>\nGenera aterrizajes m\u00e1s suaves<br \/>\nRanuras flexibles en la suela exterior<br \/>\nMejorar la flexibilidad<\/p><\/div>\n<\/div>\n<ul>\n<li>Marca: Asics<\/li>\n<li>Codigo: 1071A091-500<\/li>\n<li>Modelo: GEL-ROCKET 11<\/li>\n<li>G\u00e9nero: Hombre<\/li>\n<li>Estilo: Deportivo<\/li>\n<li>Cierre: Cordones<\/li>\n<li>Material: Cuero<\/li>\n<li>Color: Azul<\/li>\n<li>Material de la Suela: Caucho<\/li>\n<\/ul>","protected":false},"excerpt":{"rendered":"<p>Una zapatilla para cancha cubierta estable y flexible para jugadores de voleibol, balonmano, b\u00e1dminton y squash de nivel intermedio. El estilo GEL-ROCKET\u00ae 11 es un&#8230;<\/p>","protected":false},"featured_media":55070,"comment_status":"open","ping_status":"closed","template":"","meta":{"om_disable_all_campaigns":false,"_monsterinsights_skip_tracking":false,"_monsterinsights_sitenote_active":false,"_monsterinsights_sitenote_note":"","_monsterinsights_sitenote_category":0,"_uf_show_specific_survey":0,"_uf_disable_surveys":false,"_joinchat":[]},"etheme_brands":[],"product_brand":[],"product_cat":[19],"product_tag":[],"class_list":{"0":"post-55658","1":"product","2":"type-product","3":"status-publish","4":"has-post-thumbnail","6":"product_cat-hombre","7":"product_shipping_class-envio-a-lima-y-provincia","9":"first","10":"instock","11":"sale","12":"featured","13":"shipping-taxable","14":"purchasable","15":"product-type-variable"},"aioseo_notices":[],"_links":{"self":[{"href":"https:\/\/jnksport.com\/en\/wp-json\/wp\/v2\/product\/55658","targetHints":{"allow":["GET"]}}],"collection":[{"href":"https:\/\/jnksport.com\/en\/wp-json\/wp\/v2\/product"}],"about":[{"href":"https:\/\/jnksport.com\/en\/wp-json\/wp\/v2\/types\/product"}],"replies":[{"embeddable":true,"href":"https:\/\/jnksport.com\/en\/wp-json\/wp\/v2\/comments?post=55658"}],"version-history":[{"count":0,"href":"https:\/\/jnksport.com\/en\/wp-json\/wp\/v2\/product\/55658\/revisions"}],"wp:featuredmedia":[{"embeddable":true,"href":"https:\/\/jnksport.com\/en\/wp-json\/wp\/v2\/media\/55070"}],"wp:attachment":[{"href":"https:\/\/jnksport.com\/en\/wp-json\/wp\/v2\/media?parent=55658"}],"wp:term":[{"taxonomy":"brand","embeddable":true,"href":"https:\/\/jnksport.com\/en\/wp-json\/wp\/v2\/etheme_brands?post=55658"},{"taxonomy":"product_brand","embeddable":true,"href":"https:\/\/jnksport.com\/en\/wp-json\/wp\/v2\/product_brand?post=55658"},{"taxonomy":"product_cat","embeddable":true,"href":"https:\/\/jnksport.com\/en\/wp-json\/wp\/v2\/product_cat?post=55658"},{"taxonomy":"product_tag","embeddable":true,"href":"https:\/\/jnksport.com\/en\/wp-json\/wp\/v2\/product_tag?post=55658"}],"curies":[{"name":"wp","href":"https:\/\/api.w.org\/{rel}","templated":true}]}}