{"id":55662,"date":"2026-03-30T06:27:56","date_gmt":"2026-03-30T06:27:56","guid":{"rendered":"https:\/\/jnksport.com\/?post_type=product&#038;p=55662"},"modified":"2026-04-29T22:32:19","modified_gmt":"2026-04-29T22:32:19","slug":"zapatillas-asics-gel-rocket-12-1071a116-001-hombre","status":"publish","type":"product","link":"https:\/\/jnksport.com\/en\/product\/zapatillas-asics-gel-rocket-12-1071a116-001-hombre\/","title":{"rendered":"Zapatillas Asics GEL-ROCKET\u2122 12 1071A116-001 Hombre"},"content":{"rendered":"<div>\n<div>La zapatilla GEL-ROCKET 12 ofrece un buen equilibrio de estabilidad y flexibilidad para moverte con confianza en la pista\u200b.<\/p>\n<p>Esta zapatilla est\u00e1 dise\u00f1ada con un empeine de gran sujeci\u00f3n que te ayudar\u00e1 a desplazarte con confianza en los movimientos laterales.<\/p>\n<p>Por otro lado, una aplicaci\u00f3n de TRUSSTIC en la mediasuela ayuda a mejorar la estabilidad en las transiciones r\u00e1pidas.<\/p>\n<p>Malla superior transpirable<br \/>\nTecnolog\u00eda GEL<br \/>\nMaterial ubicado en la mediasuela de la zapatilla que aten\u00faa los impactos para una mayor amortiguaci\u00f3n y absorci\u00f3n de impactos.<br \/>\nTecnolog\u00eda TRUSSTIC que mejora la estabilidad<br \/>\nSurcos flexibles en la suela que aumentan la flexibilidad<\/p><\/div>\n<\/div>\n<ul>\n<li>Marca: Asics<\/li>\n<li>Codigo: 1071A116-001<\/li>\n<li>Modelo: GEL-ROCKET\u2122 12<\/li>\n<li>G\u00e9nero: Hombre<\/li>\n<li>Estilo: Deportivo<\/li>\n<li>Cierre: Cordones<\/li>\n<li>Material: Cuero<\/li>\n<li>Color: Negro<\/li>\n<li>Material de la Suela: Caucho<\/li>\n<\/ul>","protected":false},"excerpt":{"rendered":"<p>La zapatilla GEL-ROCKET 12 ofrece un buen equilibrio de estabilidad y flexibilidad para moverte con confianza en la pista\u200b. Esta zapatilla est\u00e1 dise\u00f1ada con un&#8230;<\/p>","protected":false},"featured_media":59732,"comment_status":"open","ping_status":"closed","template":"","meta":{"om_disable_all_campaigns":false,"_monsterinsights_skip_tracking":false,"_monsterinsights_sitenote_active":false,"_monsterinsights_sitenote_note":"","_monsterinsights_sitenote_category":0,"_uf_show_specific_survey":0,"_uf_disable_surveys":false,"_joinchat":[]},"etheme_brands":[],"product_brand":[],"product_cat":[19],"product_tag":[],"class_list":{"0":"post-55662","1":"product","2":"type-product","3":"status-publish","4":"has-post-thumbnail","6":"product_cat-hombre","7":"product_shipping_class-envio-a-lima-y-provincia","9":"first","10":"instock","11":"sale","12":"featured","13":"shipping-taxable","14":"purchasable","15":"product-type-variable"},"aioseo_notices":[],"_links":{"self":[{"href":"https:\/\/jnksport.com\/en\/wp-json\/wp\/v2\/product\/55662","targetHints":{"allow":["GET"]}}],"collection":[{"href":"https:\/\/jnksport.com\/en\/wp-json\/wp\/v2\/product"}],"about":[{"href":"https:\/\/jnksport.com\/en\/wp-json\/wp\/v2\/types\/product"}],"replies":[{"embeddable":true,"href":"https:\/\/jnksport.com\/en\/wp-json\/wp\/v2\/comments?post=55662"}],"version-history":[{"count":1,"href":"https:\/\/jnksport.com\/en\/wp-json\/wp\/v2\/product\/55662\/revisions"}],"predecessor-version":[{"id":59733,"href":"https:\/\/jnksport.com\/en\/wp-json\/wp\/v2\/product\/55662\/revisions\/59733"}],"wp:featuredmedia":[{"embeddable":true,"href":"https:\/\/jnksport.com\/en\/wp-json\/wp\/v2\/media\/59732"}],"wp:attachment":[{"href":"https:\/\/jnksport.com\/en\/wp-json\/wp\/v2\/media?parent=55662"}],"wp:term":[{"taxonomy":"brand","embeddable":true,"href":"https:\/\/jnksport.com\/en\/wp-json\/wp\/v2\/etheme_brands?post=55662"},{"taxonomy":"product_brand","embeddable":true,"href":"https:\/\/jnksport.com\/en\/wp-json\/wp\/v2\/product_brand?post=55662"},{"taxonomy":"product_cat","embeddable":true,"href":"https:\/\/jnksport.com\/en\/wp-json\/wp\/v2\/product_cat?post=55662"},{"taxonomy":"product_tag","embeddable":true,"href":"https:\/\/jnksport.com\/en\/wp-json\/wp\/v2\/product_tag?post=55662"}],"curies":[{"name":"wp","href":"https:\/\/api.w.org\/{rel}","templated":true}]}}