{"id":55731,"date":"2026-03-30T06:28:07","date_gmt":"2026-03-30T06:28:07","guid":{"rendered":"https:\/\/jnksport.com\/?post_type=product&#038;p=55731"},"modified":"2026-04-29T22:32:19","modified_gmt":"2026-04-29T22:32:19","slug":"zapatillas-puma-skyrocket-lite-2-311730-01-hombre","status":"publish","type":"product","link":"https:\/\/jnksport.com\/en\/product\/zapatillas-puma-skyrocket-lite-2-311730-01-hombre\/","title":{"rendered":"Zapatillas Puma Skyrocket Lite 2 311730-01 Hombre"},"content":{"rendered":"<div>\n<div>Sal a correr y potencia tus pasos por la ciudad con las Skyrocket Lite. Estas zapatillas de running cuentan con nuestra liviana gomaespuma PUMALite y plantilla SOFTFOAM+ para mayor amortiguaci\u00f3n y sensaci\u00f3n m\u00e1s suave. Su sistema de cordones Fit+ te proporciona mejor sujeci\u00f3n, mientras que la suela de goma en todo el largo te garantiza buen agarre kil\u00f3metro tras kil\u00f3metro. Dise\u00f1adas especialmente para superficies firmes y lisas, estas zapatillas ofrecen comodidad a cada paso. CARACTER\u00cdSTICAS + BENEFICIOS: SOFTFOAM+: Plantilla c\u00f3moda, dise\u00f1ada con un tal\u00f3n extra grueso para proporcionar una amortiguaci\u00f3n suave DETALLES: Calce regular Puntera redondeada Con cordones Empeine de material textil Suela de goma Interior en material textil Nivel medio de amortiguaci\u00f3n Drop de tal\u00f3n a punta: 10mm Producto recomendado para pies con pronaci\u00f3n neutra Informaci\u00f3n del material: Entresuela: 100% Sint\u00e9tico Plantilla: 100% Textil Suela: 82.10% Goma, 17.90% Sint\u00e9tico Exterior: 59.48% Textil, 40.52% Sint\u00e9tico Forro: 100% Textil<br \/>\nDETALLES<br \/>\nCalce regular<br \/>\nEmpeine redondeado<br \/>\nCon cordones<br \/>\nCubierta de material textil<br \/>\nTal\u00f3n plano<br \/>\nInterior en material textil<br \/>\nSuela de goma<\/div>\n<\/div>\n<ul>\n<li>Marca: Puma<\/li>\n<li>Codigo: 311730-01<\/li>\n<li>Modelo: Skyrocket Lite 2<\/li>\n<li>G\u00e9nero: Hombre<\/li>\n<li>Estilo: Deportivo<\/li>\n<li>Cierre: Cordones<\/li>\n<li>Material: Textil<\/li>\n<li>Color: Negro<\/li>\n<li>Material de la Suela: Goma<\/li>\n<\/ul>","protected":false},"excerpt":{"rendered":"<p>Sal a correr y potencia tus pasos por la ciudad con las Skyrocket Lite. Estas zapatillas de running cuentan con nuestra liviana gomaespuma PUMALite y&#8230;<\/p>","protected":false},"featured_media":55173,"comment_status":"open","ping_status":"closed","template":"","meta":{"om_disable_all_campaigns":false,"_monsterinsights_skip_tracking":false,"_monsterinsights_sitenote_active":false,"_monsterinsights_sitenote_note":"","_monsterinsights_sitenote_category":0,"_uf_show_specific_survey":0,"_uf_disable_surveys":false,"_joinchat":[]},"etheme_brands":[],"product_brand":[],"product_cat":[19],"product_tag":[],"class_list":{"0":"post-55731","1":"product","2":"type-product","3":"status-publish","4":"has-post-thumbnail","6":"product_cat-hombre","7":"product_shipping_class-envio-a-lima-y-provincia","9":"first","10":"instock","11":"featured","12":"shipping-taxable","13":"purchasable","14":"product-type-variable"},"aioseo_notices":[],"_links":{"self":[{"href":"https:\/\/jnksport.com\/en\/wp-json\/wp\/v2\/product\/55731","targetHints":{"allow":["GET"]}}],"collection":[{"href":"https:\/\/jnksport.com\/en\/wp-json\/wp\/v2\/product"}],"about":[{"href":"https:\/\/jnksport.com\/en\/wp-json\/wp\/v2\/types\/product"}],"replies":[{"embeddable":true,"href":"https:\/\/jnksport.com\/en\/wp-json\/wp\/v2\/comments?post=55731"}],"version-history":[{"count":0,"href":"https:\/\/jnksport.com\/en\/wp-json\/wp\/v2\/product\/55731\/revisions"}],"wp:featuredmedia":[{"embeddable":true,"href":"https:\/\/jnksport.com\/en\/wp-json\/wp\/v2\/media\/55173"}],"wp:attachment":[{"href":"https:\/\/jnksport.com\/en\/wp-json\/wp\/v2\/media?parent=55731"}],"wp:term":[{"taxonomy":"brand","embeddable":true,"href":"https:\/\/jnksport.com\/en\/wp-json\/wp\/v2\/etheme_brands?post=55731"},{"taxonomy":"product_brand","embeddable":true,"href":"https:\/\/jnksport.com\/en\/wp-json\/wp\/v2\/product_brand?post=55731"},{"taxonomy":"product_cat","embeddable":true,"href":"https:\/\/jnksport.com\/en\/wp-json\/wp\/v2\/product_cat?post=55731"},{"taxonomy":"product_tag","embeddable":true,"href":"https:\/\/jnksport.com\/en\/wp-json\/wp\/v2\/product_tag?post=55731"}],"curies":[{"name":"wp","href":"https:\/\/api.w.org\/{rel}","templated":true}]}}