{"id":55764,"date":"2026-03-30T06:28:12","date_gmt":"2026-03-30T06:28:12","guid":{"rendered":"https:\/\/jnksport.com\/?post_type=product&#038;p=55764"},"modified":"2026-04-29T22:32:19","modified_gmt":"2026-04-29T22:32:19","slug":"zapatillas-puma-carina-street-393846-02-mujer","status":"publish","type":"product","link":"https:\/\/jnksport.com\/en\/product\/zapatillas-puma-carina-street-393846-02-mujer\/","title":{"rendered":"Zapatillas Puma Carina Street 393846-02 Mujer"},"content":{"rendered":"<div>\n<div>Con su dise\u00f1o inspirado en streetwear y su plataforma ligeramente elevada, Carina son perfectas para llevar a diario.<\/p>\n<p>CARACTER\u00cdSTICAS + VENTAJAS<\/p>\n<p>SOFTFOAM+: c\u00f3moda plantilla dise\u00f1ada para proporcionar una suave amortiguaci\u00f3n gracias al grueso tac\u00f3n de ultra<br \/>\nMaterial reciclado: la parte superior de esta zapatilla est\u00e1 fabricada en minimum con un 20% de material reciclado, lo que supone un paso hacia un futuro mejor.<br \/>\nDETALLES<\/p>\n<p>Exterior de piel<br \/>\nEntresuela de caucho<br \/>\nSuela de goma<br \/>\nPUMA Formstrip en los laterales<br \/>\nPUMA logotipo en el tal\u00f3n<\/p><\/div>\n<\/div>\n<ul>\n<li>Marca: Puma<\/li>\n<li>Codigo: 393846-02<\/li>\n<li>Modelo: Carina Street<\/li>\n<li>G\u00e9nero: Mujer<\/li>\n<li>Estilo: Urbano<\/li>\n<li>Cierre: Cordones<\/li>\n<li>Material: Cuero<\/li>\n<li>Color: Negro<\/li>\n<li>Material de la Suela: Caucho<\/li>\n<\/ul>","protected":false},"excerpt":{"rendered":"<p>Con su dise\u00f1o inspirado en streetwear y su plataforma ligeramente elevada, Carina son perfectas para llevar a diario. CARACTER\u00cdSTICAS + VENTAJAS SOFTFOAM+: c\u00f3moda plantilla dise\u00f1ada&#8230;<\/p>","protected":false},"featured_media":55197,"comment_status":"open","ping_status":"closed","template":"","meta":{"om_disable_all_campaigns":false,"_monsterinsights_skip_tracking":false,"_monsterinsights_sitenote_active":false,"_monsterinsights_sitenote_note":"","_monsterinsights_sitenote_category":0,"_uf_show_specific_survey":0,"_uf_disable_surveys":false,"_joinchat":[]},"etheme_brands":[],"product_brand":[],"product_cat":[18],"product_tag":[],"class_list":{"0":"post-55764","1":"product","2":"type-product","3":"status-publish","4":"has-post-thumbnail","6":"product_cat-mujer","7":"product_shipping_class-envio-a-lima-y-provincia","9":"first","10":"instock","11":"sale","12":"featured","13":"shipping-taxable","14":"purchasable","15":"product-type-variable"},"aioseo_notices":[],"_links":{"self":[{"href":"https:\/\/jnksport.com\/en\/wp-json\/wp\/v2\/product\/55764","targetHints":{"allow":["GET"]}}],"collection":[{"href":"https:\/\/jnksport.com\/en\/wp-json\/wp\/v2\/product"}],"about":[{"href":"https:\/\/jnksport.com\/en\/wp-json\/wp\/v2\/types\/product"}],"replies":[{"embeddable":true,"href":"https:\/\/jnksport.com\/en\/wp-json\/wp\/v2\/comments?post=55764"}],"version-history":[{"count":0,"href":"https:\/\/jnksport.com\/en\/wp-json\/wp\/v2\/product\/55764\/revisions"}],"wp:featuredmedia":[{"embeddable":true,"href":"https:\/\/jnksport.com\/en\/wp-json\/wp\/v2\/media\/55197"}],"wp:attachment":[{"href":"https:\/\/jnksport.com\/en\/wp-json\/wp\/v2\/media?parent=55764"}],"wp:term":[{"taxonomy":"brand","embeddable":true,"href":"https:\/\/jnksport.com\/en\/wp-json\/wp\/v2\/etheme_brands?post=55764"},{"taxonomy":"product_brand","embeddable":true,"href":"https:\/\/jnksport.com\/en\/wp-json\/wp\/v2\/product_brand?post=55764"},{"taxonomy":"product_cat","embeddable":true,"href":"https:\/\/jnksport.com\/en\/wp-json\/wp\/v2\/product_cat?post=55764"},{"taxonomy":"product_tag","embeddable":true,"href":"https:\/\/jnksport.com\/en\/wp-json\/wp\/v2\/product_tag?post=55764"}],"curies":[{"name":"wp","href":"https:\/\/api.w.org\/{rel}","templated":true}]}}