{"id":55766,"date":"2026-03-30T06:28:12","date_gmt":"2026-03-30T06:28:12","guid":{"rendered":"https:\/\/jnksport.com\/?post_type=product&#038;p=55766"},"modified":"2026-04-29T22:32:19","modified_gmt":"2026-04-29T22:32:19","slug":"zapatillas-puma-carina-2-0-397970-02-mujer","status":"publish","type":"product","link":"https:\/\/jnksport.com\/en\/product\/zapatillas-puma-carina-2-0-397970-02-mujer\/","title":{"rendered":"Zapatillas Puma Carina 2.0 397970-02 Mujer"},"content":{"rendered":"<div>\n<div>Zapatillas Puma Carina 2.0 para ni\u00f1os<br \/>\nLos zapatos Puma para ni\u00f1os son perfectos para el d\u00eda a d\u00eda. Parte superior de cuero ecol\u00f3gico.<br \/>\nPerforaciones en la parte frontal y lateral.<br \/>\nCord\u00f3n tradicional.<br \/>\nEl inserto SOFTFOAM+ con propiedades antibacterianas proporciona absorci\u00f3n de impactos y posicionamiento anat\u00f3mico.<br \/>\nLa estructura est\u00e1 montada sobre una plataforma elevada y tiene suela de goma.<\/div>\n<\/div>\n<ul>\n<li>Marca: Puma<\/li>\n<li>Codigo: 397970-02<\/li>\n<li>Modelo: Carina 2.0<\/li>\n<li>G\u00e9nero: Mujer<\/li>\n<li>Estilo: Urbano<\/li>\n<li>Cierre: Cordones<\/li>\n<li>Material: Cuero<\/li>\n<li>Color: Negro<\/li>\n<li>Material de la Suela: Goma<\/li>\n<\/ul>","protected":false},"excerpt":{"rendered":"<p>Zapatillas Puma Carina 2.0 para ni\u00f1os Los zapatos Puma para ni\u00f1os son perfectos para el d\u00eda a d\u00eda. Parte superior de cuero ecol\u00f3gico. Perforaciones en&#8230;<\/p>","protected":false},"featured_media":55207,"comment_status":"open","ping_status":"closed","template":"","meta":{"om_disable_all_campaigns":false,"_monsterinsights_skip_tracking":false,"_monsterinsights_sitenote_active":false,"_monsterinsights_sitenote_note":"","_monsterinsights_sitenote_category":0,"_uf_show_specific_survey":0,"_uf_disable_surveys":false,"_joinchat":[]},"etheme_brands":[],"product_brand":[],"product_cat":[18],"product_tag":[],"class_list":{"0":"post-55766","1":"product","2":"type-product","3":"status-publish","4":"has-post-thumbnail","6":"product_cat-mujer","7":"product_shipping_class-envio-a-lima-y-provincia","9":"first","10":"instock","11":"sale","12":"featured","13":"shipping-taxable","14":"purchasable","15":"product-type-variable"},"aioseo_notices":[],"_links":{"self":[{"href":"https:\/\/jnksport.com\/en\/wp-json\/wp\/v2\/product\/55766","targetHints":{"allow":["GET"]}}],"collection":[{"href":"https:\/\/jnksport.com\/en\/wp-json\/wp\/v2\/product"}],"about":[{"href":"https:\/\/jnksport.com\/en\/wp-json\/wp\/v2\/types\/product"}],"replies":[{"embeddable":true,"href":"https:\/\/jnksport.com\/en\/wp-json\/wp\/v2\/comments?post=55766"}],"version-history":[{"count":0,"href":"https:\/\/jnksport.com\/en\/wp-json\/wp\/v2\/product\/55766\/revisions"}],"wp:featuredmedia":[{"embeddable":true,"href":"https:\/\/jnksport.com\/en\/wp-json\/wp\/v2\/media\/55207"}],"wp:attachment":[{"href":"https:\/\/jnksport.com\/en\/wp-json\/wp\/v2\/media?parent=55766"}],"wp:term":[{"taxonomy":"brand","embeddable":true,"href":"https:\/\/jnksport.com\/en\/wp-json\/wp\/v2\/etheme_brands?post=55766"},{"taxonomy":"product_brand","embeddable":true,"href":"https:\/\/jnksport.com\/en\/wp-json\/wp\/v2\/product_brand?post=55766"},{"taxonomy":"product_cat","embeddable":true,"href":"https:\/\/jnksport.com\/en\/wp-json\/wp\/v2\/product_cat?post=55766"},{"taxonomy":"product_tag","embeddable":true,"href":"https:\/\/jnksport.com\/en\/wp-json\/wp\/v2\/product_tag?post=55766"}],"curies":[{"name":"wp","href":"https:\/\/api.w.org\/{rel}","templated":true}]}}