{"id":55797,"date":"2026-03-30T06:28:16","date_gmt":"2026-03-30T06:28:16","guid":{"rendered":"https:\/\/jnksport.com\/?post_type=product&#038;p=55797"},"modified":"2026-04-11T17:03:16","modified_gmt":"2026-04-11T17:03:16","slug":"zapatillas-puma-carina-2-0-397977-02-ninas","status":"publish","type":"product","link":"https:\/\/jnksport.com\/en\/product\/zapatillas-puma-carina-2-0-397977-02-ninas\/","title":{"rendered":"Zapatillas Puma Carina 2.0 397977-02 Ni\u00f1as"},"content":{"rendered":"<div>\n<div>Presentamos las Carina 2.0. Tomando ejemplos de dise\u00f1o de los a\u00f1os 80, la cl\u00e1sica silueta de estas zapatillas est\u00e1 inspirada en el estilo relajado de la moda playera californiana. Manteni\u00e9ndose fiel a su apreciado look y calce, las Carina 2.0 dan un paso hacia la nueva temporada con algunas novedades. Esta versi\u00f3n para beb\u00e9s cuenta con tecnolog\u00eda SOFTFOAM+, para amortiguar cada aventura, y un cierre de abrojo, para poner y quitar f\u00e1cilmente. La estampa de coraz\u00f3n en relieve y los detalles iridiscentes le a\u00f1aden un toque divertido que a las m\u00e1s peque\u00f1as les encantar\u00e1.<\/p>\n<p>CARACTER\u00cdSTICAS + BENEFICIOS<br \/>\nSOFTFOAM+: Plantilla c\u00f3moda, dise\u00f1ada con un tal\u00f3n extra grueso para proporcionar una amortiguaci\u00f3n suave<br \/>\nDETALLES<br \/>\nCalce regular<br \/>\nCapellada en material sint\u00e9tico, con detalle de perforaciones<br \/>\nLeng\u00fceta sint\u00e9tica con estampa de coraz\u00f3n en relieve<br \/>\nCierre de abrojo, para poner y quitar f\u00e1cilmente<br \/>\nEntresuela de goma<br \/>\nSuela de goma<br \/>\nPlataforma ligeramente elevada, con detalles texturizados en puntera y tal\u00f3n<br \/>\nFormstrip PUMA iridiscente y acolchada, en ambos laterales<br \/>\nPUMA Beb\u00e9s: Producto recomendado para beb\u00e9s e infantes de 0 a 4 a\u00f1os<br \/>\nInformaci\u00f3n del material<br \/>\nPlantilla: 100% Textil<br \/>\nSuela: 100% Goma<br \/>\nExterior: 80.54% Sint\u00e9tico, 19.46% Textil<br \/>\nForro: 100% Textil<\/p><\/div>\n<\/div>\n<ul>\n<li>Marca: Puma<\/li>\n<li>Codigo: 397977-02<\/li>\n<li>Modelo: Carina 2.0<\/li>\n<li>G\u00e9nero: Ni\u00f1as<\/li>\n<li>Estilo: Urbano<\/li>\n<li>Cierre: Cordones<\/li>\n<li>Material: Cuero<\/li>\n<li>Color: Negro<\/li>\n<li>Material de la Suela: Goma<\/li>\n<\/ul>","protected":false},"excerpt":{"rendered":"<p>Presentamos las Carina 2.0. Tomando ejemplos de dise\u00f1o de los a\u00f1os 80, la cl\u00e1sica silueta de estas zapatillas est\u00e1 inspirada en el estilo relajado de&#8230;<\/p>","protected":false},"featured_media":55211,"comment_status":"open","ping_status":"closed","template":"","meta":{"om_disable_all_campaigns":false,"_monsterinsights_skip_tracking":false,"_monsterinsights_sitenote_active":false,"_monsterinsights_sitenote_note":"","_monsterinsights_sitenote_category":0,"_uf_show_specific_survey":0,"_uf_disable_surveys":false,"_joinchat":[]},"etheme_brands":[],"product_brand":[],"product_cat":[573],"product_tag":[],"class_list":{"0":"post-55797","1":"product","2":"type-product","3":"status-publish","4":"has-post-thumbnail","6":"product_cat-ninas-2","7":"product_shipping_class-envio-a-lima-y-provincia","9":"first","10":"instock","11":"sale","12":"featured","13":"shipping-taxable","14":"purchasable","15":"product-type-variable"},"aioseo_notices":[],"_links":{"self":[{"href":"https:\/\/jnksport.com\/en\/wp-json\/wp\/v2\/product\/55797","targetHints":{"allow":["GET"]}}],"collection":[{"href":"https:\/\/jnksport.com\/en\/wp-json\/wp\/v2\/product"}],"about":[{"href":"https:\/\/jnksport.com\/en\/wp-json\/wp\/v2\/types\/product"}],"replies":[{"embeddable":true,"href":"https:\/\/jnksport.com\/en\/wp-json\/wp\/v2\/comments?post=55797"}],"version-history":[{"count":0,"href":"https:\/\/jnksport.com\/en\/wp-json\/wp\/v2\/product\/55797\/revisions"}],"wp:featuredmedia":[{"embeddable":true,"href":"https:\/\/jnksport.com\/en\/wp-json\/wp\/v2\/media\/55211"}],"wp:attachment":[{"href":"https:\/\/jnksport.com\/en\/wp-json\/wp\/v2\/media?parent=55797"}],"wp:term":[{"taxonomy":"brand","embeddable":true,"href":"https:\/\/jnksport.com\/en\/wp-json\/wp\/v2\/etheme_brands?post=55797"},{"taxonomy":"product_brand","embeddable":true,"href":"https:\/\/jnksport.com\/en\/wp-json\/wp\/v2\/product_brand?post=55797"},{"taxonomy":"product_cat","embeddable":true,"href":"https:\/\/jnksport.com\/en\/wp-json\/wp\/v2\/product_cat?post=55797"},{"taxonomy":"product_tag","embeddable":true,"href":"https:\/\/jnksport.com\/en\/wp-json\/wp\/v2\/product_tag?post=55797"}],"curies":[{"name":"wp","href":"https:\/\/api.w.org\/{rel}","templated":true}]}}