{"id":55798,"date":"2026-03-30T06:28:16","date_gmt":"2026-03-30T06:28:16","guid":{"rendered":"https:\/\/jnksport.com\/?post_type=product&#038;p=55798"},"modified":"2026-04-11T17:03:16","modified_gmt":"2026-04-11T17:03:16","slug":"zapatillas-puma-reb-l-398993-08-mujer","status":"publish","type":"product","link":"https:\/\/jnksport.com\/en\/product\/zapatillas-puma-reb-l-398993-08-mujer\/","title":{"rendered":"Zapatillas Puma Reb-L 398993-08 Mujer"},"content":{"rendered":"<div>\n<div>Aut\u00e9ntico estilo urbano en cada look con las zapatillas PUMA Rebound Low para ni\u00f1os. Estas  zapatillas inspiradas en el baloncesto , para ni\u00f1os grandes, cuentan con una parte superior de cuero sint\u00e9tico con perforaciones para mayor transpirabilidad. La suela de goma proporciona durabilidad y tracci\u00f3n a cada paso.<\/p>\n<p>Caracter\u00edsticas:<\/p>\n<p>Cuero sint\u00e9tico en la parte superior<br \/>\nPerforaciones en los dedos<br \/>\nSuela de goma<br \/>\nCordones <\/p><\/div>\n<\/div>\n<ul>\n<li>Marca: Puma<\/li>\n<li>Codigo: 398993-08<\/li>\n<li>Modelo: Reb-L<\/li>\n<li>G\u00e9nero: Mujer<\/li>\n<li>Estilo: Urbano<\/li>\n<li>Cierre: Cordones<\/li>\n<li>Material: Cuero<\/li>\n<li>Color: Blanco<\/li>\n<li>Material de la Suela: Goma<\/li>\n<\/ul>","protected":false},"excerpt":{"rendered":"<p>Aut\u00e9ntico estilo urbano en cada look con las zapatillas PUMA Rebound Low para ni\u00f1os. Estas zapatillas inspiradas en el baloncesto , para ni\u00f1os grandes, cuentan&#8230;<\/p>","protected":false},"featured_media":55222,"comment_status":"open","ping_status":"closed","template":"","meta":{"om_disable_all_campaigns":false,"_monsterinsights_skip_tracking":false,"_monsterinsights_sitenote_active":false,"_monsterinsights_sitenote_note":"","_monsterinsights_sitenote_category":0,"_uf_show_specific_survey":0,"_uf_disable_surveys":false,"_joinchat":[]},"etheme_brands":[],"product_brand":[],"product_cat":[18],"product_tag":[],"class_list":{"0":"post-55798","1":"product","2":"type-product","3":"status-publish","4":"has-post-thumbnail","6":"product_cat-mujer","7":"product_shipping_class-envio-a-lima-y-provincia","9":"first","10":"instock","11":"featured","12":"shipping-taxable","13":"purchasable","14":"product-type-variable"},"aioseo_notices":[],"_links":{"self":[{"href":"https:\/\/jnksport.com\/en\/wp-json\/wp\/v2\/product\/55798","targetHints":{"allow":["GET"]}}],"collection":[{"href":"https:\/\/jnksport.com\/en\/wp-json\/wp\/v2\/product"}],"about":[{"href":"https:\/\/jnksport.com\/en\/wp-json\/wp\/v2\/types\/product"}],"replies":[{"embeddable":true,"href":"https:\/\/jnksport.com\/en\/wp-json\/wp\/v2\/comments?post=55798"}],"version-history":[{"count":0,"href":"https:\/\/jnksport.com\/en\/wp-json\/wp\/v2\/product\/55798\/revisions"}],"wp:featuredmedia":[{"embeddable":true,"href":"https:\/\/jnksport.com\/en\/wp-json\/wp\/v2\/media\/55222"}],"wp:attachment":[{"href":"https:\/\/jnksport.com\/en\/wp-json\/wp\/v2\/media?parent=55798"}],"wp:term":[{"taxonomy":"brand","embeddable":true,"href":"https:\/\/jnksport.com\/en\/wp-json\/wp\/v2\/etheme_brands?post=55798"},{"taxonomy":"product_brand","embeddable":true,"href":"https:\/\/jnksport.com\/en\/wp-json\/wp\/v2\/product_brand?post=55798"},{"taxonomy":"product_cat","embeddable":true,"href":"https:\/\/jnksport.com\/en\/wp-json\/wp\/v2\/product_cat?post=55798"},{"taxonomy":"product_tag","embeddable":true,"href":"https:\/\/jnksport.com\/en\/wp-json\/wp\/v2\/product_tag?post=55798"}],"curies":[{"name":"wp","href":"https:\/\/api.w.org\/{rel}","templated":true}]}}