{"id":55799,"date":"2026-03-30T06:28:16","date_gmt":"2026-03-30T06:28:16","guid":{"rendered":"https:\/\/jnksport.com\/?post_type=product&#038;p=55799"},"modified":"2026-04-25T19:59:44","modified_gmt":"2026-04-25T19:59:44","slug":"zapatillas-puma-r78-400267-04-hombre","status":"publish","type":"product","link":"https:\/\/jnksport.com\/en\/product\/zapatillas-puma-r78-400267-04-hombre\/","title":{"rendered":"Zapatillas Puma R78 400267-04 Hombre"},"content":{"rendered":"<div>\n<div>Ad\u00e9ntrate en el estilo retro con las R78 Lightwind. Inspiradas en los a\u00f1os 70, estas zapatillas combinan un encanto vintage con un estilo moderno. Con un empeine de malla, colores vibrantes y amortiguaci\u00f3n SOFTFOAM+, ofrecen comodidad y estilo durante todo el d\u00eda para tu aventura diaria.<\/p>\n<p>SOFTFOAM+: C\u00f3moda plantilla dise\u00f1ada para proporcionar una suave amortiguaci\u00f3n gracias a su tal\u00f3n extragrueso<\/p>\n<p>Ajuste normal<br \/>\nMaterial sint\u00e9tico<br \/>\nEmpeine de malla<br \/>\nCon cordones<br \/>\nSuela de goma<br \/>\nFormstrip de PUMA en el lado exterior<\/p><\/div>\n<\/div>\n<ul>\n<li>Marca: Puma<\/li>\n<li>Codigo: 400267-04<\/li>\n<li>Modelo: R78<\/li>\n<li>G\u00e9nero: Hombre<\/li>\n<li>Estilo: Urbano<\/li>\n<li>Cierre: Cordones<\/li>\n<li>Material: Cuero<\/li>\n<li>Color: Gris<\/li>\n<li>Material de la Suela: Goma<\/li>\n<\/ul>","protected":false},"excerpt":{"rendered":"<p>Ad\u00e9ntrate en el estilo retro con las R78 Lightwind. Inspiradas en los a\u00f1os 70, estas zapatillas combinan un encanto vintage con un estilo moderno. Con&#8230;<\/p>","protected":false},"featured_media":55228,"comment_status":"open","ping_status":"closed","template":"","meta":{"om_disable_all_campaigns":false,"_monsterinsights_skip_tracking":false,"_monsterinsights_sitenote_active":false,"_monsterinsights_sitenote_note":"","_monsterinsights_sitenote_category":0,"_uf_show_specific_survey":0,"_uf_disable_surveys":false,"_joinchat":[]},"etheme_brands":[],"product_brand":[],"product_cat":[19],"product_tag":[],"class_list":{"0":"post-55799","1":"product","2":"type-product","3":"status-publish","4":"has-post-thumbnail","6":"product_cat-hombre","7":"product_shipping_class-envio-a-lima-y-provincia","9":"first","10":"instock","11":"sale","12":"featured","13":"shipping-taxable","14":"purchasable","15":"product-type-variable"},"aioseo_notices":[],"_links":{"self":[{"href":"https:\/\/jnksport.com\/en\/wp-json\/wp\/v2\/product\/55799","targetHints":{"allow":["GET"]}}],"collection":[{"href":"https:\/\/jnksport.com\/en\/wp-json\/wp\/v2\/product"}],"about":[{"href":"https:\/\/jnksport.com\/en\/wp-json\/wp\/v2\/types\/product"}],"replies":[{"embeddable":true,"href":"https:\/\/jnksport.com\/en\/wp-json\/wp\/v2\/comments?post=55799"}],"version-history":[{"count":0,"href":"https:\/\/jnksport.com\/en\/wp-json\/wp\/v2\/product\/55799\/revisions"}],"wp:featuredmedia":[{"embeddable":true,"href":"https:\/\/jnksport.com\/en\/wp-json\/wp\/v2\/media\/55228"}],"wp:attachment":[{"href":"https:\/\/jnksport.com\/en\/wp-json\/wp\/v2\/media?parent=55799"}],"wp:term":[{"taxonomy":"brand","embeddable":true,"href":"https:\/\/jnksport.com\/en\/wp-json\/wp\/v2\/etheme_brands?post=55799"},{"taxonomy":"product_brand","embeddable":true,"href":"https:\/\/jnksport.com\/en\/wp-json\/wp\/v2\/product_brand?post=55799"},{"taxonomy":"product_cat","embeddable":true,"href":"https:\/\/jnksport.com\/en\/wp-json\/wp\/v2\/product_cat?post=55799"},{"taxonomy":"product_tag","embeddable":true,"href":"https:\/\/jnksport.com\/en\/wp-json\/wp\/v2\/product_tag?post=55799"}],"curies":[{"name":"wp","href":"https:\/\/api.w.org\/{rel}","templated":true}]}}