{"id":55800,"date":"2026-03-30T06:28:16","date_gmt":"2026-03-30T06:28:16","guid":{"rendered":"https:\/\/jnksport.com\/?post_type=product&#038;p=55800"},"modified":"2026-04-29T22:32:19","modified_gmt":"2026-04-29T22:32:19","slug":"zapatillas-puma-carina-3-0-401476-01-mujer","status":"publish","type":"product","link":"https:\/\/jnksport.com\/en\/product\/zapatillas-puma-carina-3-0-401476-01-mujer\/","title":{"rendered":"Zapatillas Puma Carina 3.0 401476-01 Mujer"},"content":{"rendered":"<div>\n<div>Da un paso hacia el nuevo cap\u00edtulo de la moda con las Carina. Inspiradas en la energ\u00eda atemporal del tenis, estas zapatillas les aportan un aire fresco a tus looks y son ideales para las actividades de todos los d\u00edas. Con su encanto y dise\u00f1o simple, te acompa\u00f1ar\u00e1n con estilo cuando salgas a hacer tr\u00e1mites por la ciudad o te juntes con amigas.<\/p>\n<p>CARACTER\u00cdSTICAS Y BENEFICIOS<br \/>\nSOFTFOAM+: Plantilla c\u00f3moda, dise\u00f1ada con un tal\u00f3n extra grueso para proporcionar una amortiguaci\u00f3n suave<br \/>\nCubierta fabricada con al menos un 20% de materiales reciclados; base fabricada con al menos un 10% de materiales reciclados<br \/>\nDETALLES<br \/>\nCalce regular<br \/>\nPuntera redondeada<br \/>\nCon cordones<br \/>\nTal\u00f3n plano<br \/>\nDetalles de la marca PUMA<br \/>\nCubierta de material sint\u00e9tico<br \/>\nInterior en material textil<br \/>\nEntresuela y suela de goma<\/p><\/div>\n<\/div>\n<ul>\n<li>Marca: Puma<\/li>\n<li>Codigo: 401476-01<\/li>\n<li>Modelo: Carina 3.0<\/li>\n<li>G\u00e9nero: Mujer<\/li>\n<li>Estilo: Urbano<\/li>\n<li>Cierre: Cordones<\/li>\n<li>Material: Cuero<\/li>\n<li>Color: Blanco<\/li>\n<li>Material de la Suela: Goma<\/li>\n<\/ul>","protected":false},"excerpt":{"rendered":"<p>Da un paso hacia el nuevo cap\u00edtulo de la moda con las Carina. Inspiradas en la energ\u00eda atemporal del tenis, estas zapatillas les aportan un&#8230;<\/p>","protected":false},"featured_media":55240,"comment_status":"open","ping_status":"closed","template":"","meta":{"om_disable_all_campaigns":false,"_monsterinsights_skip_tracking":false,"_monsterinsights_sitenote_active":false,"_monsterinsights_sitenote_note":"","_monsterinsights_sitenote_category":0,"_uf_show_specific_survey":0,"_uf_disable_surveys":false,"_joinchat":[]},"etheme_brands":[],"product_brand":[],"product_cat":[18],"product_tag":[],"class_list":{"0":"post-55800","1":"product","2":"type-product","3":"status-publish","4":"has-post-thumbnail","6":"product_cat-mujer","7":"product_shipping_class-envio-a-lima-y-provincia","9":"first","10":"instock","11":"featured","12":"shipping-taxable","13":"purchasable","14":"product-type-variable"},"aioseo_notices":[],"_links":{"self":[{"href":"https:\/\/jnksport.com\/en\/wp-json\/wp\/v2\/product\/55800","targetHints":{"allow":["GET"]}}],"collection":[{"href":"https:\/\/jnksport.com\/en\/wp-json\/wp\/v2\/product"}],"about":[{"href":"https:\/\/jnksport.com\/en\/wp-json\/wp\/v2\/types\/product"}],"replies":[{"embeddable":true,"href":"https:\/\/jnksport.com\/en\/wp-json\/wp\/v2\/comments?post=55800"}],"version-history":[{"count":0,"href":"https:\/\/jnksport.com\/en\/wp-json\/wp\/v2\/product\/55800\/revisions"}],"wp:featuredmedia":[{"embeddable":true,"href":"https:\/\/jnksport.com\/en\/wp-json\/wp\/v2\/media\/55240"}],"wp:attachment":[{"href":"https:\/\/jnksport.com\/en\/wp-json\/wp\/v2\/media?parent=55800"}],"wp:term":[{"taxonomy":"brand","embeddable":true,"href":"https:\/\/jnksport.com\/en\/wp-json\/wp\/v2\/etheme_brands?post=55800"},{"taxonomy":"product_brand","embeddable":true,"href":"https:\/\/jnksport.com\/en\/wp-json\/wp\/v2\/product_brand?post=55800"},{"taxonomy":"product_cat","embeddable":true,"href":"https:\/\/jnksport.com\/en\/wp-json\/wp\/v2\/product_cat?post=55800"},{"taxonomy":"product_tag","embeddable":true,"href":"https:\/\/jnksport.com\/en\/wp-json\/wp\/v2\/product_tag?post=55800"}],"curies":[{"name":"wp","href":"https:\/\/api.w.org\/{rel}","templated":true}]}}