{"id":55832,"date":"2026-03-30T06:28:21","date_gmt":"2026-03-30T06:28:21","guid":{"rendered":"https:\/\/jnksport.com\/?post_type=product&#038;p=55832"},"modified":"2026-04-29T22:32:19","modified_gmt":"2026-04-29T22:32:19","slug":"zapatillas-puma-carina-3-0-402641-01-mujer","status":"publish","type":"product","link":"https:\/\/jnksport.com\/en\/product\/zapatillas-puma-carina-3-0-402641-01-mujer\/","title":{"rendered":"Zapatillas Puma Carina 3.0 402641-01 Mujer"},"content":{"rendered":"<div>\n<div>Ad\u00e9ntrate en un nuevo cap\u00edtulo del estilo con las Carina. Estas zapatillas, inspiradas en la energ\u00eda atemporal del tenis, aportan un aire fresco perfecto para el ajetreo diario. Con su dise\u00f1o sencillo y su encanto sin esfuerzo, te llevar\u00e1n de los recados matutinos a las tardes de paseo, para que hagas todo con un poco m\u00e1s de estilo.<\/p>\n<p>SOFTFOAM+: c\u00f3moda plantilla dise\u00f1ada para proporcionar una suave amortiguaci\u00f3n gracias a su tal\u00f3n extragrueso<\/p>\n<p>Ancho: est\u00e1ndar<br \/>\nTipo de puntera: redondeada<br \/>\nCierre: de cordones<br \/>\nTipo de tal\u00f3n: plano<br \/>\nForro: textil<br \/>\nSuela: goma<\/p><\/div>\n<\/div>\n<ul>\n<li>Marca: Puma<\/li>\n<li>Codigo: 402641-01<\/li>\n<li>Modelo: Carina 3.0<\/li>\n<li>G\u00e9nero: Mujer<\/li>\n<li>Estilo: Urbano<\/li>\n<li>Cierre: Cordones<\/li>\n<li>Material: Cuero<\/li>\n<li>Color: Blanco<\/li>\n<li>Material de la Suela: Goma<\/li>\n<\/ul>","protected":false},"excerpt":{"rendered":"<p>Ad\u00e9ntrate en un nuevo cap\u00edtulo del estilo con las Carina. Estas zapatillas, inspiradas en la energ\u00eda atemporal del tenis, aportan un aire fresco perfecto para&#8230;<\/p>","protected":false},"featured_media":55252,"comment_status":"open","ping_status":"closed","template":"","meta":{"om_disable_all_campaigns":false,"_monsterinsights_skip_tracking":false,"_monsterinsights_sitenote_active":false,"_monsterinsights_sitenote_note":"","_monsterinsights_sitenote_category":0,"_uf_show_specific_survey":0,"_uf_disable_surveys":false,"_joinchat":[]},"etheme_brands":[],"product_brand":[],"product_cat":[18],"product_tag":[],"class_list":{"0":"post-55832","1":"product","2":"type-product","3":"status-publish","4":"has-post-thumbnail","6":"product_cat-mujer","7":"product_shipping_class-envio-a-lima-y-provincia","9":"first","10":"instock","11":"featured","12":"shipping-taxable","13":"purchasable","14":"product-type-variable"},"aioseo_notices":[],"_links":{"self":[{"href":"https:\/\/jnksport.com\/en\/wp-json\/wp\/v2\/product\/55832","targetHints":{"allow":["GET"]}}],"collection":[{"href":"https:\/\/jnksport.com\/en\/wp-json\/wp\/v2\/product"}],"about":[{"href":"https:\/\/jnksport.com\/en\/wp-json\/wp\/v2\/types\/product"}],"replies":[{"embeddable":true,"href":"https:\/\/jnksport.com\/en\/wp-json\/wp\/v2\/comments?post=55832"}],"version-history":[{"count":0,"href":"https:\/\/jnksport.com\/en\/wp-json\/wp\/v2\/product\/55832\/revisions"}],"wp:featuredmedia":[{"embeddable":true,"href":"https:\/\/jnksport.com\/en\/wp-json\/wp\/v2\/media\/55252"}],"wp:attachment":[{"href":"https:\/\/jnksport.com\/en\/wp-json\/wp\/v2\/media?parent=55832"}],"wp:term":[{"taxonomy":"brand","embeddable":true,"href":"https:\/\/jnksport.com\/en\/wp-json\/wp\/v2\/etheme_brands?post=55832"},{"taxonomy":"product_brand","embeddable":true,"href":"https:\/\/jnksport.com\/en\/wp-json\/wp\/v2\/product_brand?post=55832"},{"taxonomy":"product_cat","embeddable":true,"href":"https:\/\/jnksport.com\/en\/wp-json\/wp\/v2\/product_cat?post=55832"},{"taxonomy":"product_tag","embeddable":true,"href":"https:\/\/jnksport.com\/en\/wp-json\/wp\/v2\/product_tag?post=55832"}],"curies":[{"name":"wp","href":"https:\/\/api.w.org\/{rel}","templated":true}]}}