{"id":55833,"date":"2026-03-30T06:28:21","date_gmt":"2026-03-30T06:28:21","guid":{"rendered":"https:\/\/jnksport.com\/?post_type=product&#038;p=55833"},"modified":"2026-04-11T17:03:20","modified_gmt":"2026-04-11T17:03:20","slug":"zapatillas-puma-carina-3-0-402642-01-mujer","status":"publish","type":"product","link":"https:\/\/jnksport.com\/en\/product\/zapatillas-puma-carina-3-0-402642-01-mujer\/","title":{"rendered":"Zapatillas Puma Carina 3.0 402642-01 Mujer"},"content":{"rendered":"<div>\n<div>Ad\u00e9ntrate en una nueva era de estilo con las Carina. Inspiradas en la energ\u00eda atemporal del tenis, estas zapatillas aportan un aire fresco, perfecto para el d\u00eda a d\u00eda. Con su dise\u00f1o sencillo y su encanto natural, te acompa\u00f1an desde tus recados matutinos hasta tus salidas por la tarde, asegur\u00e1ndote de que lo hagas todo con un toque de estilo.<\/p>\n<p>SOFTFOAM+: Plantilla c\u00f3moda de pisar dise\u00f1ada para proporcionar una amortiguaci\u00f3n suave gracias a su tal\u00f3n extra grueso<\/p>\n<p>Ancho: Regular<br \/>\nTipo de punta: redondeada<br \/>\nCierre: Cordones<br \/>\nParte superior sint\u00e9tica con detalles peludos en el tal\u00f3n.<br \/>\nTipo de tac\u00f3n: Plano<br \/>\nForro: Textil<br \/>\nSuela: Caucho<\/p>\n<\/div>\n<\/div>\n<ul>\n<li>Marca: Puma<\/li>\n<li>Codigo: 402642-01<\/li>\n<li>Modelo: Carina 3.0<\/li>\n<li>G\u00e9nero: Mujer<\/li>\n<li>Estilo: Urbano<\/li>\n<li>Cierre: Cordones<\/li>\n<li>Material: Cuero<\/li>\n<li>Color: Blanco<\/li>\n<li>Material de la Suela: Caucho<\/li>\n<\/ul>","protected":false},"excerpt":{"rendered":"<p>Ad\u00e9ntrate en una nueva era de estilo con las Carina. Inspiradas en la energ\u00eda atemporal del tenis, estas zapatillas aportan un aire fresco, perfecto para&#8230;<\/p>","protected":false},"featured_media":55257,"comment_status":"open","ping_status":"closed","template":"","meta":{"om_disable_all_campaigns":false,"_monsterinsights_skip_tracking":false,"_monsterinsights_sitenote_active":false,"_monsterinsights_sitenote_note":"","_monsterinsights_sitenote_category":0,"_uf_show_specific_survey":0,"_uf_disable_surveys":false,"_joinchat":[]},"etheme_brands":[],"product_brand":[],"product_cat":[18],"product_tag":[],"class_list":{"0":"post-55833","1":"product","2":"type-product","3":"status-publish","4":"has-post-thumbnail","6":"product_cat-mujer","7":"product_shipping_class-envio-a-lima-y-provincia","9":"first","10":"instock","11":"sale","12":"featured","13":"shipping-taxable","14":"purchasable","15":"product-type-variable"},"aioseo_notices":[],"_links":{"self":[{"href":"https:\/\/jnksport.com\/en\/wp-json\/wp\/v2\/product\/55833","targetHints":{"allow":["GET"]}}],"collection":[{"href":"https:\/\/jnksport.com\/en\/wp-json\/wp\/v2\/product"}],"about":[{"href":"https:\/\/jnksport.com\/en\/wp-json\/wp\/v2\/types\/product"}],"replies":[{"embeddable":true,"href":"https:\/\/jnksport.com\/en\/wp-json\/wp\/v2\/comments?post=55833"}],"version-history":[{"count":0,"href":"https:\/\/jnksport.com\/en\/wp-json\/wp\/v2\/product\/55833\/revisions"}],"wp:featuredmedia":[{"embeddable":true,"href":"https:\/\/jnksport.com\/en\/wp-json\/wp\/v2\/media\/55257"}],"wp:attachment":[{"href":"https:\/\/jnksport.com\/en\/wp-json\/wp\/v2\/media?parent=55833"}],"wp:term":[{"taxonomy":"brand","embeddable":true,"href":"https:\/\/jnksport.com\/en\/wp-json\/wp\/v2\/etheme_brands?post=55833"},{"taxonomy":"product_brand","embeddable":true,"href":"https:\/\/jnksport.com\/en\/wp-json\/wp\/v2\/product_brand?post=55833"},{"taxonomy":"product_cat","embeddable":true,"href":"https:\/\/jnksport.com\/en\/wp-json\/wp\/v2\/product_cat?post=55833"},{"taxonomy":"product_tag","embeddable":true,"href":"https:\/\/jnksport.com\/en\/wp-json\/wp\/v2\/product_tag?post=55833"}],"curies":[{"name":"wp","href":"https:\/\/api.w.org\/{rel}","templated":true}]}}