{"id":55834,"date":"2026-03-30T06:28:21","date_gmt":"2026-03-30T06:28:21","guid":{"rendered":"https:\/\/jnksport.com\/?post_type=product&#038;p=55834"},"modified":"2026-04-20T15:30:33","modified_gmt":"2026-04-20T15:30:33","slug":"zapatillas-puma-femme-low-404283-01-mujer","status":"publish","type":"product","link":"https:\/\/jnksport.com\/en\/product\/zapatillas-puma-femme-low-404283-01-mujer\/","title":{"rendered":"Zapatillas Puma Femme Low 404283-01 Mujer"},"content":{"rendered":"<div>\n<div>Inspiradas en el calzado de baloncesto de los a\u00f1os 80, estas zapatillas PUMA llevan la comodidad y el estilo al siguiente nivel. Disponibles en una gama de dise\u00f1os vers\u00e1tiles, de cuello alto, medio o bajo, las Rebound son un cl\u00e1sico que vas a querer tener siempre en tu guardarropa.<\/p>\n<p>CARACTER\u00cdSTICAS + BENEFICIOS<br \/>\nSOFTFOAM+: Plantilla c\u00f3moda, dise\u00f1ada con un tal\u00f3n extra grueso para proporcionar una amortiguaci\u00f3n suave<br \/>\nEmpeine fabricado con al menos un 20% de materiales reciclados; base fabricada con al menos un 10% de materiales reciclados<br \/>\nDETALLES<br \/>\nC\u00e1lculo regular<br \/>\nPuntera redondeada<br \/>\nCon cordones<br \/>\nSuave capellada en cuero de grano grueso<br \/>\nTal\u00f3n plano<br \/>\nInterior en material textil<br \/>\nSuela de goma<br \/>\nFranja caracter\u00edstica PUMA metalizada<br \/>\nInformaci\u00f3n del material<br \/>\nSuela: 100% Goma<br \/>\nExterior: 97,65% Sint\u00e9tico, 2,35% Textil<br \/>\nForro: 100% Textil<\/p><\/div>\n<\/div>\n<ul>\n<li>Marca: Puma<\/li>\n<li>Codigo: 404283-01<\/li>\n<li>Modelo: Femme Low<\/li>\n<li>G\u00e9nero: Mujer<\/li>\n<li>Estilo: Urbano<\/li>\n<li>Cierre: Cordones<\/li>\n<li>Material: Cuero<\/li>\n<li>Color: Blanco<\/li>\n<li>Material de la Suela: Goma<\/li>\n<\/ul>","protected":false},"excerpt":{"rendered":"<p>Inspiradas en el calzado de baloncesto de los a\u00f1os 80, estas zapatillas PUMA llevan la comodidad y el estilo al siguiente nivel. Disponibles en una&#8230;<\/p>","protected":false},"featured_media":55263,"comment_status":"open","ping_status":"closed","template":"","meta":{"om_disable_all_campaigns":false,"_monsterinsights_skip_tracking":false,"_monsterinsights_sitenote_active":false,"_monsterinsights_sitenote_note":"","_monsterinsights_sitenote_category":0,"_uf_show_specific_survey":0,"_uf_disable_surveys":false,"_joinchat":[]},"etheme_brands":[],"product_brand":[],"product_cat":[18],"product_tag":[],"class_list":{"0":"post-55834","1":"product","2":"type-product","3":"status-publish","4":"has-post-thumbnail","6":"product_cat-mujer","7":"product_shipping_class-envio-a-lima-y-provincia","9":"first","10":"instock","11":"sale","12":"featured","13":"shipping-taxable","14":"purchasable","15":"product-type-variable"},"aioseo_notices":[],"_links":{"self":[{"href":"https:\/\/jnksport.com\/en\/wp-json\/wp\/v2\/product\/55834","targetHints":{"allow":["GET"]}}],"collection":[{"href":"https:\/\/jnksport.com\/en\/wp-json\/wp\/v2\/product"}],"about":[{"href":"https:\/\/jnksport.com\/en\/wp-json\/wp\/v2\/types\/product"}],"replies":[{"embeddable":true,"href":"https:\/\/jnksport.com\/en\/wp-json\/wp\/v2\/comments?post=55834"}],"version-history":[{"count":0,"href":"https:\/\/jnksport.com\/en\/wp-json\/wp\/v2\/product\/55834\/revisions"}],"wp:featuredmedia":[{"embeddable":true,"href":"https:\/\/jnksport.com\/en\/wp-json\/wp\/v2\/media\/55263"}],"wp:attachment":[{"href":"https:\/\/jnksport.com\/en\/wp-json\/wp\/v2\/media?parent=55834"}],"wp:term":[{"taxonomy":"brand","embeddable":true,"href":"https:\/\/jnksport.com\/en\/wp-json\/wp\/v2\/etheme_brands?post=55834"},{"taxonomy":"product_brand","embeddable":true,"href":"https:\/\/jnksport.com\/en\/wp-json\/wp\/v2\/product_brand?post=55834"},{"taxonomy":"product_cat","embeddable":true,"href":"https:\/\/jnksport.com\/en\/wp-json\/wp\/v2\/product_cat?post=55834"},{"taxonomy":"product_tag","embeddable":true,"href":"https:\/\/jnksport.com\/en\/wp-json\/wp\/v2\/product_tag?post=55834"}],"curies":[{"name":"wp","href":"https:\/\/api.w.org\/{rel}","templated":true}]}}