{"id":55835,"date":"2026-03-30T06:28:21","date_gmt":"2026-03-30T06:28:21","guid":{"rendered":"https:\/\/jnksport.com\/?post_type=product&#038;p=55835"},"modified":"2026-04-25T19:59:44","modified_gmt":"2026-04-25T19:59:44","slug":"zapatillas-puma-jada-classic-404298-01-mujer","status":"publish","type":"product","link":"https:\/\/jnksport.com\/en\/product\/zapatillas-puma-jada-classic-404298-01-mujer\/","title":{"rendered":"Zapatillas Puma Jada Classic 404298-01 Mujer"},"content":{"rendered":"<div>\n<div>Las Jada son una versi\u00f3n moderna de la silueta cl\u00e1sica de PUMA: atemporal, elegante e infinitamente vers\u00e1til. Dise\u00f1adas para brindar comodidad durante todo el d\u00eda, estas zapatillas combinan una elegante artesan\u00eda con sutiles detalles retro, lo que las convierte en la opci\u00f3n perfecta para cualquier ocasi\u00f3n. \u00dasalas para ocasiones formales o informales: de cualquier manera, lucir\u00e1s con estilo.<\/p>\n<p>SOFTFOAM+: Plantilla c\u00f3moda de pisar dise\u00f1ada para proporcionar una amortiguaci\u00f3n suave gracias a su tal\u00f3n extra grueso<\/p>\n<p>Ancho: Regular<br \/>\nTipo de punta: redondeada<br \/>\nCierre: Cordones<br \/>\nTipo de tac\u00f3n: Plano<br \/>\nForro: Textil<\/p>\n<p>Plantilla: 100% textil<br \/>\nSuela: 100% caucho<br \/>\nParte superior: 90,64 % sint\u00e9tico, 9,36 % abrigo\/piel<br \/>\nForro: 68,79% Textil, 31,21% Sint\u00e9tico<\/p><\/div>\n<\/div>\n<ul>\n<li>Marca: Puma<\/li>\n<li>Codigo: 404298-01<\/li>\n<li>Modelo: Jada Classic<\/li>\n<li>G\u00e9nero: Mujer<\/li>\n<li>Estilo: Urbano<\/li>\n<li>Cierre: Cordones<\/li>\n<li>Material: Cuero<\/li>\n<li>Color: Blanco<\/li>\n<li>Material de la Suela: Caucho<\/li>\n<\/ul>","protected":false},"excerpt":{"rendered":"<p>Las Jada son una versi\u00f3n moderna de la silueta cl\u00e1sica de PUMA: atemporal, elegante e infinitamente vers\u00e1til. Dise\u00f1adas para brindar comodidad durante todo el d\u00eda,&#8230;<\/p>","protected":false},"featured_media":55269,"comment_status":"open","ping_status":"closed","template":"","meta":{"om_disable_all_campaigns":false,"_monsterinsights_skip_tracking":false,"_monsterinsights_sitenote_active":false,"_monsterinsights_sitenote_note":"","_monsterinsights_sitenote_category":0,"_uf_show_specific_survey":0,"_uf_disable_surveys":false,"_joinchat":[]},"etheme_brands":[],"product_brand":[],"product_cat":[18],"product_tag":[],"class_list":{"0":"post-55835","1":"product","2":"type-product","3":"status-publish","4":"has-post-thumbnail","6":"product_cat-mujer","7":"product_shipping_class-envio-a-lima-y-provincia","9":"first","10":"instock","11":"featured","12":"shipping-taxable","13":"purchasable","14":"product-type-variable"},"aioseo_notices":[],"_links":{"self":[{"href":"https:\/\/jnksport.com\/en\/wp-json\/wp\/v2\/product\/55835","targetHints":{"allow":["GET"]}}],"collection":[{"href":"https:\/\/jnksport.com\/en\/wp-json\/wp\/v2\/product"}],"about":[{"href":"https:\/\/jnksport.com\/en\/wp-json\/wp\/v2\/types\/product"}],"replies":[{"embeddable":true,"href":"https:\/\/jnksport.com\/en\/wp-json\/wp\/v2\/comments?post=55835"}],"version-history":[{"count":0,"href":"https:\/\/jnksport.com\/en\/wp-json\/wp\/v2\/product\/55835\/revisions"}],"wp:featuredmedia":[{"embeddable":true,"href":"https:\/\/jnksport.com\/en\/wp-json\/wp\/v2\/media\/55269"}],"wp:attachment":[{"href":"https:\/\/jnksport.com\/en\/wp-json\/wp\/v2\/media?parent=55835"}],"wp:term":[{"taxonomy":"brand","embeddable":true,"href":"https:\/\/jnksport.com\/en\/wp-json\/wp\/v2\/etheme_brands?post=55835"},{"taxonomy":"product_brand","embeddable":true,"href":"https:\/\/jnksport.com\/en\/wp-json\/wp\/v2\/product_brand?post=55835"},{"taxonomy":"product_cat","embeddable":true,"href":"https:\/\/jnksport.com\/en\/wp-json\/wp\/v2\/product_cat?post=55835"},{"taxonomy":"product_tag","embeddable":true,"href":"https:\/\/jnksport.com\/en\/wp-json\/wp\/v2\/product_tag?post=55835"}],"curies":[{"name":"wp","href":"https:\/\/api.w.org\/{rel}","templated":true}]}}