{"id":55902,"date":"2026-03-30T06:28:29","date_gmt":"2026-03-30T06:28:29","guid":{"rendered":"https:\/\/jnksport.com\/?post_type=product&#038;p=55902"},"modified":"2026-04-11T17:03:23","modified_gmt":"2026-04-11T17:03:23","slug":"zapatillas-converse-platform-flowers-a14996-ninos","status":"publish","type":"product","link":"https:\/\/jnksport.com\/en\/product\/zapatillas-converse-platform-flowers-a14996-ninos\/","title":{"rendered":"Zapatillas Converse Platform Flowers A14996 Ni\u00f1os"},"content":{"rendered":"<div>\n<div>Estas Chuck cubiertas de p\u00e9talos ofrecen un extra de elasticidad a cada paso. Los alegres dise\u00f1os florales bordados y la suela exterior elevada aportan un toque campestre a cualquier situaci\u00f3n.<br \/>\nParte superior de lona con el caracter\u00edstico estilo de Converse<br \/>\nAmortiguaci\u00f3n de espuma suave bajo el pie que permite jugar con comodidad<br \/>\nSuela exterior ligera con plataforma para aumentar la altura y el estilo<br \/>\nDise\u00f1os florales bordados en los laterales para a\u00f1adir un toque delicado al look<br \/>\nEtiqueta All Star ic\u00f3nica en la leng\u00fceta y logotipo posterior<\/div>\n<\/div>\n<ul>\n<li>Marca: Converse<\/li>\n<li>Codigo: A14996<\/li>\n<li>Modelo: Platform Flowers<\/li>\n<li>G\u00e9nero: Ni\u00f1os<\/li>\n<li>Estilo: Urbano<\/li>\n<li>Cierre: Cordones<\/li>\n<li>Material: Textil<\/li>\n<li>Color: Rosado<\/li>\n<li>Material de la Suela: Goma<\/li>\n<\/ul>","protected":false},"excerpt":{"rendered":"<p>Estas Chuck cubiertas de p\u00e9talos ofrecen un extra de elasticidad a cada paso. Los alegres dise\u00f1os florales bordados y la suela exterior elevada aportan un&#8230;<\/p>","protected":false},"featured_media":55381,"comment_status":"open","ping_status":"closed","template":"","meta":{"om_disable_all_campaigns":false,"_monsterinsights_skip_tracking":false,"_monsterinsights_sitenote_active":false,"_monsterinsights_sitenote_note":"","_monsterinsights_sitenote_category":0,"_uf_show_specific_survey":0,"_uf_disable_surveys":false,"_joinchat":[]},"etheme_brands":[],"product_brand":[],"product_cat":[159],"product_tag":[],"class_list":{"0":"post-55902","1":"product","2":"type-product","3":"status-publish","4":"has-post-thumbnail","6":"product_cat-ninos","7":"product_shipping_class-envio-a-lima-y-provincia","9":"first","10":"instock","11":"sale","12":"featured","13":"shipping-taxable","14":"purchasable","15":"product-type-variable"},"aioseo_notices":[],"_links":{"self":[{"href":"https:\/\/jnksport.com\/en\/wp-json\/wp\/v2\/product\/55902","targetHints":{"allow":["GET"]}}],"collection":[{"href":"https:\/\/jnksport.com\/en\/wp-json\/wp\/v2\/product"}],"about":[{"href":"https:\/\/jnksport.com\/en\/wp-json\/wp\/v2\/types\/product"}],"replies":[{"embeddable":true,"href":"https:\/\/jnksport.com\/en\/wp-json\/wp\/v2\/comments?post=55902"}],"version-history":[{"count":0,"href":"https:\/\/jnksport.com\/en\/wp-json\/wp\/v2\/product\/55902\/revisions"}],"wp:featuredmedia":[{"embeddable":true,"href":"https:\/\/jnksport.com\/en\/wp-json\/wp\/v2\/media\/55381"}],"wp:attachment":[{"href":"https:\/\/jnksport.com\/en\/wp-json\/wp\/v2\/media?parent=55902"}],"wp:term":[{"taxonomy":"brand","embeddable":true,"href":"https:\/\/jnksport.com\/en\/wp-json\/wp\/v2\/etheme_brands?post=55902"},{"taxonomy":"product_brand","embeddable":true,"href":"https:\/\/jnksport.com\/en\/wp-json\/wp\/v2\/product_brand?post=55902"},{"taxonomy":"product_cat","embeddable":true,"href":"https:\/\/jnksport.com\/en\/wp-json\/wp\/v2\/product_cat?post=55902"},{"taxonomy":"product_tag","embeddable":true,"href":"https:\/\/jnksport.com\/en\/wp-json\/wp\/v2\/product_tag?post=55902"}],"curies":[{"name":"wp","href":"https:\/\/api.w.org\/{rel}","templated":true}]}}