{"id":55968,"date":"2026-03-30T06:28:37","date_gmt":"2026-03-30T06:28:37","guid":{"rendered":"https:\/\/jnksport.com\/?post_type=product&#038;p=55968"},"modified":"2026-04-29T22:32:19","modified_gmt":"2026-04-29T22:32:19","slug":"zapatillas-nike-court-vision-alta-dz5394-102-mujer","status":"publish","type":"product","link":"https:\/\/jnksport.com\/en\/product\/zapatillas-nike-court-vision-alta-dz5394-102-mujer\/","title":{"rendered":"Zapatillas Nike Court Vision Alta DZ5394-102 Mujer"},"content":{"rendered":"<div>\n<div>La moda urbana se combina con la autenticidad del b\u00e1squetbol en el moderno Nike Court Vision Alta. La parte superior llena de detalles cuenta con un tal\u00f3n en \u00e1ngulo, cuero impecable y logotipos Swoosh con brillos dorados para que destaques. Adelante, abraza tu lado llamativo.<\/p>\n<p>Beneficios<\/p>\n<p>La combinaci\u00f3n de cuero aut\u00e9ntico y sint\u00e9tico aporta durabilidad y las perforaciones en la punta agregan una est\u00e9tica fresca.<br \/>\nLa entresuela de espuma elevada y el tal\u00f3n esculpido aportan una comodidad moderna.<br \/>\nLa leng\u00fceta superacolchada tiene una sensaci\u00f3n incre\u00edblemente suave.<br \/>\nEl \u00e1ngulo del tal\u00f3n le da un giro moderno al estilo tradicional del b\u00e1squetbol<\/p><\/div>\n<\/div>\n<ul>\n<li>Marca: Nike<\/li>\n<li>Codigo: DZ5394-102<\/li>\n<li>Modelo: Court Vision Alta<\/li>\n<li>G\u00e9nero: Mujer<\/li>\n<li>Estilo: Urbano<\/li>\n<li>Cierre: Cordones<\/li>\n<li>Material: Cuero<\/li>\n<li>Color: Blanco<\/li>\n<li>Material de la Suela: Goma<\/li>\n<\/ul>","protected":false},"excerpt":{"rendered":"<p>La moda urbana se combina con la autenticidad del b\u00e1squetbol en el moderno Nike Court Vision Alta. La parte superior llena de detalles cuenta con&#8230;<\/p>","protected":false},"featured_media":59393,"comment_status":"open","ping_status":"closed","template":"","meta":{"om_disable_all_campaigns":false,"_monsterinsights_skip_tracking":false,"_monsterinsights_sitenote_active":false,"_monsterinsights_sitenote_note":"","_monsterinsights_sitenote_category":0,"_uf_show_specific_survey":0,"_uf_disable_surveys":false,"_joinchat":[]},"etheme_brands":[],"product_brand":[],"product_cat":[18],"product_tag":[],"class_list":{"0":"post-55968","1":"product","2":"type-product","3":"status-publish","4":"has-post-thumbnail","6":"product_cat-mujer","7":"product_shipping_class-envio-a-lima-y-provincia","9":"first","10":"instock","11":"sale","12":"featured","13":"shipping-taxable","14":"purchasable","15":"product-type-variable"},"aioseo_notices":[],"_links":{"self":[{"href":"https:\/\/jnksport.com\/en\/wp-json\/wp\/v2\/product\/55968","targetHints":{"allow":["GET"]}}],"collection":[{"href":"https:\/\/jnksport.com\/en\/wp-json\/wp\/v2\/product"}],"about":[{"href":"https:\/\/jnksport.com\/en\/wp-json\/wp\/v2\/types\/product"}],"replies":[{"embeddable":true,"href":"https:\/\/jnksport.com\/en\/wp-json\/wp\/v2\/comments?post=55968"}],"version-history":[{"count":1,"href":"https:\/\/jnksport.com\/en\/wp-json\/wp\/v2\/product\/55968\/revisions"}],"predecessor-version":[{"id":59394,"href":"https:\/\/jnksport.com\/en\/wp-json\/wp\/v2\/product\/55968\/revisions\/59394"}],"wp:featuredmedia":[{"embeddable":true,"href":"https:\/\/jnksport.com\/en\/wp-json\/wp\/v2\/media\/59393"}],"wp:attachment":[{"href":"https:\/\/jnksport.com\/en\/wp-json\/wp\/v2\/media?parent=55968"}],"wp:term":[{"taxonomy":"brand","embeddable":true,"href":"https:\/\/jnksport.com\/en\/wp-json\/wp\/v2\/etheme_brands?post=55968"},{"taxonomy":"product_brand","embeddable":true,"href":"https:\/\/jnksport.com\/en\/wp-json\/wp\/v2\/product_brand?post=55968"},{"taxonomy":"product_cat","embeddable":true,"href":"https:\/\/jnksport.com\/en\/wp-json\/wp\/v2\/product_cat?post=55968"},{"taxonomy":"product_tag","embeddable":true,"href":"https:\/\/jnksport.com\/en\/wp-json\/wp\/v2\/product_tag?post=55968"}],"curies":[{"name":"wp","href":"https:\/\/api.w.org\/{rel}","templated":true}]}}