{"id":55971,"date":"2026-03-30T06:28:37","date_gmt":"2026-03-30T06:28:37","guid":{"rendered":"https:\/\/jnksport.com\/?post_type=product&#038;p=55971"},"modified":"2026-03-31T18:30:24","modified_gmt":"2026-03-31T18:30:24","slug":"zapatillas-adidas-superstar-adv-gw6930-hombre","status":"publish","type":"product","link":"https:\/\/jnksport.com\/en\/product\/zapatillas-adidas-superstar-adv-gw6930-hombre\/","title":{"rendered":"Zapatillas Adidas Superstar ADV GW6930 Hombre"},"content":{"rendered":"<div>\n<div>Ning\u00fan calzado tiene m\u00e1s influencia que las adidas Superstar y las Superstar ADV son una actualizaci\u00f3n de un \u00edcono para el skateboarding. Estas zapatillas mantienen el esp\u00edritu del modelo original y lo reimaginan con pespuntes que confieren una mayor resistencia al desgaste, una leng\u00fceta de una sola pieza que garantiza un ajuste perfecto y una suela de caucho flexible que proporciona un excelente agarre y control sobre la tabla.                                                                                                                                                                      Exterior de piel pr\u00e9mium<br \/>\nSuela tipo cupsole de caucho flexible<br \/>\nCosturas reforzadas para una mayor durabilidad<br \/>\nLeng\u00fceta de una sola pieza para un mejor ajuste<br \/>\nColor del art\u00edculo: Cloud White \/ Core Black \/ Cloud White<br \/>\nN\u00famero de art\u00edculo: GW6930<\/div>\n<\/div>\n<ul>\n<li>Marca: Adidas<\/li>\n<li>Codigo: GW6930<\/li>\n<li>Modelo: Superstar ADV<\/li>\n<li>G\u00e9nero: Hombre<\/li>\n<li>Estilo: Urbano<\/li>\n<li>Cierre: Cordones<\/li>\n<li>Material: Cuero<\/li>\n<li>Color: Blanco<\/li>\n<li>Material de la Suela: Caucho<\/li>\n<\/ul>","protected":false},"excerpt":{"rendered":"<p>Ning\u00fan calzado tiene m\u00e1s influencia que las adidas Superstar y las Superstar ADV son una actualizaci\u00f3n de un \u00edcono para el skateboarding. Estas zapatillas mantienen&#8230;<\/p>","protected":false},"featured_media":57219,"comment_status":"open","ping_status":"closed","template":"","meta":{"om_disable_all_campaigns":false,"_monsterinsights_skip_tracking":false,"_monsterinsights_sitenote_active":false,"_monsterinsights_sitenote_note":"","_monsterinsights_sitenote_category":0,"_uf_show_specific_survey":0,"_uf_disable_surveys":false,"_joinchat":[]},"etheme_brands":[],"product_brand":[],"product_cat":[19],"product_tag":[],"class_list":{"0":"post-55971","1":"product","2":"type-product","3":"status-publish","4":"has-post-thumbnail","6":"product_cat-hombre","7":"product_shipping_class-envio-a-lima-y-provincia","9":"first","10":"instock","11":"featured","12":"shipping-taxable","13":"purchasable","14":"product-type-variable"},"aioseo_notices":[],"_links":{"self":[{"href":"https:\/\/jnksport.com\/en\/wp-json\/wp\/v2\/product\/55971","targetHints":{"allow":["GET"]}}],"collection":[{"href":"https:\/\/jnksport.com\/en\/wp-json\/wp\/v2\/product"}],"about":[{"href":"https:\/\/jnksport.com\/en\/wp-json\/wp\/v2\/types\/product"}],"replies":[{"embeddable":true,"href":"https:\/\/jnksport.com\/en\/wp-json\/wp\/v2\/comments?post=55971"}],"version-history":[{"count":0,"href":"https:\/\/jnksport.com\/en\/wp-json\/wp\/v2\/product\/55971\/revisions"}],"wp:featuredmedia":[{"embeddable":true,"href":"https:\/\/jnksport.com\/en\/wp-json\/wp\/v2\/media\/57219"}],"wp:attachment":[{"href":"https:\/\/jnksport.com\/en\/wp-json\/wp\/v2\/media?parent=55971"}],"wp:term":[{"taxonomy":"brand","embeddable":true,"href":"https:\/\/jnksport.com\/en\/wp-json\/wp\/v2\/etheme_brands?post=55971"},{"taxonomy":"product_brand","embeddable":true,"href":"https:\/\/jnksport.com\/en\/wp-json\/wp\/v2\/product_brand?post=55971"},{"taxonomy":"product_cat","embeddable":true,"href":"https:\/\/jnksport.com\/en\/wp-json\/wp\/v2\/product_cat?post=55971"},{"taxonomy":"product_tag","embeddable":true,"href":"https:\/\/jnksport.com\/en\/wp-json\/wp\/v2\/product_tag?post=55971"}],"curies":[{"name":"wp","href":"https:\/\/api.w.org\/{rel}","templated":true}]}}