{"id":56002,"date":"2026-03-30T06:28:42","date_gmt":"2026-03-30T06:28:42","guid":{"rendered":"https:\/\/jnksport.com\/?post_type=product&#038;p=56002"},"modified":"2026-04-29T22:32:19","modified_gmt":"2026-04-29T22:32:19","slug":"zapatillas-adidas-runfalcon-5-ie8829-mujer","status":"publish","type":"product","link":"https:\/\/jnksport.com\/en\/product\/zapatillas-adidas-runfalcon-5-ie8829-mujer\/","title":{"rendered":"Zapatillas Adidas RUNFALCON 5 IE8829 Mujer"},"content":{"rendered":"<div>\n<div>Maximiza tus carreras diarias<br \/>\nTanto en la pista como en la cinta de correr, alcanza todas tus metas con esta zapatilla de running adidas. Incorpora una mediasuela con amortiguaci\u00f3n Cloudfoam que te ofrece una pisada m\u00e1s c\u00f3moda y suave. El empeine de malla transpirable y la suela Adiwear de gran resistencia al desgaste la convierten en una silueta perfecta para llevar durante todo el d\u00eda.<\/p>\n<p>Ajuste cl\u00e1sico<br \/>\nSistema de amarre de pasadores<br \/>\nExterior en malla con revestimientos de cuero sint\u00e9tico<br \/>\nForro interno textil<br \/>\nMediasuela Cloudfoam<br \/>\nSuela de caucho<br \/>\nColor del art\u00edculo: Cloud White \/ Grey Two \/ Core Black\n<\/p><\/div>\n<\/div>\n<ul>\n<li>Marca: Adidas<\/li>\n<li>Codigo: IE8829<\/li>\n<li>Modelo: RUNFALCON 5<\/li>\n<li>G\u00e9nero: Mujer<\/li>\n<li>Estilo: Deportivo<\/li>\n<li>Cierre: Cordones<\/li>\n<li>Material: Textil<\/li>\n<li>Color: Negro<\/li>\n<li>Material de la Suela: Caucho<\/li>\n<\/ul>","protected":false},"excerpt":{"rendered":"<p>Maximiza tus carreras diarias Tanto en la pista como en la cinta de correr, alcanza todas tus metas con esta zapatilla de running adidas. Incorpora&#8230;<\/p>","protected":false},"featured_media":55462,"comment_status":"open","ping_status":"closed","template":"","meta":{"om_disable_all_campaigns":false,"_monsterinsights_skip_tracking":false,"_monsterinsights_sitenote_active":false,"_monsterinsights_sitenote_note":"","_monsterinsights_sitenote_category":0,"_uf_show_specific_survey":0,"_uf_disable_surveys":false,"_joinchat":[]},"etheme_brands":[],"product_brand":[],"product_cat":[18],"product_tag":[],"class_list":{"0":"post-56002","1":"product","2":"type-product","3":"status-publish","4":"has-post-thumbnail","6":"product_cat-mujer","7":"product_shipping_class-envio-a-lima-y-provincia","9":"first","10":"instock","11":"sale","12":"featured","13":"shipping-taxable","14":"purchasable","15":"product-type-variable"},"aioseo_notices":[],"_links":{"self":[{"href":"https:\/\/jnksport.com\/en\/wp-json\/wp\/v2\/product\/56002","targetHints":{"allow":["GET"]}}],"collection":[{"href":"https:\/\/jnksport.com\/en\/wp-json\/wp\/v2\/product"}],"about":[{"href":"https:\/\/jnksport.com\/en\/wp-json\/wp\/v2\/types\/product"}],"replies":[{"embeddable":true,"href":"https:\/\/jnksport.com\/en\/wp-json\/wp\/v2\/comments?post=56002"}],"version-history":[{"count":0,"href":"https:\/\/jnksport.com\/en\/wp-json\/wp\/v2\/product\/56002\/revisions"}],"wp:featuredmedia":[{"embeddable":true,"href":"https:\/\/jnksport.com\/en\/wp-json\/wp\/v2\/media\/55462"}],"wp:attachment":[{"href":"https:\/\/jnksport.com\/en\/wp-json\/wp\/v2\/media?parent=56002"}],"wp:term":[{"taxonomy":"brand","embeddable":true,"href":"https:\/\/jnksport.com\/en\/wp-json\/wp\/v2\/etheme_brands?post=56002"},{"taxonomy":"product_brand","embeddable":true,"href":"https:\/\/jnksport.com\/en\/wp-json\/wp\/v2\/product_brand?post=56002"},{"taxonomy":"product_cat","embeddable":true,"href":"https:\/\/jnksport.com\/en\/wp-json\/wp\/v2\/product_cat?post=56002"},{"taxonomy":"product_tag","embeddable":true,"href":"https:\/\/jnksport.com\/en\/wp-json\/wp\/v2\/product_tag?post=56002"}],"curies":[{"name":"wp","href":"https:\/\/api.w.org\/{rel}","templated":true}]}}