{"id":56036,"date":"2026-03-30T06:28:46","date_gmt":"2026-03-30T06:28:46","guid":{"rendered":"https:\/\/jnksport.com\/?post_type=product&#038;p=56036"},"modified":"2026-04-25T19:59:47","modified_gmt":"2026-04-25T19:59:47","slug":"zapatillas-adidas-run-72-ih8594-mujer","status":"publish","type":"product","link":"https:\/\/jnksport.com\/en\/product\/zapatillas-adidas-run-72-ih8594-mujer\/","title":{"rendered":"Zapatillas Adidas Run 72 IH8594 Mujer"},"content":{"rendered":"<div>\n<div>Zapatillas cl\u00e1sicas y vers\u00e1tiles que puedes agregar a tu rotaci\u00f3n regular.<br \/>\nDise\u00f1adas para resistir el paso del tiempo, estas zapatillas adidas son elegantes y atemporales. El exterior de cuero suave y el forro interno brindan comodidad y la suela de caucho flexible te acompa\u00f1a en todas tus aventuras. La amortiguaci\u00f3n Cloudfoam ofrece confort durante todo el d\u00eda mientras recorres la ciudad o te relajas con un caf\u00e9 en la mano.<\/div>\n<\/div>\n<ul>\n<li>Marca: Adidas<\/li>\n<li>Codigo: IH8594<\/li>\n<li>Modelo: Run 72<\/li>\n<li>G\u00e9nero: Mujer<\/li>\n<li>Estilo: Urbano<\/li>\n<li>Cierre: Cordones<\/li>\n<li>Material: Cuero<\/li>\n<li>Color: Blanco<\/li>\n<li>Material de la Suela: Caucho<\/li>\n<\/ul>","protected":false},"excerpt":{"rendered":"<p>Zapatillas cl\u00e1sicas y vers\u00e1tiles que puedes agregar a tu rotaci\u00f3n regular. Dise\u00f1adas para resistir el paso del tiempo, estas zapatillas adidas son elegantes y atemporales&#8230;.<\/p>","protected":false},"featured_media":55487,"comment_status":"open","ping_status":"closed","template":"","meta":{"om_disable_all_campaigns":false,"_monsterinsights_skip_tracking":false,"_monsterinsights_sitenote_active":false,"_monsterinsights_sitenote_note":"","_monsterinsights_sitenote_category":0,"_uf_show_specific_survey":0,"_uf_disable_surveys":false,"_joinchat":[]},"etheme_brands":[],"product_brand":[],"product_cat":[18],"product_tag":[],"class_list":{"0":"post-56036","1":"product","2":"type-product","3":"status-publish","4":"has-post-thumbnail","6":"product_cat-mujer","7":"product_shipping_class-envio-a-lima-y-provincia","9":"first","10":"instock","11":"sale","12":"featured","13":"shipping-taxable","14":"purchasable","15":"product-type-variable"},"aioseo_notices":[],"_links":{"self":[{"href":"https:\/\/jnksport.com\/en\/wp-json\/wp\/v2\/product\/56036","targetHints":{"allow":["GET"]}}],"collection":[{"href":"https:\/\/jnksport.com\/en\/wp-json\/wp\/v2\/product"}],"about":[{"href":"https:\/\/jnksport.com\/en\/wp-json\/wp\/v2\/types\/product"}],"replies":[{"embeddable":true,"href":"https:\/\/jnksport.com\/en\/wp-json\/wp\/v2\/comments?post=56036"}],"version-history":[{"count":0,"href":"https:\/\/jnksport.com\/en\/wp-json\/wp\/v2\/product\/56036\/revisions"}],"wp:featuredmedia":[{"embeddable":true,"href":"https:\/\/jnksport.com\/en\/wp-json\/wp\/v2\/media\/55487"}],"wp:attachment":[{"href":"https:\/\/jnksport.com\/en\/wp-json\/wp\/v2\/media?parent=56036"}],"wp:term":[{"taxonomy":"brand","embeddable":true,"href":"https:\/\/jnksport.com\/en\/wp-json\/wp\/v2\/etheme_brands?post=56036"},{"taxonomy":"product_brand","embeddable":true,"href":"https:\/\/jnksport.com\/en\/wp-json\/wp\/v2\/product_brand?post=56036"},{"taxonomy":"product_cat","embeddable":true,"href":"https:\/\/jnksport.com\/en\/wp-json\/wp\/v2\/product_cat?post=56036"},{"taxonomy":"product_tag","embeddable":true,"href":"https:\/\/jnksport.com\/en\/wp-json\/wp\/v2\/product_tag?post=56036"}],"curies":[{"name":"wp","href":"https:\/\/api.w.org\/{rel}","templated":true}]}}