{"id":56038,"date":"2026-03-30T06:28:46","date_gmt":"2026-03-30T06:28:46","guid":{"rendered":"https:\/\/jnksport.com\/?post_type=product&#038;p=56038"},"modified":"2026-04-11T17:03:31","modified_gmt":"2026-04-11T17:03:31","slug":"zapatillas-adidas-courtblock-bold-ji2205-mujer","status":"publish","type":"product","link":"https:\/\/jnksport.com\/en\/product\/zapatillas-adidas-courtblock-bold-ji2205-mujer\/","title":{"rendered":"Zapatillas Adidas Courtblock Bold JI2205 Mujer"},"content":{"rendered":"<div>\n<div>Zapatillas modernas para uso diario con un dise\u00f1o de corte alto<br \/>\nDivertidas y modernas, estas zapatillas adidas ofrecen un estilo audaz que nunca pasa de moda. La mediasuela gruesa te regala unos cent\u00edmetros de m\u00e1s, mientras que el exterior de piel sint\u00e9tica y la suela tipo cupsole de caucho se combinan para ofrecer comodidad durante todo el d\u00eda. Ya sea que las combines con tus jeans favoritos o con un vestido casual, estas zapatillas te ayudan a hacer una declaraci\u00f3n de estilo sutil.<\/div>\n<\/div>\n<ul>\n<li>Marca: Adidas<\/li>\n<li>Codigo: JI2205<\/li>\n<li>Modelo: Courtblock Bold<\/li>\n<li>G\u00e9nero: Mujer<\/li>\n<li>Estilo: Urbano<\/li>\n<li>Cierre: Cordones<\/li>\n<li>Material: Cuero<\/li>\n<li>Color: Blanco<\/li>\n<li>Material de la Suela: Caucho<\/li>\n<\/ul>","protected":false},"excerpt":{"rendered":"<p>Zapatillas modernas para uso diario con un dise\u00f1o de corte alto Divertidas y modernas, estas zapatillas adidas ofrecen un estilo audaz que nunca pasa de&#8230;<\/p>","protected":false},"featured_media":55498,"comment_status":"open","ping_status":"closed","template":"","meta":{"om_disable_all_campaigns":false,"_monsterinsights_skip_tracking":false,"_monsterinsights_sitenote_active":false,"_monsterinsights_sitenote_note":"","_monsterinsights_sitenote_category":0,"_uf_show_specific_survey":0,"_uf_disable_surveys":false,"_joinchat":[]},"etheme_brands":[],"product_brand":[],"product_cat":[18],"product_tag":[],"class_list":{"0":"post-56038","1":"product","2":"type-product","3":"status-publish","4":"has-post-thumbnail","6":"product_cat-mujer","7":"product_shipping_class-envio-a-lima-y-provincia","9":"first","10":"instock","11":"sale","12":"featured","13":"shipping-taxable","14":"purchasable","15":"product-type-variable"},"aioseo_notices":[],"_links":{"self":[{"href":"https:\/\/jnksport.com\/en\/wp-json\/wp\/v2\/product\/56038","targetHints":{"allow":["GET"]}}],"collection":[{"href":"https:\/\/jnksport.com\/en\/wp-json\/wp\/v2\/product"}],"about":[{"href":"https:\/\/jnksport.com\/en\/wp-json\/wp\/v2\/types\/product"}],"replies":[{"embeddable":true,"href":"https:\/\/jnksport.com\/en\/wp-json\/wp\/v2\/comments?post=56038"}],"version-history":[{"count":0,"href":"https:\/\/jnksport.com\/en\/wp-json\/wp\/v2\/product\/56038\/revisions"}],"wp:featuredmedia":[{"embeddable":true,"href":"https:\/\/jnksport.com\/en\/wp-json\/wp\/v2\/media\/55498"}],"wp:attachment":[{"href":"https:\/\/jnksport.com\/en\/wp-json\/wp\/v2\/media?parent=56038"}],"wp:term":[{"taxonomy":"brand","embeddable":true,"href":"https:\/\/jnksport.com\/en\/wp-json\/wp\/v2\/etheme_brands?post=56038"},{"taxonomy":"product_brand","embeddable":true,"href":"https:\/\/jnksport.com\/en\/wp-json\/wp\/v2\/product_brand?post=56038"},{"taxonomy":"product_cat","embeddable":true,"href":"https:\/\/jnksport.com\/en\/wp-json\/wp\/v2\/product_cat?post=56038"},{"taxonomy":"product_tag","embeddable":true,"href":"https:\/\/jnksport.com\/en\/wp-json\/wp\/v2\/product_tag?post=56038"}],"curies":[{"name":"wp","href":"https:\/\/api.w.org\/{rel}","templated":true}]}}