{"id":56070,"date":"2026-03-30T06:28:51","date_gmt":"2026-03-30T06:28:51","guid":{"rendered":"https:\/\/jnksport.com\/?post_type=product&#038;p=56070"},"modified":"2026-04-29T22:32:19","modified_gmt":"2026-04-29T22:32:19","slug":"zapatillas-adidas-eclyptix-2000-ji4541-hombre","status":"publish","type":"product","link":"https:\/\/jnksport.com\/en\/product\/zapatillas-adidas-eclyptix-2000-ji4541-hombre\/","title":{"rendered":"Zapatillas Adidas ECLYPTIX 2000 JI4541 Hombre"},"content":{"rendered":"<div>\n<div>Tenis c\u00f3modos hechos parcialmente con materiales reciclados<br \/>\nS\u00fabete a la ola del estilo running retro con estos tenis adidas. Inspirados en los a\u00f1os 2000, una era ic\u00f3nica que sent\u00f3 las bases de la cultura del calzado de hoy, ofrecen una mezcla perfecta de nostalgia y comodidad para el d\u00eda a d\u00eda. La mediasuela Cloudfoam amortigua cada paso con su suavidad y acolchado. El aire fluye libremente a trav\u00e9s del exterior transpirable de malla y material sint\u00e9tico, manteniendo tus pies frescos sin importar si est\u00e1s pateando el pavimento o descansando.<\/p>\n<p>Este producto contiene al menos un 20 % de material reciclado. Utilizando materiales reciclados disminuimos los residuos, nuestra dependencia de los recursos finitos y la huella que generan los productos que fabricamos.<\/p><\/div>\n<\/div>\n<ul>\n<li>Marca: Adidas<\/li>\n<li>Codigo: JI4541<\/li>\n<li>Modelo: ECLYPTIX 2000<\/li>\n<li>G\u00e9nero: Hombre<\/li>\n<li>Estilo: Deportivo<\/li>\n<li>Cierre: Cordones<\/li>\n<li>Material: Textil<\/li>\n<li>Color: Blanco<\/li>\n<li>Material de la Suela: Caucho<\/li>\n<\/ul>","protected":false},"excerpt":{"rendered":"<p>Tenis c\u00f3modos hechos parcialmente con materiales reciclados S\u00fabete a la ola del estilo running retro con estos tenis adidas. Inspirados en los a\u00f1os 2000, una&#8230;<\/p>","protected":false},"featured_media":55508,"comment_status":"open","ping_status":"closed","template":"","meta":{"om_disable_all_campaigns":false,"_monsterinsights_skip_tracking":false,"_monsterinsights_sitenote_active":false,"_monsterinsights_sitenote_note":"","_monsterinsights_sitenote_category":0,"_uf_show_specific_survey":0,"_uf_disable_surveys":false,"_joinchat":[]},"etheme_brands":[],"product_brand":[],"product_cat":[19],"product_tag":[],"class_list":{"0":"post-56070","1":"product","2":"type-product","3":"status-publish","4":"has-post-thumbnail","6":"product_cat-hombre","7":"product_shipping_class-envio-a-lima-y-provincia","9":"first","10":"instock","11":"featured","12":"shipping-taxable","13":"purchasable","14":"product-type-variable"},"aioseo_notices":[],"_links":{"self":[{"href":"https:\/\/jnksport.com\/en\/wp-json\/wp\/v2\/product\/56070","targetHints":{"allow":["GET"]}}],"collection":[{"href":"https:\/\/jnksport.com\/en\/wp-json\/wp\/v2\/product"}],"about":[{"href":"https:\/\/jnksport.com\/en\/wp-json\/wp\/v2\/types\/product"}],"replies":[{"embeddable":true,"href":"https:\/\/jnksport.com\/en\/wp-json\/wp\/v2\/comments?post=56070"}],"version-history":[{"count":0,"href":"https:\/\/jnksport.com\/en\/wp-json\/wp\/v2\/product\/56070\/revisions"}],"wp:featuredmedia":[{"embeddable":true,"href":"https:\/\/jnksport.com\/en\/wp-json\/wp\/v2\/media\/55508"}],"wp:attachment":[{"href":"https:\/\/jnksport.com\/en\/wp-json\/wp\/v2\/media?parent=56070"}],"wp:term":[{"taxonomy":"brand","embeddable":true,"href":"https:\/\/jnksport.com\/en\/wp-json\/wp\/v2\/etheme_brands?post=56070"},{"taxonomy":"product_brand","embeddable":true,"href":"https:\/\/jnksport.com\/en\/wp-json\/wp\/v2\/product_brand?post=56070"},{"taxonomy":"product_cat","embeddable":true,"href":"https:\/\/jnksport.com\/en\/wp-json\/wp\/v2\/product_cat?post=56070"},{"taxonomy":"product_tag","embeddable":true,"href":"https:\/\/jnksport.com\/en\/wp-json\/wp\/v2\/product_tag?post=56070"}],"curies":[{"name":"wp","href":"https:\/\/api.w.org\/{rel}","templated":true}]}}