{"id":56071,"date":"2026-03-30T06:28:51","date_gmt":"2026-03-30T06:28:51","guid":{"rendered":"https:\/\/jnksport.com\/?post_type=product&#038;p=56071"},"modified":"2026-04-11T17:03:31","modified_gmt":"2026-04-11T17:03:31","slug":"zapatillas-adidas-campus-00s-jp9997-hombre","status":"publish","type":"product","link":"https:\/\/jnksport.com\/en\/product\/zapatillas-adidas-campus-00s-jp9997-hombre\/","title":{"rendered":"Zapatillas Adidas Campus 00s JP9997 Hombre"},"content":{"rendered":"<div>\n<div>Zapatillas Campus ultra vers\u00e1tiles que combinan con cualquier outfit<br \/>\nLas adidas Campus 00s de corte bajo est\u00e1n inspiradas en un \u00edcono de los a\u00f1os 80 y actualizadas para el mundo de hoy. El exterior de cuero suave con l\u00edneas de costura m\u00ednimas crea un perfil simple pero llamativo, mientras que la suela de caucho con dise\u00f1o de espiga te mantiene firme en el suelo. El detalle de letras doradas a\u00f1ade un toque de estilo, y el forro textil hace que sean muy c\u00f3modas de poner. Vers\u00e1tiles y listos para cualquier look, estas zapatillas combinan un dise\u00f1o ic\u00f3nico con un estilo moderno para un par atemporal que querr\u00e1s usar todos los d\u00edas.<\/div>\n<\/div>\n<ul>\n<li>Marca: Adidas<\/li>\n<li>Codigo: JP9997<\/li>\n<li>Modelo: Campus 00s<\/li>\n<li>G\u00e9nero: Hombre<\/li>\n<li>Estilo: Urbano<\/li>\n<li>Cierre: Cordones<\/li>\n<li>Material: Cuero<\/li>\n<li>Color: Negro<\/li>\n<li>Material de la Suela: Caucho<\/li>\n<\/ul>","protected":false},"excerpt":{"rendered":"<p>Zapatillas Campus ultra vers\u00e1tiles que combinan con cualquier outfit Las adidas Campus 00s de corte bajo est\u00e1n inspiradas en un \u00edcono de los a\u00f1os 80&#8230;<\/p>","protected":false},"featured_media":55513,"comment_status":"open","ping_status":"closed","template":"","meta":{"om_disable_all_campaigns":false,"_monsterinsights_skip_tracking":false,"_monsterinsights_sitenote_active":false,"_monsterinsights_sitenote_note":"","_monsterinsights_sitenote_category":0,"_uf_show_specific_survey":0,"_uf_disable_surveys":false,"_joinchat":[]},"etheme_brands":[],"product_brand":[],"product_cat":[19],"product_tag":[],"class_list":{"0":"post-56071","1":"product","2":"type-product","3":"status-publish","4":"has-post-thumbnail","6":"product_cat-hombre","7":"product_shipping_class-envio-a-lima-y-provincia","9":"first","10":"instock","11":"sale","12":"featured","13":"shipping-taxable","14":"purchasable","15":"product-type-variable"},"aioseo_notices":[],"_links":{"self":[{"href":"https:\/\/jnksport.com\/en\/wp-json\/wp\/v2\/product\/56071","targetHints":{"allow":["GET"]}}],"collection":[{"href":"https:\/\/jnksport.com\/en\/wp-json\/wp\/v2\/product"}],"about":[{"href":"https:\/\/jnksport.com\/en\/wp-json\/wp\/v2\/types\/product"}],"replies":[{"embeddable":true,"href":"https:\/\/jnksport.com\/en\/wp-json\/wp\/v2\/comments?post=56071"}],"version-history":[{"count":0,"href":"https:\/\/jnksport.com\/en\/wp-json\/wp\/v2\/product\/56071\/revisions"}],"wp:featuredmedia":[{"embeddable":true,"href":"https:\/\/jnksport.com\/en\/wp-json\/wp\/v2\/media\/55513"}],"wp:attachment":[{"href":"https:\/\/jnksport.com\/en\/wp-json\/wp\/v2\/media?parent=56071"}],"wp:term":[{"taxonomy":"brand","embeddable":true,"href":"https:\/\/jnksport.com\/en\/wp-json\/wp\/v2\/etheme_brands?post=56071"},{"taxonomy":"product_brand","embeddable":true,"href":"https:\/\/jnksport.com\/en\/wp-json\/wp\/v2\/product_brand?post=56071"},{"taxonomy":"product_cat","embeddable":true,"href":"https:\/\/jnksport.com\/en\/wp-json\/wp\/v2\/product_cat?post=56071"},{"taxonomy":"product_tag","embeddable":true,"href":"https:\/\/jnksport.com\/en\/wp-json\/wp\/v2\/product_tag?post=56071"}],"curies":[{"name":"wp","href":"https:\/\/api.w.org\/{rel}","templated":true}]}}