{"id":56072,"date":"2026-03-30T06:28:51","date_gmt":"2026-03-30T06:28:51","guid":{"rendered":"https:\/\/jnksport.com\/?post_type=product&#038;p=56072"},"modified":"2026-04-25T19:59:47","modified_gmt":"2026-04-25T19:59:47","slug":"zapatillas-adidas-hoops-40-cf-c-jq7863-ninos","status":"publish","type":"product","link":"https:\/\/jnksport.com\/en\/product\/zapatillas-adidas-hoops-40-cf-c-jq7863-ninos\/","title":{"rendered":"Zapatillas Adidas HOOPS 40 CF C JQ7863 Ni\u00f1os"},"content":{"rendered":"<div>\n<div>Inspiradas en modelos cl\u00e1sicos de b\u00e1squet, estas zapatillas adidas lucen un dise\u00f1o vers\u00e1til que encaja a la perfecci\u00f3n en tu rutina diaria. La silueta de corte bajo y el exterior de cuero sint\u00e9tico las hacen muy f\u00e1ciles de combinar. Las tiras ajustables de cierre por contacto hacen que sean f\u00e1ciles de poner y quitar. La suela tipo cupsole de caucho se inspira en los modelos cl\u00e1sicos de b\u00e1squet.<\/div>\n<\/div>\n<ul>\n<li>Marca: Adidas<\/li>\n<li>Codigo: JQ7863<\/li>\n<li>Modelo: HOOPS 40 CF C<\/li>\n<li>G\u00e9nero: Ni\u00f1os<\/li>\n<li>Estilo: Urbano<\/li>\n<li>Cierre: Cordones<\/li>\n<li>Material: Cuero<\/li>\n<li>Color: Blanco<\/li>\n<li>Material de la Suela: Caucho<\/li>\n<\/ul>","protected":false},"excerpt":{"rendered":"<p>Inspiradas en modelos cl\u00e1sicos de b\u00e1squet, estas zapatillas adidas lucen un dise\u00f1o vers\u00e1til que encaja a la perfecci\u00f3n en tu rutina diaria. La silueta de&#8230;<\/p>","protected":false},"featured_media":55518,"comment_status":"open","ping_status":"closed","template":"","meta":{"om_disable_all_campaigns":false,"_monsterinsights_skip_tracking":false,"_monsterinsights_sitenote_active":false,"_monsterinsights_sitenote_note":"","_monsterinsights_sitenote_category":0,"_uf_show_specific_survey":0,"_uf_disable_surveys":false,"_joinchat":[]},"etheme_brands":[],"product_brand":[],"product_cat":[159],"product_tag":[],"class_list":{"0":"post-56072","1":"product","2":"type-product","3":"status-publish","4":"has-post-thumbnail","6":"product_cat-ninos","7":"product_shipping_class-envio-a-lima-y-provincia","9":"first","10":"instock","11":"sale","12":"featured","13":"shipping-taxable","14":"purchasable","15":"product-type-variable"},"aioseo_notices":[],"_links":{"self":[{"href":"https:\/\/jnksport.com\/en\/wp-json\/wp\/v2\/product\/56072","targetHints":{"allow":["GET"]}}],"collection":[{"href":"https:\/\/jnksport.com\/en\/wp-json\/wp\/v2\/product"}],"about":[{"href":"https:\/\/jnksport.com\/en\/wp-json\/wp\/v2\/types\/product"}],"replies":[{"embeddable":true,"href":"https:\/\/jnksport.com\/en\/wp-json\/wp\/v2\/comments?post=56072"}],"version-history":[{"count":0,"href":"https:\/\/jnksport.com\/en\/wp-json\/wp\/v2\/product\/56072\/revisions"}],"wp:featuredmedia":[{"embeddable":true,"href":"https:\/\/jnksport.com\/en\/wp-json\/wp\/v2\/media\/55518"}],"wp:attachment":[{"href":"https:\/\/jnksport.com\/en\/wp-json\/wp\/v2\/media?parent=56072"}],"wp:term":[{"taxonomy":"brand","embeddable":true,"href":"https:\/\/jnksport.com\/en\/wp-json\/wp\/v2\/etheme_brands?post=56072"},{"taxonomy":"product_brand","embeddable":true,"href":"https:\/\/jnksport.com\/en\/wp-json\/wp\/v2\/product_brand?post=56072"},{"taxonomy":"product_cat","embeddable":true,"href":"https:\/\/jnksport.com\/en\/wp-json\/wp\/v2\/product_cat?post=56072"},{"taxonomy":"product_tag","embeddable":true,"href":"https:\/\/jnksport.com\/en\/wp-json\/wp\/v2\/product_tag?post=56072"}],"curies":[{"name":"wp","href":"https:\/\/api.w.org\/{rel}","templated":true}]}}