{"id":56073,"date":"2026-03-30T06:28:51","date_gmt":"2026-03-30T06:28:51","guid":{"rendered":"https:\/\/jnksport.com\/?post_type=product&#038;p=56073"},"modified":"2026-04-25T19:59:47","modified_gmt":"2026-04-25T19:59:47","slug":"zapatillas-adidas-streettalk-jq8599-ninos","status":"publish","type":"product","link":"https:\/\/jnksport.com\/en\/product\/zapatillas-adidas-streettalk-jq8599-ninos\/","title":{"rendered":"Zapatillas Adidas Streettalk JQ8599 Ni\u00f1os"},"content":{"rendered":"<div>\n<div>Zapatillas cl\u00e1sicas con puntera y ajuste holgado para ni\u00f1os activos.<br \/>\nYa sea para correr por el parque o descansar en casa, estas zapatillas infantiles de adidas mantienen a los ni\u00f1os c\u00f3modos y con estilo. La suela de caucho se agarra al suelo mientras se mueven, y el exterior de material sint\u00e9tico con puntera de caucho ofrece una mayor durabilidad. Las tiras ajustables de cierre por contacto hacen que sean f\u00e1ciles de poner y quitar para que tu peque\u00f1o est\u00e9 listo para la aventura en cualquier momento.<\/p>\n<p>Horma ancha<br \/>\nSistema de amarre de pasadores y tira ajustable de cierre por contacto<br \/>\nExterior de material sint\u00e9tico<br \/>\nForro interno de tela<br \/>\nSuela de caucho<br \/>\nColor del art\u00edculo: Cloud White \/ Bliss Lilac \/ Halo Mint<\/p>\n<\/div>\n<\/div>\n<ul>\n<li>Marca: Adidas<\/li>\n<li>Codigo: JQ8599<\/li>\n<li>Modelo: Streettalk<\/li>\n<li>G\u00e9nero: Ni\u00f1os<\/li>\n<li>Estilo: Urbano<\/li>\n<li>Cierre: Cordones<\/li>\n<li>Material: Cuero<\/li>\n<li>Color: Blanco<\/li>\n<li>Material de la Suela: Caucho<\/li>\n<\/ul>","protected":false},"excerpt":{"rendered":"<p>Zapatillas cl\u00e1sicas con puntera y ajuste holgado para ni\u00f1os activos. Ya sea para correr por el parque o descansar en casa, estas zapatillas infantiles de&#8230;<\/p>","protected":false},"featured_media":55523,"comment_status":"open","ping_status":"closed","template":"","meta":{"om_disable_all_campaigns":false,"_monsterinsights_skip_tracking":false,"_monsterinsights_sitenote_active":false,"_monsterinsights_sitenote_note":"","_monsterinsights_sitenote_category":0,"_uf_show_specific_survey":0,"_uf_disable_surveys":false,"_joinchat":[]},"etheme_brands":[],"product_brand":[],"product_cat":[159],"product_tag":[],"class_list":{"0":"post-56073","1":"product","2":"type-product","3":"status-publish","4":"has-post-thumbnail","6":"product_cat-ninos","7":"product_shipping_class-envio-a-lima-y-provincia","9":"first","10":"instock","11":"sale","12":"featured","13":"shipping-taxable","14":"purchasable","15":"product-type-variable"},"aioseo_notices":[],"_links":{"self":[{"href":"https:\/\/jnksport.com\/en\/wp-json\/wp\/v2\/product\/56073","targetHints":{"allow":["GET"]}}],"collection":[{"href":"https:\/\/jnksport.com\/en\/wp-json\/wp\/v2\/product"}],"about":[{"href":"https:\/\/jnksport.com\/en\/wp-json\/wp\/v2\/types\/product"}],"replies":[{"embeddable":true,"href":"https:\/\/jnksport.com\/en\/wp-json\/wp\/v2\/comments?post=56073"}],"version-history":[{"count":0,"href":"https:\/\/jnksport.com\/en\/wp-json\/wp\/v2\/product\/56073\/revisions"}],"wp:featuredmedia":[{"embeddable":true,"href":"https:\/\/jnksport.com\/en\/wp-json\/wp\/v2\/media\/55523"}],"wp:attachment":[{"href":"https:\/\/jnksport.com\/en\/wp-json\/wp\/v2\/media?parent=56073"}],"wp:term":[{"taxonomy":"brand","embeddable":true,"href":"https:\/\/jnksport.com\/en\/wp-json\/wp\/v2\/etheme_brands?post=56073"},{"taxonomy":"product_brand","embeddable":true,"href":"https:\/\/jnksport.com\/en\/wp-json\/wp\/v2\/product_brand?post=56073"},{"taxonomy":"product_cat","embeddable":true,"href":"https:\/\/jnksport.com\/en\/wp-json\/wp\/v2\/product_cat?post=56073"},{"taxonomy":"product_tag","embeddable":true,"href":"https:\/\/jnksport.com\/en\/wp-json\/wp\/v2\/product_tag?post=56073"}],"curies":[{"name":"wp","href":"https:\/\/api.w.org\/{rel}","templated":true}]}}