{"id":56103,"date":"2026-03-30T06:28:53","date_gmt":"2026-03-30T06:28:53","guid":{"rendered":"https:\/\/jnksport.com\/producto\/zapatillas-adidas-senderismo-eastrail-2-0-jr2712-mujer\/"},"modified":"2026-03-30T06:28:57","modified_gmt":"2026-03-30T06:28:57","slug":"zapatillas-adidas-senderismo-eastrail-2-0-jr2712-mujer","status":"publish","type":"product","link":"https:\/\/jnksport.com\/en\/product\/zapatillas-adidas-senderismo-eastrail-2-0-jr2712-mujer\/","title":{"rendered":"Zapatillas Adidas Senderismo Eastrail 2.0 JR2712 Mujer"},"content":{"rendered":"<div>\n<div>Zapatillas de senderismo ligeras y resistentes hechas parcialmente con materiales reciclados.<br \/>\nDisfruta de la vista. Camina hasta una cascada. Cruza la ciudad. Siente la libertad de caminar con comodidad con estas zapatillas de senderismo adidas. Revestimientos resistentes a la abrasi\u00f3n sobre un exterior de malla transpirable resisten los ara\u00f1azos y raspones de las grandes aventuras, mientras que la amortiguaci\u00f3n liviana proporciona comodidad a cada paso. Incluso en terrenos complicados, la suela Traxion garantiza una pisada segura.<\/p>\n<p>Este producto, hecho con una serie de materiales reciclados, cuenta con un exterior que incorpora al menos un 50 % de contenido reciclado. Este producto representa solo una de nuestras soluciones para poner fin a los residuos pl\u00e1sticos.<\/p><\/div>\n<\/div>\n<ul>\n<li>Marca: Adidas<\/li>\n<li>Codigo: JR2712<\/li>\n<li>Modelo: Senderismo Eastrail 2.0<\/li>\n<li>G\u00e9nero: Mujer<\/li>\n<li>Estilo: Deportivo<\/li>\n<li>Cierre: Cordones<\/li>\n<li>Material: Textil<\/li>\n<li>Color: Gris<\/li>\n<li>Material de la Suela: Caucho<\/li>\n<\/ul>","protected":false},"excerpt":{"rendered":"<p>Zapatillas de senderismo ligeras y resistentes hechas parcialmente con materiales reciclados. Disfruta de la vista. Camina hasta una cascada. Cruza la ciudad. Siente la libertad&#8230;<\/p>","protected":false},"featured_media":55528,"comment_status":"open","ping_status":"closed","template":"","meta":{"om_disable_all_campaigns":false,"_monsterinsights_skip_tracking":false,"_monsterinsights_sitenote_active":false,"_monsterinsights_sitenote_note":"","_monsterinsights_sitenote_category":0,"_uf_show_specific_survey":0,"_uf_disable_surveys":false,"_joinchat":[]},"etheme_brands":[],"product_brand":[],"product_cat":[18],"product_tag":[],"class_list":{"0":"post-56103","1":"product","2":"type-product","3":"status-publish","4":"has-post-thumbnail","6":"product_cat-mujer","7":"product_shipping_class-envio-a-lima-y-provincia","9":"first","10":"instock","11":"sale","12":"featured","13":"shipping-taxable","14":"purchasable","15":"product-type-variable"},"aioseo_notices":[],"_links":{"self":[{"href":"https:\/\/jnksport.com\/en\/wp-json\/wp\/v2\/product\/56103","targetHints":{"allow":["GET"]}}],"collection":[{"href":"https:\/\/jnksport.com\/en\/wp-json\/wp\/v2\/product"}],"about":[{"href":"https:\/\/jnksport.com\/en\/wp-json\/wp\/v2\/types\/product"}],"replies":[{"embeddable":true,"href":"https:\/\/jnksport.com\/en\/wp-json\/wp\/v2\/comments?post=56103"}],"version-history":[{"count":0,"href":"https:\/\/jnksport.com\/en\/wp-json\/wp\/v2\/product\/56103\/revisions"}],"wp:featuredmedia":[{"embeddable":true,"href":"https:\/\/jnksport.com\/en\/wp-json\/wp\/v2\/media\/55528"}],"wp:attachment":[{"href":"https:\/\/jnksport.com\/en\/wp-json\/wp\/v2\/media?parent=56103"}],"wp:term":[{"taxonomy":"brand","embeddable":true,"href":"https:\/\/jnksport.com\/en\/wp-json\/wp\/v2\/etheme_brands?post=56103"},{"taxonomy":"product_brand","embeddable":true,"href":"https:\/\/jnksport.com\/en\/wp-json\/wp\/v2\/product_brand?post=56103"},{"taxonomy":"product_cat","embeddable":true,"href":"https:\/\/jnksport.com\/en\/wp-json\/wp\/v2\/product_cat?post=56103"},{"taxonomy":"product_tag","embeddable":true,"href":"https:\/\/jnksport.com\/en\/wp-json\/wp\/v2\/product_tag?post=56103"}],"curies":[{"name":"wp","href":"https:\/\/api.w.org\/{rel}","templated":true}]}}