{"id":56104,"date":"2026-03-30T06:28:55","date_gmt":"2026-03-30T06:28:55","guid":{"rendered":"https:\/\/jnksport.com\/?post_type=product&#038;p=56104"},"modified":"2026-04-25T19:59:47","modified_gmt":"2026-04-25T19:59:47","slug":"zapatillas-adidas-turnaround-jr4068-mujer","status":"publish","type":"product","link":"https:\/\/jnksport.com\/en\/product\/zapatillas-adidas-turnaround-jr4068-mujer\/","title":{"rendered":"Zapatillas Adidas Turnaround JR4068 Mujer"},"content":{"rendered":"<div>\n<div>Zapatillas deportivas inspiradas en el aro de b\u00e1squet con suela de plataforma para realzar tu silueta.<br \/>\nEstas zapatillas adidas elevar\u00e1n tu estilo hasta la \u00faltima moda. La mediasuela de plataforma agrega elevaci\u00f3n y un aire retro. La combinaci\u00f3n de materiales sint\u00e9ticos en el exterior crea un look elegante y lo suficientemente vers\u00e1til como para llevarlo a diario. El dise\u00f1o cl\u00e1sico inspirado en el b\u00e1squet se renueva con una perspectiva moderna, con paneles superpuestos que le dan un estilo voluminoso.<\/p>\n<p>Corte cl\u00e1sico<br \/>\nSistema de amarre de pasadores<br \/>\nExterior de material sint\u00e9tico<br \/>\nForro interno de tela<br \/>\nSuela de caucho<br \/>\nColor del art\u00edculo: Core Black \/ Cloud White \/ Core Black<\/p><\/div>\n<\/div>\n<ul>\n<li>Marca: Adidas<\/li>\n<li>Codigo: JR4068<\/li>\n<li>Modelo: Turnaround<\/li>\n<li>G\u00e9nero: Mujer<\/li>\n<li>Estilo: Urbano<\/li>\n<li>Cierre: Cordones<\/li>\n<li>Material: Cuero<\/li>\n<li>Color: Negro<\/li>\n<li>Material de la Suela: Caucho<\/li>\n<\/ul>","protected":false},"excerpt":{"rendered":"<p>Zapatillas deportivas inspiradas en el aro de b\u00e1squet con suela de plataforma para realzar tu silueta. Estas zapatillas adidas elevar\u00e1n tu estilo hasta la \u00faltima&#8230;<\/p>","protected":false},"featured_media":55533,"comment_status":"open","ping_status":"closed","template":"","meta":{"om_disable_all_campaigns":false,"_monsterinsights_skip_tracking":false,"_monsterinsights_sitenote_active":false,"_monsterinsights_sitenote_note":"","_monsterinsights_sitenote_category":0,"_uf_show_specific_survey":0,"_uf_disable_surveys":false,"_joinchat":[]},"etheme_brands":[],"product_brand":[],"product_cat":[18],"product_tag":[],"class_list":{"0":"post-56104","1":"product","2":"type-product","3":"status-publish","4":"has-post-thumbnail","6":"product_cat-mujer","7":"product_shipping_class-envio-a-lima-y-provincia","9":"first","10":"instock","11":"sale","12":"featured","13":"shipping-taxable","14":"purchasable","15":"product-type-variable"},"aioseo_notices":[],"_links":{"self":[{"href":"https:\/\/jnksport.com\/en\/wp-json\/wp\/v2\/product\/56104","targetHints":{"allow":["GET"]}}],"collection":[{"href":"https:\/\/jnksport.com\/en\/wp-json\/wp\/v2\/product"}],"about":[{"href":"https:\/\/jnksport.com\/en\/wp-json\/wp\/v2\/types\/product"}],"replies":[{"embeddable":true,"href":"https:\/\/jnksport.com\/en\/wp-json\/wp\/v2\/comments?post=56104"}],"version-history":[{"count":0,"href":"https:\/\/jnksport.com\/en\/wp-json\/wp\/v2\/product\/56104\/revisions"}],"wp:featuredmedia":[{"embeddable":true,"href":"https:\/\/jnksport.com\/en\/wp-json\/wp\/v2\/media\/55533"}],"wp:attachment":[{"href":"https:\/\/jnksport.com\/en\/wp-json\/wp\/v2\/media?parent=56104"}],"wp:term":[{"taxonomy":"brand","embeddable":true,"href":"https:\/\/jnksport.com\/en\/wp-json\/wp\/v2\/etheme_brands?post=56104"},{"taxonomy":"product_brand","embeddable":true,"href":"https:\/\/jnksport.com\/en\/wp-json\/wp\/v2\/product_brand?post=56104"},{"taxonomy":"product_cat","embeddable":true,"href":"https:\/\/jnksport.com\/en\/wp-json\/wp\/v2\/product_cat?post=56104"},{"taxonomy":"product_tag","embeddable":true,"href":"https:\/\/jnksport.com\/en\/wp-json\/wp\/v2\/product_tag?post=56104"}],"curies":[{"name":"wp","href":"https:\/\/api.w.org\/{rel}","templated":true}]}}