{"id":56131,"date":"2026-03-30T06:57:57","date_gmt":"2026-03-30T06:57:57","guid":{"rendered":"https:\/\/jnksport.com\/?post_type=product&#038;p=56131"},"modified":"2026-04-29T22:32:19","modified_gmt":"2026-04-29T22:32:19","slug":"zapatillas-joma-mundial-munw2501tf-hombre","status":"publish","type":"product","link":"https:\/\/jnksport.com\/en\/product\/zapatillas-joma-mundial-munw2501tf-hombre\/","title":{"rendered":"Zapatillas Joma Mundial MUNW2501TF Hombre"},"content":{"rendered":"<div>\n<div>Zapatillas de futbol para cesped sint\u00e9tico Mundial Turf dise\u00f1adas para quienes buscan un calzado cl\u00e1sico con cuero de primera calidad que mejora el contacto con el bal\u00f3n, incluyen partes de malla y perforaciones con tecnolog\u00eda VTS para ventilaci\u00f3n, puntera reforzada PROTECTION para mayor durabilidad, plantilla termoformada de EVA que absorbe impactos, entresuela de phylon flexible con ranuras que permiten una transici\u00f3n natural del tal\u00f3n al metatarso mediante tecnolog\u00eda FLEXO, y suela de goma DURABILITY resistente a la abrasi\u00f3n en superficies sint\u00e9ticas.<\/p>\n<\/div>\n<\/div>\n<ul>\n<li>Marca: Joma<\/li>\n<li>Codigo: MUNW2501TF<\/li>\n<li>Modelo: Mundial<\/li>\n<li>G\u00e9nero: Hombre<\/li>\n<li>Estilo: Deportivo<\/li>\n<li>Cierre: Cordones<\/li>\n<li>Material: Cuero<\/li>\n<li>Color: Negro<\/li>\n<li>Material de la Suela: Goma<\/li>\n<\/ul>","protected":false},"excerpt":{"rendered":"<p>Zapatillas de futbol para cesped sint\u00e9tico Mundial Turf dise\u00f1adas para quienes buscan un calzado cl\u00e1sico con cuero de primera calidad que mejora el contacto con&#8230;<\/p>","protected":false},"featured_media":56170,"comment_status":"open","ping_status":"closed","template":"","meta":{"om_disable_all_campaigns":false,"_monsterinsights_skip_tracking":false,"_monsterinsights_sitenote_active":false,"_monsterinsights_sitenote_note":"","_monsterinsights_sitenote_category":0,"_uf_show_specific_survey":0,"_uf_disable_surveys":false,"_joinchat":[]},"etheme_brands":[],"product_brand":[],"product_cat":[19],"product_tag":[],"class_list":{"0":"post-56131","1":"product","2":"type-product","3":"status-publish","4":"has-post-thumbnail","6":"product_cat-hombre","7":"product_shipping_class-envio-a-lima-y-provincia","9":"first","10":"instock","11":"sale","12":"featured","13":"shipping-taxable","14":"purchasable","15":"product-type-variable"},"aioseo_notices":[],"_links":{"self":[{"href":"https:\/\/jnksport.com\/en\/wp-json\/wp\/v2\/product\/56131","targetHints":{"allow":["GET"]}}],"collection":[{"href":"https:\/\/jnksport.com\/en\/wp-json\/wp\/v2\/product"}],"about":[{"href":"https:\/\/jnksport.com\/en\/wp-json\/wp\/v2\/types\/product"}],"replies":[{"embeddable":true,"href":"https:\/\/jnksport.com\/en\/wp-json\/wp\/v2\/comments?post=56131"}],"version-history":[{"count":0,"href":"https:\/\/jnksport.com\/en\/wp-json\/wp\/v2\/product\/56131\/revisions"}],"wp:featuredmedia":[{"embeddable":true,"href":"https:\/\/jnksport.com\/en\/wp-json\/wp\/v2\/media\/56170"}],"wp:attachment":[{"href":"https:\/\/jnksport.com\/en\/wp-json\/wp\/v2\/media?parent=56131"}],"wp:term":[{"taxonomy":"brand","embeddable":true,"href":"https:\/\/jnksport.com\/en\/wp-json\/wp\/v2\/etheme_brands?post=56131"},{"taxonomy":"product_brand","embeddable":true,"href":"https:\/\/jnksport.com\/en\/wp-json\/wp\/v2\/product_brand?post=56131"},{"taxonomy":"product_cat","embeddable":true,"href":"https:\/\/jnksport.com\/en\/wp-json\/wp\/v2\/product_cat?post=56131"},{"taxonomy":"product_tag","embeddable":true,"href":"https:\/\/jnksport.com\/en\/wp-json\/wp\/v2\/product_tag?post=56131"}],"curies":[{"name":"wp","href":"https:\/\/api.w.org\/{rel}","templated":true}]}}