{"id":56176,"date":"2026-03-30T07:01:29","date_gmt":"2026-03-30T07:01:29","guid":{"rendered":"https:\/\/jnksport.com\/?post_type=product&#038;p=56176"},"modified":"2026-04-11T17:03:37","modified_gmt":"2026-04-11T17:03:37","slug":"zapatillas-joma-top-flex-rebound-torw2517in-hombre","status":"publish","type":"product","link":"https:\/\/jnksport.com\/en\/product\/zapatillas-joma-top-flex-rebound-torw2517in-hombre\/","title":{"rendered":"Zapatillas Joma Top Flex Rebound TORW2517IN Hombre"},"content":{"rendered":"<div>\n<div>Zapatilla de f\u00fatbol sala dise\u00f1ada para competir al m\u00e1s alto nivel. Las Top Flex Rebound proporcionan una amortiguaci\u00f3n y reactividad superiores. Comodidad y rendimiento totalmente asegurados en el futsal profesional. Por eso, conf\u00edan en ellas jugadores de \u00e9lite como Ferr\u00e3o.<\/p>\n<p>Su construcci\u00f3n en piel proporciona una combinaci\u00f3n ideal de confort y durabilidad. Su flexibilidad la hace adaptarse al pie, mejorando la sensibilidad y el control del bal\u00f3n. Adem\u00e1s ofrece una excelente transpirabilidad para mantener el pie fresco y su superficie suave reduce la fricci\u00f3n, minimizando el riesgo de ampollas. Adem\u00e1s, es resistente al desgaste y la abrasi\u00f3n, lo que la convierte en una opci\u00f3n perfecta para el juego en interiores.<\/p>\n<p>Refuerzo PROTECTION en la puntera.<\/p>\n<p>Esta zapatilla tiene un doble compuesto en la mediasuela combinando Reactive Ball y phylon. El Reactive Ball, es uno de los compuestos con m\u00e1s capacidad de amortiguar los impactos, mientras que el phylon refuerza la estabilidad y la reactividad de la zapatilla.<\/p>\n<p>La suela de caucho DURABILITY est\u00e1 dise\u00f1ada para ofrecer una resistencia excepcional y un rendimiento \u00f3ptimo en la cancha. Su estructura espec\u00edfica para indoor proporciona un agarre superior y una tracci\u00f3n eficaz en superficies interiores, permitiendo movimientos r\u00e1pidos y precisos. Adem\u00e1s, su durabilidad garantiza que las zapatillas soporten el desgaste del juego intenso, ofreciendo una larga vida \u00fatil sin comprometer el rendimiento.<\/p><\/div>\n<\/div>\n<ul>\n<li>Marca: Joma<\/li>\n<li>Codigo: TORW2517IN<\/li>\n<li>Modelo: Top Flex Rebound<\/li>\n<li>G\u00e9nero: Hombre<\/li>\n<li>Estilo: Deportivo<\/li>\n<li>Cierre: Cordones<\/li>\n<li>Material: Cuero<\/li>\n<li>Color: Verde<\/li>\n<li>Material de la Suela: Caucho<\/li>\n<\/ul>","protected":false},"excerpt":{"rendered":"<p>Zapatilla de f\u00fatbol sala dise\u00f1ada para competir al m\u00e1s alto nivel. Las Top Flex Rebound proporcionan una amortiguaci\u00f3n y reactividad superiores. Comodidad y rendimiento totalmente&#8230;<\/p>","protected":false},"featured_media":56212,"comment_status":"open","ping_status":"closed","template":"","meta":{"om_disable_all_campaigns":false,"_monsterinsights_skip_tracking":false,"_monsterinsights_sitenote_active":false,"_monsterinsights_sitenote_note":"","_monsterinsights_sitenote_category":0,"_uf_show_specific_survey":0,"_uf_disable_surveys":false,"_joinchat":[]},"etheme_brands":[],"product_brand":[],"product_cat":[19],"product_tag":[],"class_list":{"0":"post-56176","1":"product","2":"type-product","3":"status-publish","4":"has-post-thumbnail","6":"product_cat-hombre","7":"product_shipping_class-envio-a-lima-y-provincia","9":"first","10":"instock","11":"sale","12":"featured","13":"shipping-taxable","14":"purchasable","15":"product-type-variable"},"aioseo_notices":[],"_links":{"self":[{"href":"https:\/\/jnksport.com\/en\/wp-json\/wp\/v2\/product\/56176","targetHints":{"allow":["GET"]}}],"collection":[{"href":"https:\/\/jnksport.com\/en\/wp-json\/wp\/v2\/product"}],"about":[{"href":"https:\/\/jnksport.com\/en\/wp-json\/wp\/v2\/types\/product"}],"replies":[{"embeddable":true,"href":"https:\/\/jnksport.com\/en\/wp-json\/wp\/v2\/comments?post=56176"}],"version-history":[{"count":0,"href":"https:\/\/jnksport.com\/en\/wp-json\/wp\/v2\/product\/56176\/revisions"}],"wp:featuredmedia":[{"embeddable":true,"href":"https:\/\/jnksport.com\/en\/wp-json\/wp\/v2\/media\/56212"}],"wp:attachment":[{"href":"https:\/\/jnksport.com\/en\/wp-json\/wp\/v2\/media?parent=56176"}],"wp:term":[{"taxonomy":"brand","embeddable":true,"href":"https:\/\/jnksport.com\/en\/wp-json\/wp\/v2\/etheme_brands?post=56176"},{"taxonomy":"product_brand","embeddable":true,"href":"https:\/\/jnksport.com\/en\/wp-json\/wp\/v2\/product_brand?post=56176"},{"taxonomy":"product_cat","embeddable":true,"href":"https:\/\/jnksport.com\/en\/wp-json\/wp\/v2\/product_cat?post=56176"},{"taxonomy":"product_tag","embeddable":true,"href":"https:\/\/jnksport.com\/en\/wp-json\/wp\/v2\/product_tag?post=56176"}],"curies":[{"name":"wp","href":"https:\/\/api.w.org\/{rel}","templated":true}]}}