{"id":56191,"date":"2026-03-30T07:02:07","date_gmt":"2026-03-30T07:02:07","guid":{"rendered":"https:\/\/jnksport.com\/?post_type=product&#038;p=56191"},"modified":"2026-04-11T17:03:37","modified_gmt":"2026-04-11T17:03:37","slug":"zapatillas-joma-top-flex-plus-touw2501in-hombre","status":"publish","type":"product","link":"https:\/\/jnksport.com\/en\/product\/zapatillas-joma-top-flex-plus-touw2501in-hombre\/","title":{"rendered":"Zapatillas Joma Top Flex Plus TOUW2501IN Hombre"},"content":{"rendered":"<div>\n<div>Zapatillas de futbol sala Top Flex Plus dise\u00f1adas para el m\u00e1s alto nivel de futsal con un equilibrio excepcional entre amortiguaci\u00f3n, reactividad y estabilidad; cuentan con parte superior en cuero flexible y duradero que mejora el control del bal\u00f3n y la ventilaci\u00f3n mediante tecnolog\u00eda VTS, refuerzo PROTECTION en la puntera, mediasuela de doble material que combina phylon y la tecnolog\u00eda REACTIVE BALL para absorber impactos y ofrecer respuesta reactiva, inserto STABILIS termopl\u00e1stico semirr\u00edgido que refuerza la estructura y ofrece estabilidad en movimientos laterales, y suela de caucho DURABILITY de alta resistencia a la abrasi\u00f3n que garantiza tracci\u00f3n en pista indoor sin dejar marcas en el suelo<\/p>\n<\/div>\n<\/div>\n<ul>\n<li>Marca: Joma<\/li>\n<li>Codigo: TOUW2501IN<\/li>\n<li>Modelo: Top Flex Plus<\/li>\n<li>G\u00e9nero: Hombre<\/li>\n<li>Estilo: Deportivo<\/li>\n<li>Cierre: Cordones<\/li>\n<li>Material: Cuero<\/li>\n<li>Color: Negro<\/li>\n<li>Material de la Suela: Caucho<\/li>\n<\/ul>","protected":false},"excerpt":{"rendered":"<p>Zapatillas de futbol sala Top Flex Plus dise\u00f1adas para el m\u00e1s alto nivel de futsal con un equilibrio excepcional entre amortiguaci\u00f3n, reactividad y estabilidad; cuentan&#8230;<\/p>","protected":false},"featured_media":56226,"comment_status":"open","ping_status":"closed","template":"","meta":{"om_disable_all_campaigns":false,"_monsterinsights_skip_tracking":false,"_monsterinsights_sitenote_active":false,"_monsterinsights_sitenote_note":"","_monsterinsights_sitenote_category":0,"_uf_show_specific_survey":0,"_uf_disable_surveys":false,"_joinchat":[]},"etheme_brands":[],"product_brand":[],"product_cat":[19],"product_tag":[],"class_list":{"0":"post-56191","1":"product","2":"type-product","3":"status-publish","4":"has-post-thumbnail","6":"product_cat-hombre","7":"product_shipping_class-envio-a-lima-y-provincia","9":"first","10":"instock","11":"sale","12":"featured","13":"shipping-taxable","14":"purchasable","15":"product-type-variable"},"aioseo_notices":[],"_links":{"self":[{"href":"https:\/\/jnksport.com\/en\/wp-json\/wp\/v2\/product\/56191","targetHints":{"allow":["GET"]}}],"collection":[{"href":"https:\/\/jnksport.com\/en\/wp-json\/wp\/v2\/product"}],"about":[{"href":"https:\/\/jnksport.com\/en\/wp-json\/wp\/v2\/types\/product"}],"replies":[{"embeddable":true,"href":"https:\/\/jnksport.com\/en\/wp-json\/wp\/v2\/comments?post=56191"}],"version-history":[{"count":0,"href":"https:\/\/jnksport.com\/en\/wp-json\/wp\/v2\/product\/56191\/revisions"}],"wp:featuredmedia":[{"embeddable":true,"href":"https:\/\/jnksport.com\/en\/wp-json\/wp\/v2\/media\/56226"}],"wp:attachment":[{"href":"https:\/\/jnksport.com\/en\/wp-json\/wp\/v2\/media?parent=56191"}],"wp:term":[{"taxonomy":"brand","embeddable":true,"href":"https:\/\/jnksport.com\/en\/wp-json\/wp\/v2\/etheme_brands?post=56191"},{"taxonomy":"product_brand","embeddable":true,"href":"https:\/\/jnksport.com\/en\/wp-json\/wp\/v2\/product_brand?post=56191"},{"taxonomy":"product_cat","embeddable":true,"href":"https:\/\/jnksport.com\/en\/wp-json\/wp\/v2\/product_cat?post=56191"},{"taxonomy":"product_tag","embeddable":true,"href":"https:\/\/jnksport.com\/en\/wp-json\/wp\/v2\/product_tag?post=56191"}],"curies":[{"name":"wp","href":"https:\/\/api.w.org\/{rel}","templated":true}]}}