{"id":56268,"date":"2026-03-30T07:28:38","date_gmt":"2026-03-30T07:28:38","guid":{"rendered":"https:\/\/jnksport.com\/?post_type=product&#038;p=56268"},"modified":"2026-04-29T22:32:19","modified_gmt":"2026-04-29T22:32:19","slug":"zapatillas-puma-darter-pro-310152-01-hombre","status":"publish","type":"product","link":"https:\/\/jnksport.com\/en\/product\/zapatillas-puma-darter-pro-310152-01-hombre\/","title":{"rendered":"Zapatillas Puma Darter Pro 310152-01 Hombre"},"content":{"rendered":"<div>\n<div>leva tu running al siguiente nivel con las Darter Pro. Cuentan con ProFoam para mejor capacidad de respuesta y una capellada en tejido de malla para mayor respirabilidad. Con sujeci\u00f3n en el mediopi\u00e9 y una suela duradera, podr\u00e1s correr con potencia cualquier distancia, en cualquier superficie. Experimenta rendimiento inigualable y calidad incomparable con estas nuevas zapatillas PUMA.<\/p>\n<p>CARACTER\u00cdSTICAS + BENEFICIOS<br \/>\nEmpeine fabricado con al menos un 20% de materiales reciclados<br \/>\nProFoam: Goma EVA liviana, dise\u00f1ada para amortiguar tu pisada e impulsar tu siguiente paso<br \/>\nDETALLES<br \/>\nCon cordones<br \/>\nEmpeine en tejido de malla de alta tecnolog\u00eda<br \/>\nSuela de goma en todo el largo<br \/>\nDrop de tal\u00f3n a punta: 6mm<br \/>\nProducto recomendado para su uso en superficies firmes y lisas<br \/>\nProducto recomendado para pies con pronaci\u00f3n neutra<\/p><\/div>\n<\/div>\n<ul>\n<li>Marca: Puma<\/li>\n<li>Codigo: 310152-01<\/li>\n<li>Modelo: Darter Pro<\/li>\n<li>G\u00e9nero: Hombre<\/li>\n<li>Estilo: Deportivo<\/li>\n<li>Cierre: Cordones<\/li>\n<li>Material: Textil<\/li>\n<li>Color: Negro<\/li>\n<li>Material de la Suela: Goma<\/li>\n<\/ul>","protected":false},"excerpt":{"rendered":"<p>leva tu running al siguiente nivel con las Darter Pro. Cuentan con ProFoam para mejor capacidad de respuesta y una capellada en tejido de malla&#8230;<\/p>","protected":false},"featured_media":56306,"comment_status":"open","ping_status":"closed","template":"","meta":{"om_disable_all_campaigns":false,"_monsterinsights_skip_tracking":false,"_monsterinsights_sitenote_active":false,"_monsterinsights_sitenote_note":"","_monsterinsights_sitenote_category":0,"_uf_show_specific_survey":0,"_uf_disable_surveys":false,"_joinchat":[]},"etheme_brands":[],"product_brand":[],"product_cat":[19],"product_tag":[],"class_list":{"0":"post-56268","1":"product","2":"type-product","3":"status-publish","4":"has-post-thumbnail","6":"product_cat-hombre","7":"product_shipping_class-envio-a-lima-y-provincia","9":"first","10":"instock","11":"sale","12":"featured","13":"shipping-taxable","14":"purchasable","15":"product-type-variable"},"aioseo_notices":[],"_links":{"self":[{"href":"https:\/\/jnksport.com\/en\/wp-json\/wp\/v2\/product\/56268","targetHints":{"allow":["GET"]}}],"collection":[{"href":"https:\/\/jnksport.com\/en\/wp-json\/wp\/v2\/product"}],"about":[{"href":"https:\/\/jnksport.com\/en\/wp-json\/wp\/v2\/types\/product"}],"replies":[{"embeddable":true,"href":"https:\/\/jnksport.com\/en\/wp-json\/wp\/v2\/comments?post=56268"}],"version-history":[{"count":0,"href":"https:\/\/jnksport.com\/en\/wp-json\/wp\/v2\/product\/56268\/revisions"}],"wp:featuredmedia":[{"embeddable":true,"href":"https:\/\/jnksport.com\/en\/wp-json\/wp\/v2\/media\/56306"}],"wp:attachment":[{"href":"https:\/\/jnksport.com\/en\/wp-json\/wp\/v2\/media?parent=56268"}],"wp:term":[{"taxonomy":"brand","embeddable":true,"href":"https:\/\/jnksport.com\/en\/wp-json\/wp\/v2\/etheme_brands?post=56268"},{"taxonomy":"product_brand","embeddable":true,"href":"https:\/\/jnksport.com\/en\/wp-json\/wp\/v2\/product_brand?post=56268"},{"taxonomy":"product_cat","embeddable":true,"href":"https:\/\/jnksport.com\/en\/wp-json\/wp\/v2\/product_cat?post=56268"},{"taxonomy":"product_tag","embeddable":true,"href":"https:\/\/jnksport.com\/en\/wp-json\/wp\/v2\/product_tag?post=56268"}],"curies":[{"name":"wp","href":"https:\/\/api.w.org\/{rel}","templated":true}]}}