{"id":56297,"date":"2026-03-30T07:31:24","date_gmt":"2026-03-30T07:31:24","guid":{"rendered":"https:\/\/jnksport.com\/?post_type=product&#038;p=56297"},"modified":"2026-04-20T15:30:33","modified_gmt":"2026-04-20T15:30:33","slug":"zapatillas-puma-velocity-nitro-3-377748-16-hombre","status":"publish","type":"product","link":"https:\/\/jnksport.com\/en\/product\/zapatillas-puma-velocity-nitro-3-377748-16-hombre\/","title":{"rendered":"Zapatillas Puma Velocity NITRO\u2122 3 377748-16 Hombre"},"content":{"rendered":"<div>\n<div>Con las PUMA Velocity NITRO\u2122 3, tomamos lo mejor de la industria y te lo traemos a ti. Estas zapatillas son pura velocidad y comodidad gracias a nuestra avanzada tecnolog\u00eda NITRO\u2122, que te ofrece una capacidad de respuesta y una amortiguaci\u00f3n superiores en un calzado liviano. Adem\u00e1s, con su aler\u00f3n en el tal\u00f3n, consigues un look con estilo y una estabilidad mejorada para pasos m\u00e1s seguros. Preparate para mejorar tus carreras con las Velocity NITRO\u2122 3.<\/p>\n<p>CARACTER\u00cdSTICAS + BENEFICIOS<br \/>\nNITROFOAM\u2122: Gomaespuma de avanzada, inyectada con nitr\u00f3geno encapsulado, dise\u00f1ada para brindar capacidad de respuesta y amortiguaci\u00f3n superiores en un calzado liviano<br \/>\nPUMAGRIP: Suela de goma aditivada de alta duraci\u00f3n, que proporciona la mejor tracci\u00f3n en m\u00faltiples superficies<\/p><\/div>\n<\/div>\n<ul>\n<li>Marca: Puma<\/li>\n<li>Codigo: 377748-16<\/li>\n<li>Modelo: Velocity NITRO\u2122 3<\/li>\n<li>G\u00e9nero: Hombre<\/li>\n<li>Estilo: Deportivo<\/li>\n<li>Cierre: Cordones<\/li>\n<li>Material: Textil<\/li>\n<li>Color: Negro<\/li>\n<li>Material de la Suela: Goma<\/li>\n<\/ul>","protected":false},"excerpt":{"rendered":"<p>Con las PUMA Velocity NITRO\u2122 3, tomamos lo mejor de la industria y te lo traemos a ti. Estas zapatillas son pura velocidad y comodidad&#8230;<\/p>","protected":false},"featured_media":56334,"comment_status":"open","ping_status":"closed","template":"","meta":{"om_disable_all_campaigns":false,"_monsterinsights_skip_tracking":false,"_monsterinsights_sitenote_active":false,"_monsterinsights_sitenote_note":"","_monsterinsights_sitenote_category":0,"_uf_show_specific_survey":0,"_uf_disable_surveys":false,"_joinchat":[]},"etheme_brands":[],"product_brand":[],"product_cat":[19],"product_tag":[],"class_list":{"0":"post-56297","1":"product","2":"type-product","3":"status-publish","4":"has-post-thumbnail","6":"product_cat-hombre","7":"product_shipping_class-envio-a-lima-y-provincia","9":"first","10":"instock","11":"sale","12":"featured","13":"shipping-taxable","14":"purchasable","15":"product-type-variable"},"aioseo_notices":[],"_links":{"self":[{"href":"https:\/\/jnksport.com\/en\/wp-json\/wp\/v2\/product\/56297","targetHints":{"allow":["GET"]}}],"collection":[{"href":"https:\/\/jnksport.com\/en\/wp-json\/wp\/v2\/product"}],"about":[{"href":"https:\/\/jnksport.com\/en\/wp-json\/wp\/v2\/types\/product"}],"replies":[{"embeddable":true,"href":"https:\/\/jnksport.com\/en\/wp-json\/wp\/v2\/comments?post=56297"}],"version-history":[{"count":0,"href":"https:\/\/jnksport.com\/en\/wp-json\/wp\/v2\/product\/56297\/revisions"}],"wp:featuredmedia":[{"embeddable":true,"href":"https:\/\/jnksport.com\/en\/wp-json\/wp\/v2\/media\/56334"}],"wp:attachment":[{"href":"https:\/\/jnksport.com\/en\/wp-json\/wp\/v2\/media?parent=56297"}],"wp:term":[{"taxonomy":"brand","embeddable":true,"href":"https:\/\/jnksport.com\/en\/wp-json\/wp\/v2\/etheme_brands?post=56297"},{"taxonomy":"product_brand","embeddable":true,"href":"https:\/\/jnksport.com\/en\/wp-json\/wp\/v2\/product_brand?post=56297"},{"taxonomy":"product_cat","embeddable":true,"href":"https:\/\/jnksport.com\/en\/wp-json\/wp\/v2\/product_cat?post=56297"},{"taxonomy":"product_tag","embeddable":true,"href":"https:\/\/jnksport.com\/en\/wp-json\/wp\/v2\/product_tag?post=56297"}],"curies":[{"name":"wp","href":"https:\/\/api.w.org\/{rel}","templated":true}]}}