{"id":56312,"date":"2026-03-30T07:33:01","date_gmt":"2026-03-30T07:33:01","guid":{"rendered":"https:\/\/jnksport.com\/?post_type=product&#038;p=56312"},"modified":"2026-04-29T22:32:19","modified_gmt":"2026-04-29T22:32:19","slug":"zapatillas-puma-skyrocket-lite-379437-01-hombre","status":"publish","type":"product","link":"https:\/\/jnksport.com\/en\/product\/zapatillas-puma-skyrocket-lite-379437-01-hombre\/","title":{"rendered":"Zapatillas Puma Skyrocket Lite 379437-01 Hombre"},"content":{"rendered":"<div>\n<div>Presentamos las Skyrocket Lite, las nuevas y m\u00e1s fascinantes zapatillas PUMA de alto rendimiento. Son exactamente lo que necesit\u00e1s para ir r\u00e1pido y llegar lejos. Con su c\u00f3moda y respirable capellada que est\u00e1 lista para todo, estas zapatillas unisex te ofrecen gran durabilidad y tracci\u00f3n, vayas donde vayas.<\/p>\n<p>CARACTER\u00cdSTICAS + BENEFICIOS<br \/>\nPROFOAM: Goma EVA liviana, dise\u00f1ada para amortiguar tu pisada e impulsar tu siguiente paso<br \/>\nSOFTFOAM+: Plantilla c\u00f3moda, dise\u00f1ada con un tal\u00f3n extra grueso para proporcionar una amortiguaci\u00f3n suave<br \/>\nEmpeine fabricado con al menos un 20% de materiales reciclados; base fabricada con al menos un 10% de materiales reciclados<br \/>\nDETALLES<br \/>\nHorma RUN PUMA de alto rendimiento, para un calce ideal mientras corr\u00e9s<br \/>\nSuela de goma PROTREAD en todo el largo, para mayor durabilidad y tracci\u00f3n<br \/>\nCon cordones<br \/>\nPuntera redondeada<br \/>\nOjales y presillas Fit+, para mejor ajuste de los cordones<br \/>\nForro y plantilla de material textil<\/p><\/div>\n<\/div>\n<ul>\n<li>Marca: Puma<\/li>\n<li>Codigo: 379437-01<\/li>\n<li>Modelo: Skyrocket Lite<\/li>\n<li>G\u00e9nero: Hombre<\/li>\n<li>Estilo: Deportivo<\/li>\n<li>Cierre: Cordones<\/li>\n<li>Material: Textil<\/li>\n<li>Color: Negro<\/li>\n<li>Material de la Suela: Goma<\/li>\n<\/ul>","protected":false},"excerpt":{"rendered":"<p>Presentamos las Skyrocket Lite, las nuevas y m\u00e1s fascinantes zapatillas PUMA de alto rendimiento. Son exactamente lo que necesit\u00e1s para ir r\u00e1pido y llegar lejos&#8230;.<\/p>","protected":false},"featured_media":56348,"comment_status":"open","ping_status":"closed","template":"","meta":{"om_disable_all_campaigns":false,"_monsterinsights_skip_tracking":false,"_monsterinsights_sitenote_active":false,"_monsterinsights_sitenote_note":"","_monsterinsights_sitenote_category":0,"_uf_show_specific_survey":0,"_uf_disable_surveys":false,"_joinchat":[]},"etheme_brands":[],"product_brand":[],"product_cat":[19],"product_tag":[],"class_list":{"0":"post-56312","1":"product","2":"type-product","3":"status-publish","4":"has-post-thumbnail","6":"product_cat-hombre","7":"product_shipping_class-envio-a-lima-y-provincia","9":"first","10":"instock","11":"sale","12":"featured","13":"shipping-taxable","14":"purchasable","15":"product-type-variable"},"aioseo_notices":[],"_links":{"self":[{"href":"https:\/\/jnksport.com\/en\/wp-json\/wp\/v2\/product\/56312","targetHints":{"allow":["GET"]}}],"collection":[{"href":"https:\/\/jnksport.com\/en\/wp-json\/wp\/v2\/product"}],"about":[{"href":"https:\/\/jnksport.com\/en\/wp-json\/wp\/v2\/types\/product"}],"replies":[{"embeddable":true,"href":"https:\/\/jnksport.com\/en\/wp-json\/wp\/v2\/comments?post=56312"}],"version-history":[{"count":0,"href":"https:\/\/jnksport.com\/en\/wp-json\/wp\/v2\/product\/56312\/revisions"}],"wp:featuredmedia":[{"embeddable":true,"href":"https:\/\/jnksport.com\/en\/wp-json\/wp\/v2\/media\/56348"}],"wp:attachment":[{"href":"https:\/\/jnksport.com\/en\/wp-json\/wp\/v2\/media?parent=56312"}],"wp:term":[{"taxonomy":"brand","embeddable":true,"href":"https:\/\/jnksport.com\/en\/wp-json\/wp\/v2\/etheme_brands?post=56312"},{"taxonomy":"product_brand","embeddable":true,"href":"https:\/\/jnksport.com\/en\/wp-json\/wp\/v2\/product_brand?post=56312"},{"taxonomy":"product_cat","embeddable":true,"href":"https:\/\/jnksport.com\/en\/wp-json\/wp\/v2\/product_cat?post=56312"},{"taxonomy":"product_tag","embeddable":true,"href":"https:\/\/jnksport.com\/en\/wp-json\/wp\/v2\/product_tag?post=56312"}],"curies":[{"name":"wp","href":"https:\/\/api.w.org\/{rel}","templated":true}]}}