{"id":56381,"date":"2026-03-30T07:36:09","date_gmt":"2026-03-30T07:36:09","guid":{"rendered":"https:\/\/jnksport.com\/?post_type=product&#038;p=56381"},"modified":"2026-04-11T17:03:46","modified_gmt":"2026-04-11T17:03:46","slug":"zapatillas-puma-suede-classic-400775-02-hombre","status":"publish","type":"product","link":"https:\/\/jnksport.com\/en\/product\/zapatillas-puma-suede-classic-400775-02-hombre\/","title":{"rendered":"Zapatillas Puma Suede Classic 400775-02 Hombre"},"content":{"rendered":"<div>\n<div>Las Suede aparecieron por primera vez en 1968 y desde entonces no han dejado de cambiar las reglas del juego. Fueron usadas por \u00edconos de todas las generaciones y contin\u00faan siendo un cl\u00e1sico. Reconocibles al instante y constantemente reinventadas, el legado de las zapatillas Suede sigue creciendo y legitim\u00e1ndose gracias a las personas aut\u00e9nticas y expresivas que abrazan este ic\u00f3nico calzado. Esta versi\u00f3n cuenta con una capellada de gamuza con una Formstrip PUMA de cuero.<\/p>\n<p>CARACTER\u00cdSTICAS + BENEFICIOS<br \/>\nLos productos de cuero PUMA respaldan la fabricaci\u00f3n responsable a trav\u00e9s del Leather Working Group: www.leatherworkinggroup.com<br \/>\nDETALLES<br \/>\nEmpeine de gamuza<br \/>\nAplique de gamuza en tal\u00f3n y leng\u00fceta<br \/>\nInterior sint\u00e9tico<br \/>\nPlantilla en tejido de malla<br \/>\nEntresuela de goma<br \/>\nSuela de goma<br \/>\nDetalles de la marca PUMA<\/p><\/div>\n<\/div>\n<ul>\n<li>Marca: Puma<\/li>\n<li>Codigo: 400775-02<\/li>\n<li>Modelo: Suede Classic<\/li>\n<li>G\u00e9nero: Hombre<\/li>\n<li>Estilo: Urbano<\/li>\n<li>Cierre: Cordones<\/li>\n<li>Material: Gamuza<\/li>\n<li>Color: Rojo<\/li>\n<li>Material de la Suela: Caucho<\/li>\n<\/ul>","protected":false},"excerpt":{"rendered":"<p>Las Suede aparecieron por primera vez en 1968 y desde entonces no han dejado de cambiar las reglas del juego. Fueron usadas por \u00edconos de&#8230;<\/p>","protected":false},"featured_media":56418,"comment_status":"open","ping_status":"closed","template":"","meta":{"om_disable_all_campaigns":false,"_monsterinsights_skip_tracking":false,"_monsterinsights_sitenote_active":false,"_monsterinsights_sitenote_note":"","_monsterinsights_sitenote_category":0,"_uf_show_specific_survey":0,"_uf_disable_surveys":false,"_joinchat":[]},"etheme_brands":[],"product_brand":[],"product_cat":[19],"product_tag":[],"class_list":{"0":"post-56381","1":"product","2":"type-product","3":"status-publish","4":"has-post-thumbnail","6":"product_cat-hombre","7":"product_shipping_class-envio-a-lima-y-provincia","9":"first","10":"instock","11":"sale","12":"featured","13":"shipping-taxable","14":"purchasable","15":"product-type-variable"},"aioseo_notices":[],"_links":{"self":[{"href":"https:\/\/jnksport.com\/en\/wp-json\/wp\/v2\/product\/56381","targetHints":{"allow":["GET"]}}],"collection":[{"href":"https:\/\/jnksport.com\/en\/wp-json\/wp\/v2\/product"}],"about":[{"href":"https:\/\/jnksport.com\/en\/wp-json\/wp\/v2\/types\/product"}],"replies":[{"embeddable":true,"href":"https:\/\/jnksport.com\/en\/wp-json\/wp\/v2\/comments?post=56381"}],"version-history":[{"count":0,"href":"https:\/\/jnksport.com\/en\/wp-json\/wp\/v2\/product\/56381\/revisions"}],"wp:featuredmedia":[{"embeddable":true,"href":"https:\/\/jnksport.com\/en\/wp-json\/wp\/v2\/media\/56418"}],"wp:attachment":[{"href":"https:\/\/jnksport.com\/en\/wp-json\/wp\/v2\/media?parent=56381"}],"wp:term":[{"taxonomy":"brand","embeddable":true,"href":"https:\/\/jnksport.com\/en\/wp-json\/wp\/v2\/etheme_brands?post=56381"},{"taxonomy":"product_brand","embeddable":true,"href":"https:\/\/jnksport.com\/en\/wp-json\/wp\/v2\/product_brand?post=56381"},{"taxonomy":"product_cat","embeddable":true,"href":"https:\/\/jnksport.com\/en\/wp-json\/wp\/v2\/product_cat?post=56381"},{"taxonomy":"product_tag","embeddable":true,"href":"https:\/\/jnksport.com\/en\/wp-json\/wp\/v2\/product_tag?post=56381"}],"curies":[{"name":"wp","href":"https:\/\/api.w.org\/{rel}","templated":true}]}}