{"id":56410,"date":"2026-03-30T07:37:24","date_gmt":"2026-03-30T07:37:24","guid":{"rendered":"https:\/\/jnksport.com\/?post_type=product&#038;p=56410"},"modified":"2026-04-29T22:32:19","modified_gmt":"2026-04-29T22:32:19","slug":"zapatillas-puma-carina-3-0-charm-403545-01-mujer","status":"publish","type":"product","link":"https:\/\/jnksport.com\/en\/product\/zapatillas-puma-carina-3-0-charm-403545-01-mujer\/","title":{"rendered":"Zapatillas Puma Carina 3.0 Charm 403545-01 Mujer"},"content":{"rendered":"<div>\n<div>Luce un estilo moderno y elegante con las zapatillas PUMA Carina 3.0 Charm. Este modelo cuenta con una parte superior de cuero y material sint\u00e9tico con un cuello y una leng\u00fceta acolchados. La plantilla acolchada SoftFoam+ te brindar\u00e1 la m\u00e1xima comodidad y soporte.<br \/>\nParte superior de cuero y sint\u00e9tico<br \/>\nCierre de cordones completo para un ajuste seguro.<br \/>\nFranja caracter\u00edstica de PUMA en el lateral<br \/>\nCadena con acento de dije dorado<br \/>\nEtiqueta PUMA tejida en la leng\u00fceta<br \/>\nPlantilla SoftFoam+<br \/>\nEntresuela de plataforma apilada<br \/>\nSuela de goma para un agarre y tracci\u00f3n duraderos.<\/div>\n<\/div>\n<ul>\n<li>Marca: Puma<\/li>\n<li>Codigo: 403545-01<\/li>\n<li>Modelo: Carina 3.0 Charm<\/li>\n<li>G\u00e9nero: Mujer<\/li>\n<li>Estilo: Urbano<\/li>\n<li>Cierre: Cordones<\/li>\n<li>Material: Sintetico<\/li>\n<li>Color: Blanco<\/li>\n<li>Material de la Suela: Goma<\/li>\n<\/ul>","protected":false},"excerpt":{"rendered":"<p>Luce un estilo moderno y elegante con las zapatillas PUMA Carina 3.0 Charm. Este modelo cuenta con una parte superior de cuero y material sint\u00e9tico&#8230;<\/p>","protected":false},"featured_media":56456,"comment_status":"open","ping_status":"closed","template":"","meta":{"om_disable_all_campaigns":false,"_monsterinsights_skip_tracking":false,"_monsterinsights_sitenote_active":false,"_monsterinsights_sitenote_note":"","_monsterinsights_sitenote_category":0,"_uf_show_specific_survey":0,"_uf_disable_surveys":false,"_joinchat":[]},"etheme_brands":[],"product_brand":[],"product_cat":[18],"product_tag":[],"class_list":{"0":"post-56410","1":"product","2":"type-product","3":"status-publish","4":"has-post-thumbnail","6":"product_cat-mujer","7":"product_shipping_class-envio-a-lima-y-provincia","9":"first","10":"instock","11":"sale","12":"featured","13":"shipping-taxable","14":"purchasable","15":"product-type-variable"},"aioseo_notices":[],"_links":{"self":[{"href":"https:\/\/jnksport.com\/en\/wp-json\/wp\/v2\/product\/56410","targetHints":{"allow":["GET"]}}],"collection":[{"href":"https:\/\/jnksport.com\/en\/wp-json\/wp\/v2\/product"}],"about":[{"href":"https:\/\/jnksport.com\/en\/wp-json\/wp\/v2\/types\/product"}],"replies":[{"embeddable":true,"href":"https:\/\/jnksport.com\/en\/wp-json\/wp\/v2\/comments?post=56410"}],"version-history":[{"count":0,"href":"https:\/\/jnksport.com\/en\/wp-json\/wp\/v2\/product\/56410\/revisions"}],"wp:featuredmedia":[{"embeddable":true,"href":"https:\/\/jnksport.com\/en\/wp-json\/wp\/v2\/media\/56456"}],"wp:attachment":[{"href":"https:\/\/jnksport.com\/en\/wp-json\/wp\/v2\/media?parent=56410"}],"wp:term":[{"taxonomy":"brand","embeddable":true,"href":"https:\/\/jnksport.com\/en\/wp-json\/wp\/v2\/etheme_brands?post=56410"},{"taxonomy":"product_brand","embeddable":true,"href":"https:\/\/jnksport.com\/en\/wp-json\/wp\/v2\/product_brand?post=56410"},{"taxonomy":"product_cat","embeddable":true,"href":"https:\/\/jnksport.com\/en\/wp-json\/wp\/v2\/product_cat?post=56410"},{"taxonomy":"product_tag","embeddable":true,"href":"https:\/\/jnksport.com\/en\/wp-json\/wp\/v2\/product_tag?post=56410"}],"curies":[{"name":"wp","href":"https:\/\/api.w.org\/{rel}","templated":true}]}}