{"id":56447,"date":"2026-03-30T07:38:44","date_gmt":"2026-03-30T07:38:44","guid":{"rendered":"https:\/\/jnksport.com\/?post_type=product&#038;p=56447"},"modified":"2026-04-29T22:32:20","modified_gmt":"2026-04-29T22:32:20","slug":"zapatillas-olympikus-quadra-br2-43391327-chumbo-hombre","status":"publish","type":"product","link":"https:\/\/jnksport.com\/en\/product\/zapatillas-olympikus-quadra-br2-43391327-chumbo-hombre\/","title":{"rendered":"Zapatillas Olympikus QUADRA BR2 43391327-CHUMBO Hombre"},"content":{"rendered":"<div>\n<div>Tecnolog\u00edas:<\/p>\n<p>ELEVA PRO: Tecnolog\u00eda que aporta ligereza y amortiguaci\u00f3n aportando mayor comodidad y efecto trampol\u00edn.<br \/>\nCERRADURA: Confeccionado en tejido de poli\u00e9ster con diferente textura, proporciona un amarre superior y m\u00e1s seguro.<br \/>\nSUELA: El dise\u00f1o curvo tiene l\u00edneas org\u00e1nicas que evitan el desgaste y garantizan mayor estabilidad al cambiar de direcci\u00f3n en la cancha.<br \/>\nCAPELLADA: Confeccionada en poli\u00e9ster, envuelve el tobillo con m\u00e1s firmeza y sujeci\u00f3n. Los tejidos m\u00e1s espaciados permiten una mayor transpirabilidad de los pies para un mayor confort. Cuenta con tejido transpirable que se amolda al pie como un calcet\u00edn al estar unido a la leng\u00fceta, lo que se traduce en un ajuste alto y mayor sensaci\u00f3n de comodidad.<br \/>\nGRIPPER: Goma antideslizante en la suela que mantiene un agarre firme al suelo.<br \/>\nPLANTILLA: Plantilla anat\u00f3mica moldeada, compuesta por tejido de poli\u00e9ster y EVA de 4 mm de espesor,<br \/>\nse adapta al pie evitando el deslizamiento y aportando un confort ideal durante su uso.<\/p><\/div>\n<\/div>\n<ul>\n<li>Marca: Olympikus<\/li>\n<li>Codigo: 43391327-CHUMBO<\/li>\n<li>Modelo: QUADRA BR2<\/li>\n<li>G\u00e9nero: Hombre<\/li>\n<li>Estilo: Deportivo<\/li>\n<li>Cierre: Cordones<\/li>\n<li>Material: Textil<\/li>\n<li>Color: Negro<\/li>\n<li>Material de la Suela: Goma<\/li>\n<\/ul>","protected":false},"excerpt":{"rendered":"<p>Tecnolog\u00edas: ELEVA PRO: Tecnolog\u00eda que aporta ligereza y amortiguaci\u00f3n aportando mayor comodidad y efecto trampol\u00edn. CERRADURA: Confeccionado en tejido de poli\u00e9ster con diferente textura, proporciona&#8230;<\/p>","protected":false},"featured_media":56478,"comment_status":"open","ping_status":"closed","template":"","meta":{"om_disable_all_campaigns":false,"_monsterinsights_skip_tracking":false,"_monsterinsights_sitenote_active":false,"_monsterinsights_sitenote_note":"","_monsterinsights_sitenote_category":0,"_uf_show_specific_survey":0,"_uf_disable_surveys":false,"_joinchat":[]},"etheme_brands":[],"product_brand":[],"product_cat":[19],"product_tag":[],"class_list":{"0":"post-56447","1":"product","2":"type-product","3":"status-publish","4":"has-post-thumbnail","6":"product_cat-hombre","7":"product_shipping_class-envio-a-lima-y-provincia","9":"first","10":"instock","11":"sale","12":"featured","13":"shipping-taxable","14":"purchasable","15":"product-type-variable"},"aioseo_notices":[],"_links":{"self":[{"href":"https:\/\/jnksport.com\/en\/wp-json\/wp\/v2\/product\/56447","targetHints":{"allow":["GET"]}}],"collection":[{"href":"https:\/\/jnksport.com\/en\/wp-json\/wp\/v2\/product"}],"about":[{"href":"https:\/\/jnksport.com\/en\/wp-json\/wp\/v2\/types\/product"}],"replies":[{"embeddable":true,"href":"https:\/\/jnksport.com\/en\/wp-json\/wp\/v2\/comments?post=56447"}],"version-history":[{"count":0,"href":"https:\/\/jnksport.com\/en\/wp-json\/wp\/v2\/product\/56447\/revisions"}],"wp:featuredmedia":[{"embeddable":true,"href":"https:\/\/jnksport.com\/en\/wp-json\/wp\/v2\/media\/56478"}],"wp:attachment":[{"href":"https:\/\/jnksport.com\/en\/wp-json\/wp\/v2\/media?parent=56447"}],"wp:term":[{"taxonomy":"brand","embeddable":true,"href":"https:\/\/jnksport.com\/en\/wp-json\/wp\/v2\/etheme_brands?post=56447"},{"taxonomy":"product_brand","embeddable":true,"href":"https:\/\/jnksport.com\/en\/wp-json\/wp\/v2\/product_brand?post=56447"},{"taxonomy":"product_cat","embeddable":true,"href":"https:\/\/jnksport.com\/en\/wp-json\/wp\/v2\/product_cat?post=56447"},{"taxonomy":"product_tag","embeddable":true,"href":"https:\/\/jnksport.com\/en\/wp-json\/wp\/v2\/product_tag?post=56447"}],"curies":[{"name":"wp","href":"https:\/\/api.w.org\/{rel}","templated":true}]}}