{"id":56483,"date":"2026-03-30T07:40:04","date_gmt":"2026-03-30T07:40:04","guid":{"rendered":"https:\/\/jnksport.com\/?post_type=product&#038;p=56483"},"modified":"2026-04-27T21:50:01","modified_gmt":"2026-04-27T21:50:01","slug":"zapatillas-nike-journey-run-fn0228-004-hombre","status":"publish","type":"product","link":"https:\/\/jnksport.com\/en\/product\/zapatillas-nike-journey-run-fn0228-004-hombre\/","title":{"rendered":"Zapatillas Nike Journey Run FN0228-004 Hombre"},"content":{"rendered":"<div>\n<div>Disfruta de cada paso, ruta y excursi\u00f3n con los Nike Journey Run. Te har\u00e1n avanzar con una sonrisa en pavimentos exigentes, gracias a la mayor altura de las pilas de espuma y la amortiguaci\u00f3n ComfiRide supersuave. Son tan c\u00f3modos que desear\u00e1s volver a pon\u00e9rtelos lo antes posible.<\/p>\n<p>Beneficios<\/p>\n<p>La malla dise\u00f1ada estrat\u00e9gicamente les da seguridad a los pies.<br \/>\nLa amortiguaci\u00f3n adicional en el tal\u00f3n y los puntos de contacto suaves en la leng\u00fceta y el cuello a\u00f1aden comodidad.<br \/>\nLa suela de goma brinda tracci\u00f3n para tus kil\u00f3metros.<\/p><\/div>\n<\/div>\n<ul>\n<li>Marca: Nike<\/li>\n<li>Codigo: FN0228-004<\/li>\n<li>Modelo: Journey Run<\/li>\n<li>G\u00e9nero: Hombre<\/li>\n<li>Estilo: Deportivo<\/li>\n<li>Cierre: Cordones<\/li>\n<li>Material: Sintetico<\/li>\n<li>Color: Negro<\/li>\n<li>Material de la Suela: Goma<\/li>\n<\/ul>","protected":false},"excerpt":{"rendered":"<p>Disfruta de cada paso, ruta y excursi\u00f3n con los Nike Journey Run. Te har\u00e1n avanzar con una sonrisa en pavimentos exigentes, gracias a la mayor&#8230;<\/p>","protected":false},"featured_media":59555,"comment_status":"open","ping_status":"closed","template":"","meta":{"om_disable_all_campaigns":false,"_monsterinsights_skip_tracking":false,"_monsterinsights_sitenote_active":false,"_monsterinsights_sitenote_note":"","_monsterinsights_sitenote_category":0,"_uf_show_specific_survey":0,"_uf_disable_surveys":false,"_joinchat":[]},"etheme_brands":[],"product_brand":[],"product_cat":[19],"product_tag":[],"class_list":{"0":"post-56483","1":"product","2":"type-product","3":"status-publish","4":"has-post-thumbnail","6":"product_cat-hombre","7":"product_shipping_class-envio-a-lima-y-provincia","9":"first","10":"instock","11":"sale","12":"featured","13":"shipping-taxable","14":"purchasable","15":"product-type-variable"},"aioseo_notices":[],"_links":{"self":[{"href":"https:\/\/jnksport.com\/en\/wp-json\/wp\/v2\/product\/56483","targetHints":{"allow":["GET"]}}],"collection":[{"href":"https:\/\/jnksport.com\/en\/wp-json\/wp\/v2\/product"}],"about":[{"href":"https:\/\/jnksport.com\/en\/wp-json\/wp\/v2\/types\/product"}],"replies":[{"embeddable":true,"href":"https:\/\/jnksport.com\/en\/wp-json\/wp\/v2\/comments?post=56483"}],"version-history":[{"count":1,"href":"https:\/\/jnksport.com\/en\/wp-json\/wp\/v2\/product\/56483\/revisions"}],"predecessor-version":[{"id":59556,"href":"https:\/\/jnksport.com\/en\/wp-json\/wp\/v2\/product\/56483\/revisions\/59556"}],"wp:featuredmedia":[{"embeddable":true,"href":"https:\/\/jnksport.com\/en\/wp-json\/wp\/v2\/media\/59555"}],"wp:attachment":[{"href":"https:\/\/jnksport.com\/en\/wp-json\/wp\/v2\/media?parent=56483"}],"wp:term":[{"taxonomy":"brand","embeddable":true,"href":"https:\/\/jnksport.com\/en\/wp-json\/wp\/v2\/etheme_brands?post=56483"},{"taxonomy":"product_brand","embeddable":true,"href":"https:\/\/jnksport.com\/en\/wp-json\/wp\/v2\/product_brand?post=56483"},{"taxonomy":"product_cat","embeddable":true,"href":"https:\/\/jnksport.com\/en\/wp-json\/wp\/v2\/product_cat?post=56483"},{"taxonomy":"product_tag","embeddable":true,"href":"https:\/\/jnksport.com\/en\/wp-json\/wp\/v2\/product_tag?post=56483"}],"curies":[{"name":"wp","href":"https:\/\/api.w.org\/{rel}","templated":true}]}}