{"id":56533,"date":"2026-03-30T07:42:34","date_gmt":"2026-03-30T07:42:34","guid":{"rendered":"https:\/\/jnksport.com\/?post_type=product&#038;p=56533"},"modified":"2026-04-29T22:32:22","modified_gmt":"2026-04-29T22:32:22","slug":"zapatillas-nike-revolution-8-hj9198-102-hombre","status":"publish","type":"product","link":"https:\/\/jnksport.com\/en\/product\/zapatillas-nike-revolution-8-hj9198-102-hombre\/","title":{"rendered":"Zapatillas Nike Revolution 8 HJ9198-102 Hombre"},"content":{"rendered":"<div>\n<div>Marca el ritmo al comenzar la experiencia de correr con la suavidad de los Nike Revolution 8. La comodidad es clave para una carrera exitosa, as\u00ed que nos aseguramos de que cada paso sea amortiguado y flexible para brindar una pisada suave. Son la evoluci\u00f3n de un favorito, con un dise\u00f1o transpirable.<\/p>\n<p>Caracter\u00edsticas principales<\/p>\n<p>Los puntos de contacto en el tal\u00f3n y la leng\u00fceta crean una sensaci\u00f3n natural al ponerte y quitarte los tenis.<br \/>\nLa suela tiene un dise\u00f1o Nike intuitivo y ranuras flexibles que crean un efecto c\u00f3modo y amortiguado mientras corres.<\/p><\/div>\n<\/div>\n<ul>\n<li>Marca: Nike<\/li>\n<li>Codigo: HJ9198-102<\/li>\n<li>Modelo: Revolution 8<\/li>\n<li>G\u00e9nero: Hombre<\/li>\n<li>Estilo: Deportivo<\/li>\n<li>Cierre: Cordones<\/li>\n<li>Material: Textil<\/li>\n<li>Color: Blanco<\/li>\n<li>Material de la Suela: Goma<\/li>\n<\/ul>","protected":false},"excerpt":{"rendered":"<p>Marca el ritmo al comenzar la experiencia de correr con la suavidad de los Nike Revolution 8. La comodidad es clave para una carrera exitosa,&#8230;<\/p>","protected":false},"featured_media":59559,"comment_status":"open","ping_status":"closed","template":"","meta":{"om_disable_all_campaigns":false,"_monsterinsights_skip_tracking":false,"_monsterinsights_sitenote_active":false,"_monsterinsights_sitenote_note":"","_monsterinsights_sitenote_category":0,"_uf_show_specific_survey":0,"_uf_disable_surveys":false,"_joinchat":[]},"etheme_brands":[],"product_brand":[],"product_cat":[19],"product_tag":[],"class_list":{"0":"post-56533","1":"product","2":"type-product","3":"status-publish","4":"has-post-thumbnail","6":"product_cat-hombre","7":"product_shipping_class-envio-a-lima-y-provincia","9":"first","10":"instock","11":"sale","12":"featured","13":"shipping-taxable","14":"purchasable","15":"product-type-variable"},"aioseo_notices":[],"_links":{"self":[{"href":"https:\/\/jnksport.com\/en\/wp-json\/wp\/v2\/product\/56533","targetHints":{"allow":["GET"]}}],"collection":[{"href":"https:\/\/jnksport.com\/en\/wp-json\/wp\/v2\/product"}],"about":[{"href":"https:\/\/jnksport.com\/en\/wp-json\/wp\/v2\/types\/product"}],"replies":[{"embeddable":true,"href":"https:\/\/jnksport.com\/en\/wp-json\/wp\/v2\/comments?post=56533"}],"version-history":[{"count":1,"href":"https:\/\/jnksport.com\/en\/wp-json\/wp\/v2\/product\/56533\/revisions"}],"predecessor-version":[{"id":59560,"href":"https:\/\/jnksport.com\/en\/wp-json\/wp\/v2\/product\/56533\/revisions\/59560"}],"wp:featuredmedia":[{"embeddable":true,"href":"https:\/\/jnksport.com\/en\/wp-json\/wp\/v2\/media\/59559"}],"wp:attachment":[{"href":"https:\/\/jnksport.com\/en\/wp-json\/wp\/v2\/media?parent=56533"}],"wp:term":[{"taxonomy":"brand","embeddable":true,"href":"https:\/\/jnksport.com\/en\/wp-json\/wp\/v2\/etheme_brands?post=56533"},{"taxonomy":"product_brand","embeddable":true,"href":"https:\/\/jnksport.com\/en\/wp-json\/wp\/v2\/product_brand?post=56533"},{"taxonomy":"product_cat","embeddable":true,"href":"https:\/\/jnksport.com\/en\/wp-json\/wp\/v2\/product_cat?post=56533"},{"taxonomy":"product_tag","embeddable":true,"href":"https:\/\/jnksport.com\/en\/wp-json\/wp\/v2\/product_tag?post=56533"}],"curies":[{"name":"wp","href":"https:\/\/api.w.org\/{rel}","templated":true}]}}