{"id":56546,"date":"2026-03-30T07:43:12","date_gmt":"2026-03-30T07:43:12","guid":{"rendered":"https:\/\/jnksport.com\/?post_type=product&#038;p=56546"},"modified":"2026-04-29T22:32:22","modified_gmt":"2026-04-29T22:32:22","slug":"zapatillas-nike-phantom-6-low-academy-hq2325-003-hombre","status":"publish","type":"product","link":"https:\/\/jnksport.com\/en\/product\/zapatillas-nike-phantom-6-low-academy-hq2325-003-hombre\/","title":{"rendered":"Zapatillas Nike Phantom 6 Low Academy HQ2325-003 Hombre"},"content":{"rendered":"<div>\n<div>Sube de nivel tu precisi\u00f3n con la Academia Phantom 6. Potencia tu precisi\u00f3n con una zona t\u00e1ctil NikeSkin, ubicada donde la necesitas para golpes limpios. La textura adherente te ayuda a aprovechar las oportunidades de gol acercando el pie al bal\u00f3n.<\/p>\n<p>Una<\/p>\n<p>zona t\u00e1ctil NikeSkin ampliada, impulsada por una malla de ingenier\u00eda, acerca tu pie al bal\u00f3n. Esto significa que obtienes un mejor control mientras regateas y pases, incluso en condiciones h\u00famedas o secas.<\/p>\n<p>Tracci\u00f3n para el c\u00e9sped<\/p>\n<p>La suela de goma proporciona una tracci\u00f3n r\u00e1pida para el c\u00e9sped.<\/p>\n<p>Ajuste natural<\/p>\n<p>Una nueva montura de zapato le brinda un ajuste m\u00e1s natural, especialmente en la puntera. Ayuda a amoldarse a tu pie y te acerca a la pelota para golpes a\u00fan mejores.<\/p><\/div>\n<\/div>\n<ul>\n<li>Marca: Nike<\/li>\n<li>Codigo: HQ2325-003<\/li>\n<li>Modelo: Phantom 6 Low Academy<\/li>\n<li>G\u00e9nero: Hombre<\/li>\n<li>Estilo: Deportivo<\/li>\n<li>Cierre: Cordones<\/li>\n<li>Material: Sintetico<\/li>\n<li>Color: Negro<\/li>\n<li>Material de la Suela: Goma<\/li>\n<\/ul>","protected":false},"excerpt":{"rendered":"<p>Sube de nivel tu precisi\u00f3n con la Academia Phantom 6. Potencia tu precisi\u00f3n con una zona t\u00e1ctil NikeSkin, ubicada donde la necesitas para golpes limpios&#8230;.<\/p>","protected":false},"featured_media":59561,"comment_status":"open","ping_status":"closed","template":"","meta":{"om_disable_all_campaigns":false,"_monsterinsights_skip_tracking":false,"_monsterinsights_sitenote_active":false,"_monsterinsights_sitenote_note":"","_monsterinsights_sitenote_category":0,"_uf_show_specific_survey":0,"_uf_disable_surveys":false,"_joinchat":[]},"etheme_brands":[],"product_brand":[],"product_cat":[19],"product_tag":[],"class_list":{"0":"post-56546","1":"product","2":"type-product","3":"status-publish","4":"has-post-thumbnail","6":"product_cat-hombre","7":"product_shipping_class-envio-a-lima-y-provincia","9":"first","10":"instock","11":"sale","12":"featured","13":"shipping-taxable","14":"purchasable","15":"product-type-variable"},"aioseo_notices":[],"_links":{"self":[{"href":"https:\/\/jnksport.com\/en\/wp-json\/wp\/v2\/product\/56546","targetHints":{"allow":["GET"]}}],"collection":[{"href":"https:\/\/jnksport.com\/en\/wp-json\/wp\/v2\/product"}],"about":[{"href":"https:\/\/jnksport.com\/en\/wp-json\/wp\/v2\/types\/product"}],"replies":[{"embeddable":true,"href":"https:\/\/jnksport.com\/en\/wp-json\/wp\/v2\/comments?post=56546"}],"version-history":[{"count":1,"href":"https:\/\/jnksport.com\/en\/wp-json\/wp\/v2\/product\/56546\/revisions"}],"predecessor-version":[{"id":59386,"href":"https:\/\/jnksport.com\/en\/wp-json\/wp\/v2\/product\/56546\/revisions\/59386"}],"wp:featuredmedia":[{"embeddable":true,"href":"https:\/\/jnksport.com\/en\/wp-json\/wp\/v2\/media\/59561"}],"wp:attachment":[{"href":"https:\/\/jnksport.com\/en\/wp-json\/wp\/v2\/media?parent=56546"}],"wp:term":[{"taxonomy":"brand","embeddable":true,"href":"https:\/\/jnksport.com\/en\/wp-json\/wp\/v2\/etheme_brands?post=56546"},{"taxonomy":"product_brand","embeddable":true,"href":"https:\/\/jnksport.com\/en\/wp-json\/wp\/v2\/product_brand?post=56546"},{"taxonomy":"product_cat","embeddable":true,"href":"https:\/\/jnksport.com\/en\/wp-json\/wp\/v2\/product_cat?post=56546"},{"taxonomy":"product_tag","embeddable":true,"href":"https:\/\/jnksport.com\/en\/wp-json\/wp\/v2\/product_tag?post=56546"}],"curies":[{"name":"wp","href":"https:\/\/api.w.org\/{rel}","templated":true}]}}