{"id":56602,"date":"2026-03-30T07:45:08","date_gmt":"2026-03-30T07:45:08","guid":{"rendered":"https:\/\/jnksport.com\/?post_type=product&#038;p=56602"},"modified":"2026-04-11T17:03:55","modified_gmt":"2026-04-11T17:03:55","slug":"zapatillas-joma-top-flex-topw2572in-hombre","status":"publish","type":"product","link":"https:\/\/jnksport.com\/en\/product\/zapatillas-joma-top-flex-topw2572in-hombre\/","title":{"rendered":"Zapatillas Joma Top Flex TOPW2572IN Hombre"},"content":{"rendered":"<div>\n<div>Zapatillas de f\u00fatbol sala. El m\u00edtico modelo de f\u00fatbol sala que lleva m\u00e1s de 30 a\u00f1os en la colecci\u00f3n de Joma. Un cl\u00e1sico famoso por su calidad, flexibilidad y comodidad, que sigue acompa\u00f1ando a futbolistas profesionales como Amandinha, ocho veces elegida la mejor jugadora del mundo.<\/p>\n<p>Upper elaborado con piel. Proporciona una combinaci\u00f3n ideal de confort, durabilidad y flexibilidad. Esto permite una adaptaci\u00f3n total al pie, mejorando la sensibilidad y el control del bal\u00f3n. Su superficie suave reduce la fricci\u00f3n, minimizando el riesgo de ampollas. Ventilaci\u00f3n del sudor garantizada con la tecnolog\u00eda de perforaciones VTS.<\/p>\n<p>Refuerzo PROTECTION en la puntera.<\/p>\n<p>La mediasuela de phylon ofrece una combinaci\u00f3n perfecta de ligereza y confort. Este material proporciona una buena amortiguaci\u00f3n, permitiendo que el jugador sienta el bal\u00f3n con mayor sensibilidad, lo que mejora el control y la precisi\u00f3n en cada toque. Adem\u00e1s, su estructura liviana no sacrifica la estabilidad, lo que permite realizar movimientos r\u00e1pidos y cambios de direcci\u00f3n con facilidad.<\/p>\n<p>La suela de caucho DURABILITY est\u00e1 dise\u00f1ada para ofrecer una resistencia excepcional y un rendimiento \u00f3ptimo en la cancha. Su estructura espec\u00edfica para este deporte proporciona un agarre superior y una tracci\u00f3n eficaz en superficies interiores. Cuenta con el sistema ROTATION para facilitar los giros rotatorios.<\/p><\/div>\n<\/div>\n<ul>\n<li>Marca: Joma<\/li>\n<li>Codigo: TOPW2572IN<\/li>\n<li>Modelo: Top Flex<\/li>\n<li>G\u00e9nero: Hombre<\/li>\n<li>Estilo: Deportivo<\/li>\n<li>Cierre: Cordones<\/li>\n<li>Material: Cuero<\/li>\n<li>Color: Blanco<\/li>\n<li>Material de la Suela: Goma<\/li>\n<\/ul>","protected":false},"excerpt":{"rendered":"<p>Zapatillas de f\u00fatbol sala. El m\u00edtico modelo de f\u00fatbol sala que lleva m\u00e1s de 30 a\u00f1os en la colecci\u00f3n de Joma. Un cl\u00e1sico famoso por&#8230;<\/p>","protected":false},"featured_media":56639,"comment_status":"open","ping_status":"closed","template":"","meta":{"om_disable_all_campaigns":false,"_monsterinsights_skip_tracking":false,"_monsterinsights_sitenote_active":false,"_monsterinsights_sitenote_note":"","_monsterinsights_sitenote_category":0,"_uf_show_specific_survey":0,"_uf_disable_surveys":false,"_joinchat":[]},"etheme_brands":[],"product_brand":[],"product_cat":[19],"product_tag":[],"class_list":{"0":"post-56602","1":"product","2":"type-product","3":"status-publish","4":"has-post-thumbnail","6":"product_cat-hombre","7":"product_shipping_class-envio-a-lima-y-provincia","9":"first","10":"instock","11":"sale","12":"featured","13":"shipping-taxable","14":"purchasable","15":"product-type-variable"},"aioseo_notices":[],"_links":{"self":[{"href":"https:\/\/jnksport.com\/en\/wp-json\/wp\/v2\/product\/56602","targetHints":{"allow":["GET"]}}],"collection":[{"href":"https:\/\/jnksport.com\/en\/wp-json\/wp\/v2\/product"}],"about":[{"href":"https:\/\/jnksport.com\/en\/wp-json\/wp\/v2\/types\/product"}],"replies":[{"embeddable":true,"href":"https:\/\/jnksport.com\/en\/wp-json\/wp\/v2\/comments?post=56602"}],"version-history":[{"count":0,"href":"https:\/\/jnksport.com\/en\/wp-json\/wp\/v2\/product\/56602\/revisions"}],"wp:featuredmedia":[{"embeddable":true,"href":"https:\/\/jnksport.com\/en\/wp-json\/wp\/v2\/media\/56639"}],"wp:attachment":[{"href":"https:\/\/jnksport.com\/en\/wp-json\/wp\/v2\/media?parent=56602"}],"wp:term":[{"taxonomy":"brand","embeddable":true,"href":"https:\/\/jnksport.com\/en\/wp-json\/wp\/v2\/etheme_brands?post=56602"},{"taxonomy":"product_brand","embeddable":true,"href":"https:\/\/jnksport.com\/en\/wp-json\/wp\/v2\/product_brand?post=56602"},{"taxonomy":"product_cat","embeddable":true,"href":"https:\/\/jnksport.com\/en\/wp-json\/wp\/v2\/product_cat?post=56602"},{"taxonomy":"product_tag","embeddable":true,"href":"https:\/\/jnksport.com\/en\/wp-json\/wp\/v2\/product_tag?post=56602"}],"curies":[{"name":"wp","href":"https:\/\/api.w.org\/{rel}","templated":true}]}}