{"id":56645,"date":"2026-03-30T07:46:59","date_gmt":"2026-03-30T07:46:59","guid":{"rendered":"https:\/\/jnksport.com\/?post_type=product&#038;p=56645"},"modified":"2026-04-29T22:32:22","modified_gmt":"2026-04-29T22:32:22","slug":"zapatillas-joma-top-flex-rebound-torw2507in-hombre","status":"publish","type":"product","link":"https:\/\/jnksport.com\/en\/product\/zapatillas-joma-top-flex-rebound-torw2507in-hombre\/","title":{"rendered":"Zapatillas Joma Top Flex Rebound TORW2507IN Hombre"},"content":{"rendered":"<div>\n<div>Zapatillas de futbol sala Top Flex Rebound Indoor dise\u00f1adas para jugadores de alto rendimiento que buscan amortiguaci\u00f3n reactiva y confort profesional; cuentan con una parte superior de piel suave que ofrece gran flexibilidad, adaptabilidad y excelente tacto con el bal\u00f3n, ventilaci\u00f3n mejorada con VTS, refuerzo PROTECTION en la puntera, media suela con sistema dual Reactive Ball y phylon que proporciona una combinaci\u00f3n ideal de absorci\u00f3n de impactos, reactividad y estabilidad, adem\u00e1s de una suela de caucho DURABILITY que no deja marcas y asegura tracci\u00f3n en superficies indoor.<\/div>\n<\/div>\n<ul>\n<li>Marca: Joma<\/li>\n<li>Codigo: TORW2507IN<\/li>\n<li>Modelo: Top Flex Rebound<\/li>\n<li>G\u00e9nero: Hombre<\/li>\n<li>Estilo: Deportivo<\/li>\n<li>Cierre: Cordones<\/li>\n<li>Material: Cuero<\/li>\n<li>Color: Coral<\/li>\n<li>Material de la Suela: Goma<\/li>\n<\/ul>","protected":false},"excerpt":{"rendered":"<p>Zapatillas de futbol sala Top Flex Rebound Indoor dise\u00f1adas para jugadores de alto rendimiento que buscan amortiguaci\u00f3n reactiva y confort profesional; cuentan con una parte&#8230;<\/p>","protected":false},"featured_media":56667,"comment_status":"open","ping_status":"closed","template":"","meta":{"om_disable_all_campaigns":false,"_monsterinsights_skip_tracking":false,"_monsterinsights_sitenote_active":false,"_monsterinsights_sitenote_note":"","_monsterinsights_sitenote_category":0,"_uf_show_specific_survey":0,"_uf_disable_surveys":false,"_joinchat":[]},"etheme_brands":[],"product_brand":[],"product_cat":[19],"product_tag":[],"class_list":{"0":"post-56645","1":"product","2":"type-product","3":"status-publish","4":"has-post-thumbnail","6":"product_cat-hombre","7":"product_shipping_class-envio-a-lima-y-provincia","9":"first","10":"instock","11":"sale","12":"featured","13":"shipping-taxable","14":"purchasable","15":"product-type-variable"},"aioseo_notices":[],"_links":{"self":[{"href":"https:\/\/jnksport.com\/en\/wp-json\/wp\/v2\/product\/56645","targetHints":{"allow":["GET"]}}],"collection":[{"href":"https:\/\/jnksport.com\/en\/wp-json\/wp\/v2\/product"}],"about":[{"href":"https:\/\/jnksport.com\/en\/wp-json\/wp\/v2\/types\/product"}],"replies":[{"embeddable":true,"href":"https:\/\/jnksport.com\/en\/wp-json\/wp\/v2\/comments?post=56645"}],"version-history":[{"count":0,"href":"https:\/\/jnksport.com\/en\/wp-json\/wp\/v2\/product\/56645\/revisions"}],"wp:featuredmedia":[{"embeddable":true,"href":"https:\/\/jnksport.com\/en\/wp-json\/wp\/v2\/media\/56667"}],"wp:attachment":[{"href":"https:\/\/jnksport.com\/en\/wp-json\/wp\/v2\/media?parent=56645"}],"wp:term":[{"taxonomy":"brand","embeddable":true,"href":"https:\/\/jnksport.com\/en\/wp-json\/wp\/v2\/etheme_brands?post=56645"},{"taxonomy":"product_brand","embeddable":true,"href":"https:\/\/jnksport.com\/en\/wp-json\/wp\/v2\/product_brand?post=56645"},{"taxonomy":"product_cat","embeddable":true,"href":"https:\/\/jnksport.com\/en\/wp-json\/wp\/v2\/product_cat?post=56645"},{"taxonomy":"product_tag","embeddable":true,"href":"https:\/\/jnksport.com\/en\/wp-json\/wp\/v2\/product_tag?post=56645"}],"curies":[{"name":"wp","href":"https:\/\/api.w.org\/{rel}","templated":true}]}}