{"id":56697,"date":"2026-03-30T07:49:38","date_gmt":"2026-03-30T07:49:38","guid":{"rendered":"https:\/\/jnksport.com\/?post_type=product&#038;p=56697"},"modified":"2026-04-11T17:03:58","modified_gmt":"2026-04-11T17:03:58","slug":"zapatillas-puma-rebound-402592-01-mujer","status":"publish","type":"product","link":"https:\/\/jnksport.com\/en\/product\/zapatillas-puma-rebound-402592-01-mujer\/","title":{"rendered":"Zapatillas Puma Rebound  402592-01 Mujer"},"content":{"rendered":"<div>\n<div>Inspiradas en el calzado de basket de los a\u00f1os 80, estas zapatillas PUMA llevan la comodidad y el estilo al siguiente nivel. Disponibles en una gama de dise\u00f1os vers\u00e1tiles, de cuello alto, medio o bajo, las Rebound son un cl\u00e1sico que vas a querer tener siempre en tu guardarropa.<\/p>\n<p>CARACTER\u00cdSTICAS Y BENEFICIOS<br \/>\nSOFTFOAM+: Plantilla c\u00f3moda, dise\u00f1ada con un tal\u00f3n extra grueso para proporcionar una amortiguaci\u00f3n suave<br \/>\nCubierta fabricada con al menos un 20% de materiales reciclados; base fabricada con al menos un 10% de materiales reciclados<br \/>\nDETALLES<br \/>\nCalce regular<br \/>\nPuntera redondeada<br \/>\nCon cordones<br \/>\nSuela estilo plataforma<br \/>\nInterior en material textil<br \/>\nSuela de goma<\/p><\/div>\n<\/div>\n<ul>\n<li>Marca: Puma<\/li>\n<li>Codigo: 402592-01<\/li>\n<li>Modelo: Rebound <\/li>\n<li>G\u00e9nero: Mujer<\/li>\n<li>Estilo: Urbanas<\/li>\n<li>Cierre: Cordones<\/li>\n<li>Material: Cuero<\/li>\n<li>Color: Blanco<\/li>\n<li>Material de la Suela: Goma<\/li>\n<\/ul>","protected":false},"excerpt":{"rendered":"<p>Inspiradas en el calzado de basket de los a\u00f1os 80, estas zapatillas PUMA llevan la comodidad y el estilo al siguiente nivel. Disponibles en una&#8230;<\/p>","protected":false},"featured_media":56726,"comment_status":"open","ping_status":"closed","template":"","meta":{"om_disable_all_campaigns":false,"_monsterinsights_skip_tracking":false,"_monsterinsights_sitenote_active":false,"_monsterinsights_sitenote_note":"","_monsterinsights_sitenote_category":0,"_uf_show_specific_survey":0,"_uf_disable_surveys":false,"_joinchat":[]},"etheme_brands":[],"product_brand":[],"product_cat":[18],"product_tag":[],"class_list":{"0":"post-56697","1":"product","2":"type-product","3":"status-publish","4":"has-post-thumbnail","6":"product_cat-mujer","7":"product_shipping_class-envio-a-lima-y-provincia","9":"first","10":"instock","11":"sale","12":"featured","13":"shipping-taxable","14":"purchasable","15":"product-type-variable"},"aioseo_notices":[],"_links":{"self":[{"href":"https:\/\/jnksport.com\/en\/wp-json\/wp\/v2\/product\/56697","targetHints":{"allow":["GET"]}}],"collection":[{"href":"https:\/\/jnksport.com\/en\/wp-json\/wp\/v2\/product"}],"about":[{"href":"https:\/\/jnksport.com\/en\/wp-json\/wp\/v2\/types\/product"}],"replies":[{"embeddable":true,"href":"https:\/\/jnksport.com\/en\/wp-json\/wp\/v2\/comments?post=56697"}],"version-history":[{"count":0,"href":"https:\/\/jnksport.com\/en\/wp-json\/wp\/v2\/product\/56697\/revisions"}],"wp:featuredmedia":[{"embeddable":true,"href":"https:\/\/jnksport.com\/en\/wp-json\/wp\/v2\/media\/56726"}],"wp:attachment":[{"href":"https:\/\/jnksport.com\/en\/wp-json\/wp\/v2\/media?parent=56697"}],"wp:term":[{"taxonomy":"brand","embeddable":true,"href":"https:\/\/jnksport.com\/en\/wp-json\/wp\/v2\/etheme_brands?post=56697"},{"taxonomy":"product_brand","embeddable":true,"href":"https:\/\/jnksport.com\/en\/wp-json\/wp\/v2\/product_brand?post=56697"},{"taxonomy":"product_cat","embeddable":true,"href":"https:\/\/jnksport.com\/en\/wp-json\/wp\/v2\/product_cat?post=56697"},{"taxonomy":"product_tag","embeddable":true,"href":"https:\/\/jnksport.com\/en\/wp-json\/wp\/v2\/product_tag?post=56697"}],"curies":[{"name":"wp","href":"https:\/\/api.w.org\/{rel}","templated":true}]}}