{"id":56698,"date":"2026-03-30T07:49:38","date_gmt":"2026-03-30T07:49:38","guid":{"rendered":"https:\/\/jnksport.com\/?post_type=product&#038;p=56698"},"modified":"2026-04-29T22:32:22","modified_gmt":"2026-04-29T22:32:22","slug":"zapatillas-nike-lebron-witness-7-dm1123-004-hombre","status":"publish","type":"product","link":"https:\/\/jnksport.com\/en\/product\/zapatillas-nike-lebron-witness-7-dm1123-004-hombre\/","title":{"rendered":"Zapatillas Nike LeBron Witness 7 DM1123-004 Hombre"},"content":{"rendered":"<div>\n<div>Mientras m\u00e1s se prolonga la carrera legendaria de LeBron, m\u00e1s necesita un dise\u00f1o que no le pese y que, al mismo tiempo, pueda controlar toda esa potencia sublime. Por lo tanto, hemos creado nuestro modelo LeBron m\u00e1s ligero, pero con un tipo de soporte que pueda ayudarte a mantenerte frente a tu oponente cuando el partido est\u00e1 en riesgo. La amortiguaci\u00f3n Max Air de lago completo te ayuda a despegar y aterrizar con confianza, mientras que la malla ligera se combina con los cables de contenci\u00f3n para mantenerte firme durante cuatro cuartos o m\u00e1s.<\/p>\n<p>Comodidad y amortiguaci\u00f3n<\/p>\n<p>La unidad Max Air de largo completo en una entresuela de perfil bajo se combina con una envoltura de espuma para brindar soporte cuando te mueves en direcciones laterales. La unidad Air est\u00e1 colocada espec\u00edficamente en el antepi\u00e9 para ayudar a reducir el peso y aumentar la capacidad de respuesta. Ayuda con la absorci\u00f3n de impacto, a la vez que brinda soporte para una transici\u00f3n suave del tal\u00f3n a la punta. Adem\u00e1s, proporciona estabilidad de lado a lado y ayuda a aprovechar y dirigir tu fuerza.<\/p>\n<p>Materiales reforzados<\/p>\n<p>La malla transpirable proporciona un ajuste ligero y adaptable en la parte superior, desde la red que sostiene el antepi\u00e9 hasta las piezas moldeadas externas que ayudan a bloquear el tal\u00f3n. Las costuras reforzadas a lo largo de los laterales ayudan a que el calzado se ajuste c\u00f3modamente para contener todo el pie.<\/p>\n<p>Tracci\u00f3n din\u00e1mica<\/p>\n<p>La suela de goma est\u00e1 dividida y cortada parcialmente debajo del arco para ayudar a reducir el peso y permitir que se doble y flexione. El patr\u00f3n gr\u00e1fico de espiguilla cl\u00e1sico aporta tracci\u00f3n duradera.<\/p>\n<p>Datos del producto<\/p>\n<p>Cuello acolchado<br \/>\nLeng\u00fceta de espuma y malla<\/p><\/div>\n<\/div>\n<ul>\n<li>Marca: Nike<\/li>\n<li>Codigo: DM1123-004<\/li>\n<li>Modelo: LeBron Witness 7<\/li>\n<li>G\u00e9nero: Hombre<\/li>\n<li>Estilo: Deportivo<\/li>\n<li>Cierre: Cordones<\/li>\n<li>Material: Textil<\/li>\n<li>Color: Negro<\/li>\n<li>Material de la Suela: Goma<\/li>\n<\/ul>","protected":false},"excerpt":{"rendered":"<p>Mientras m\u00e1s se prolonga la carrera legendaria de LeBron, m\u00e1s necesita un dise\u00f1o que no le pese y que, al mismo tiempo, pueda controlar toda&#8230;<\/p>","protected":false},"featured_media":59562,"comment_status":"open","ping_status":"closed","template":"","meta":{"om_disable_all_campaigns":false,"_monsterinsights_skip_tracking":false,"_monsterinsights_sitenote_active":false,"_monsterinsights_sitenote_note":"","_monsterinsights_sitenote_category":0,"_uf_show_specific_survey":0,"_uf_disable_surveys":false,"_joinchat":[]},"etheme_brands":[],"product_brand":[],"product_cat":[19],"product_tag":[],"class_list":{"0":"post-56698","1":"product","2":"type-product","3":"status-publish","4":"has-post-thumbnail","6":"product_cat-hombre","7":"product_shipping_class-envio-a-lima-y-provincia","9":"first","10":"instock","11":"sale","12":"featured","13":"shipping-taxable","14":"purchasable","15":"product-type-variable"},"aioseo_notices":[],"_links":{"self":[{"href":"https:\/\/jnksport.com\/en\/wp-json\/wp\/v2\/product\/56698","targetHints":{"allow":["GET"]}}],"collection":[{"href":"https:\/\/jnksport.com\/en\/wp-json\/wp\/v2\/product"}],"about":[{"href":"https:\/\/jnksport.com\/en\/wp-json\/wp\/v2\/types\/product"}],"replies":[{"embeddable":true,"href":"https:\/\/jnksport.com\/en\/wp-json\/wp\/v2\/comments?post=56698"}],"version-history":[{"count":1,"href":"https:\/\/jnksport.com\/en\/wp-json\/wp\/v2\/product\/56698\/revisions"}],"predecessor-version":[{"id":59563,"href":"https:\/\/jnksport.com\/en\/wp-json\/wp\/v2\/product\/56698\/revisions\/59563"}],"wp:featuredmedia":[{"embeddable":true,"href":"https:\/\/jnksport.com\/en\/wp-json\/wp\/v2\/media\/59562"}],"wp:attachment":[{"href":"https:\/\/jnksport.com\/en\/wp-json\/wp\/v2\/media?parent=56698"}],"wp:term":[{"taxonomy":"brand","embeddable":true,"href":"https:\/\/jnksport.com\/en\/wp-json\/wp\/v2\/etheme_brands?post=56698"},{"taxonomy":"product_brand","embeddable":true,"href":"https:\/\/jnksport.com\/en\/wp-json\/wp\/v2\/product_brand?post=56698"},{"taxonomy":"product_cat","embeddable":true,"href":"https:\/\/jnksport.com\/en\/wp-json\/wp\/v2\/product_cat?post=56698"},{"taxonomy":"product_tag","embeddable":true,"href":"https:\/\/jnksport.com\/en\/wp-json\/wp\/v2\/product_tag?post=56698"}],"curies":[{"name":"wp","href":"https:\/\/api.w.org\/{rel}","templated":true}]}}