{"id":56720,"date":"2026-03-30T07:50:55","date_gmt":"2026-03-30T07:50:55","guid":{"rendered":"https:\/\/jnksport.com\/?post_type=product&#038;p=56720"},"modified":"2026-04-27T22:05:17","modified_gmt":"2026-04-27T22:05:17","slug":"zapatillas-nike-air-jordan-1-mid-dq8423-001-ninos","status":"publish","type":"product","link":"https:\/\/jnksport.com\/en\/product\/zapatillas-nike-air-jordan-1-mid-dq8423-001-ninos\/","title":{"rendered":"Zapatillas Nike Air Jordan 1 Mid DQ8423-001 Ni\u00f1os"},"content":{"rendered":"<div>\n<div>Esta iteraci\u00f3n del AJ1 reinventa el primer modelo exclusivo de Mike con una nueva combinaci\u00f3n de colores. Los materiales premium, la amortiguaci\u00f3n suave y el cuello acolchado en el tobillo brindan m\u00e1ximo soporte y celebran el calzado que lo inici\u00f3 todo.<\/p>\n<p>Beneficios<\/p>\n<p>La confecci\u00f3n premium brinda comodidad y un atractivo ic\u00f3nico.<br \/>\nUnidad Air-Sole encapsulada en el tal\u00f3n te proporciona amortiguaci\u00f3n suave.<\/p>\n<p>Datos del producto<\/p>\n<p>Dise\u00f1o con suela cupsole<br \/>\nCuello acolchado<\/p>\n<p>Acerca del AJ 1<\/p>\n<p>Fue una sensaci\u00f3n desde el momento en que la leyenda del b\u00e1squetbol, Michael Jordan, amarr\u00f3 las agujetas de su primer calzado hom\u00f3nimo en 1985. No solo ayud\u00f3 al ascenso de MJ a un estatus de superestrella, sino que la gente se volvi\u00f3 loca por su look audazmente ic\u00f3nico. D\u00e9cadas despu\u00e9s, es tan fresco como siempre y un favorito en la calle.<\/p><\/div>\n<\/div>\n<ul>\n<li>Marca: Nike<\/li>\n<li>Codigo: DQ8423-001<\/li>\n<li>Modelo: Air Jordan 1 Mid<\/li>\n<li>G\u00e9nero: Ni\u00f1os<\/li>\n<li>Estilo: Urbanas<\/li>\n<li>Cierre: Cordones<\/li>\n<li>Material: Cuero<\/li>\n<li>Color: Multicolor<\/li>\n<li>Material de la Suela: Goma<\/li>\n<\/ul>","protected":false},"excerpt":{"rendered":"<p>Esta iteraci\u00f3n del AJ1 reinventa el primer modelo exclusivo de Mike con una nueva combinaci\u00f3n de colores. Los materiales premium, la amortiguaci\u00f3n suave y el&#8230;<\/p>","protected":false},"featured_media":59564,"comment_status":"open","ping_status":"closed","template":"","meta":{"om_disable_all_campaigns":false,"_monsterinsights_skip_tracking":false,"_monsterinsights_sitenote_active":false,"_monsterinsights_sitenote_note":"","_monsterinsights_sitenote_category":0,"_uf_show_specific_survey":0,"_uf_disable_surveys":false,"_joinchat":[]},"etheme_brands":[],"product_brand":[],"product_cat":[159],"product_tag":[],"class_list":{"0":"post-56720","1":"product","2":"type-product","3":"status-publish","4":"has-post-thumbnail","6":"product_cat-ninos","7":"product_shipping_class-envio-a-lima-y-provincia","9":"first","10":"instock","11":"sale","12":"featured","13":"shipping-taxable","14":"purchasable","15":"product-type-variable"},"aioseo_notices":[],"_links":{"self":[{"href":"https:\/\/jnksport.com\/en\/wp-json\/wp\/v2\/product\/56720","targetHints":{"allow":["GET"]}}],"collection":[{"href":"https:\/\/jnksport.com\/en\/wp-json\/wp\/v2\/product"}],"about":[{"href":"https:\/\/jnksport.com\/en\/wp-json\/wp\/v2\/types\/product"}],"replies":[{"embeddable":true,"href":"https:\/\/jnksport.com\/en\/wp-json\/wp\/v2\/comments?post=56720"}],"version-history":[{"count":1,"href":"https:\/\/jnksport.com\/en\/wp-json\/wp\/v2\/product\/56720\/revisions"}],"predecessor-version":[{"id":59565,"href":"https:\/\/jnksport.com\/en\/wp-json\/wp\/v2\/product\/56720\/revisions\/59565"}],"wp:featuredmedia":[{"embeddable":true,"href":"https:\/\/jnksport.com\/en\/wp-json\/wp\/v2\/media\/59564"}],"wp:attachment":[{"href":"https:\/\/jnksport.com\/en\/wp-json\/wp\/v2\/media?parent=56720"}],"wp:term":[{"taxonomy":"brand","embeddable":true,"href":"https:\/\/jnksport.com\/en\/wp-json\/wp\/v2\/etheme_brands?post=56720"},{"taxonomy":"product_brand","embeddable":true,"href":"https:\/\/jnksport.com\/en\/wp-json\/wp\/v2\/product_brand?post=56720"},{"taxonomy":"product_cat","embeddable":true,"href":"https:\/\/jnksport.com\/en\/wp-json\/wp\/v2\/product_cat?post=56720"},{"taxonomy":"product_tag","embeddable":true,"href":"https:\/\/jnksport.com\/en\/wp-json\/wp\/v2\/product_tag?post=56720"}],"curies":[{"name":"wp","href":"https:\/\/api.w.org\/{rel}","templated":true}]}}