{"id":56732,"date":"2026-03-30T07:52:02","date_gmt":"2026-03-30T07:52:02","guid":{"rendered":"https:\/\/jnksport.com\/?post_type=product&#038;p=56732"},"modified":"2026-04-27T22:13:52","modified_gmt":"2026-04-27T22:13:52","slug":"zapatillas-nike-court-borough-low-dv5456-133-ninos","status":"publish","type":"product","link":"https:\/\/jnksport.com\/en\/product\/zapatillas-nike-court-borough-low-dv5456-133-ninos\/","title":{"rendered":"Zapatillas Nike Court Borough Low DV5456-133 Ni\u00f1os"},"content":{"rendered":"<div>\n<div>Corre (no camines) hasta tu nuevo barrio favorito. Confeccionada para ser duradera, esta leyenda \u00abredise\u00f1ada\u00bb utiliza una combinaci\u00f3n de materiales duraderos en la parte superior y la suela para lograr un look cl\u00e1sico hecho de una manera totalmente nueva. La puntera y el mediopi\u00e9 redise\u00f1ados le dan a tus pies un poco m\u00e1s de espacio para que puedas correr, saltar y jugar por m\u00e1s tiempo y m\u00e1s duro.<\/p>\n<p>Datos del producto<\/p>\n<p>Agujetas cl\u00e1sicas<br \/>\nRanuras flexibles en la suela<\/p><\/div>\n<\/div>\n<ul>\n<li>Marca: Nike<\/li>\n<li>Codigo: DV5456-133<\/li>\n<li>Modelo: Court Borough Low<\/li>\n<li>G\u00e9nero: Ni\u00f1os<\/li>\n<li>Estilo: Urbanas<\/li>\n<li>Cierre: Cordones<\/li>\n<li>Material: Cuero<\/li>\n<li>Color: Blanco<\/li>\n<li>Material de la Suela: Goma<\/li>\n<\/ul>","protected":false},"excerpt":{"rendered":"<p>Corre (no camines) hasta tu nuevo barrio favorito. Confeccionada para ser duradera, esta leyenda \u00abredise\u00f1ada\u00bb utiliza una combinaci\u00f3n de materiales duraderos en la parte superior&#8230;<\/p>","protected":false},"featured_media":59566,"comment_status":"open","ping_status":"closed","template":"","meta":{"om_disable_all_campaigns":false,"_monsterinsights_skip_tracking":false,"_monsterinsights_sitenote_active":false,"_monsterinsights_sitenote_note":"","_monsterinsights_sitenote_category":0,"_uf_show_specific_survey":0,"_uf_disable_surveys":false,"_joinchat":[]},"etheme_brands":[],"product_brand":[],"product_cat":[159],"product_tag":[],"class_list":{"0":"post-56732","1":"product","2":"type-product","3":"status-publish","4":"has-post-thumbnail","6":"product_cat-ninos","7":"product_shipping_class-envio-a-lima-y-provincia","9":"first","10":"instock","11":"sale","12":"featured","13":"shipping-taxable","14":"purchasable","15":"product-type-variable"},"aioseo_notices":[],"_links":{"self":[{"href":"https:\/\/jnksport.com\/en\/wp-json\/wp\/v2\/product\/56732","targetHints":{"allow":["GET"]}}],"collection":[{"href":"https:\/\/jnksport.com\/en\/wp-json\/wp\/v2\/product"}],"about":[{"href":"https:\/\/jnksport.com\/en\/wp-json\/wp\/v2\/types\/product"}],"replies":[{"embeddable":true,"href":"https:\/\/jnksport.com\/en\/wp-json\/wp\/v2\/comments?post=56732"}],"version-history":[{"count":1,"href":"https:\/\/jnksport.com\/en\/wp-json\/wp\/v2\/product\/56732\/revisions"}],"predecessor-version":[{"id":59567,"href":"https:\/\/jnksport.com\/en\/wp-json\/wp\/v2\/product\/56732\/revisions\/59567"}],"wp:featuredmedia":[{"embeddable":true,"href":"https:\/\/jnksport.com\/en\/wp-json\/wp\/v2\/media\/59566"}],"wp:attachment":[{"href":"https:\/\/jnksport.com\/en\/wp-json\/wp\/v2\/media?parent=56732"}],"wp:term":[{"taxonomy":"brand","embeddable":true,"href":"https:\/\/jnksport.com\/en\/wp-json\/wp\/v2\/etheme_brands?post=56732"},{"taxonomy":"product_brand","embeddable":true,"href":"https:\/\/jnksport.com\/en\/wp-json\/wp\/v2\/product_brand?post=56732"},{"taxonomy":"product_cat","embeddable":true,"href":"https:\/\/jnksport.com\/en\/wp-json\/wp\/v2\/product_cat?post=56732"},{"taxonomy":"product_tag","embeddable":true,"href":"https:\/\/jnksport.com\/en\/wp-json\/wp\/v2\/product_tag?post=56732"}],"curies":[{"name":"wp","href":"https:\/\/api.w.org\/{rel}","templated":true}]}}