{"id":56771,"date":"2026-03-30T07:52:55","date_gmt":"2026-03-30T07:52:55","guid":{"rendered":"https:\/\/jnksport.com\/?post_type=product&#038;p=56771"},"modified":"2026-04-29T22:32:22","modified_gmt":"2026-04-29T22:32:22","slug":"zapatillas-nike-jordan-xxxviii-dz3499-101-ninos","status":"publish","type":"product","link":"https:\/\/jnksport.com\/en\/product\/zapatillas-nike-jordan-xxxviii-dz3499-101-ninos\/","title":{"rendered":"Zapatillas Nike Jordan XXXVIII DZ3499-101 Ni\u00f1os"},"content":{"rendered":"<div>\n<div>Negro, blanco y rojo. \u00bfQu\u00e9 tiene esta combinaci\u00f3n de colores que impacta tan fuerte? Quiz\u00e1 est\u00e9 en nuestro ADN, son los primeros tres colores que los beb\u00e9s pueden ver, despu\u00e9s de todo. Quiz\u00e1 sea la conexi\u00f3n ic\u00f3nica que la combinaci\u00f3n de colores tiene con la herencia de la marca Jordan. O quiz\u00e1 simplemente se vean muy bien juntos.<\/p>\n<p>Movilidad en la cancha<\/p>\n<p>Cortes r\u00e1pidos, sprints con mucha velocidad y control en toda la cancha: eso es lo que quieres. La unidad Zoom Strobel Air de perfil bajo en la cancha es la que te ayuda a conseguirlo.<\/p>\n<p>Fuerza + Seguridad<\/p>\n<p>El bordado en la parte superior est\u00e1 dise\u00f1ado para que sientas m\u00e1s seguridad al cruzar la cancha. \u00bfTus habilidades, adem\u00e1s de una malla ligera y con soporte? Una combinaci\u00f3n ganadora.<\/p>\n<p>Detalles de herencia<\/p>\n<p>El dise\u00f1o del calzado le rinde homenaje a la legendaria temporada de 1993 de MJ. Los dise\u00f1os cuadriculados, los dise\u00f1os de chevr\u00f3n y las l\u00edneas de tela de canal\u00e9 en un calzado representan sus puntos, asistencias y rebotes por partido. Los detalles de tela en el otro hacen alusi\u00f3n al r\u00e9cord de 57-25 de la temporada y al tercer campeonato consecutivo de MJ.<\/p>\n<p>Sin residuos, no hay necesidad<\/p>\n<p>Lo \u00faltimo que necesitamos son m\u00e1s residuos. La caja especial Move to Zero te brinda la parafernalia de los paquetes conmemorativos sin la basura adicional.<\/p><\/div>\n<\/div>\n<ul>\n<li>Marca: Nike<\/li>\n<li>Codigo: DZ3499-101<\/li>\n<li>Modelo: Jordan XXXVIII<\/li>\n<li>G\u00e9nero: Ni\u00f1os<\/li>\n<li>Estilo: Deportivo<\/li>\n<li>Cierre: Cordones<\/li>\n<li>Material: Textil<\/li>\n<li>Color: Negro<\/li>\n<li>Material de la Suela: Goma<\/li>\n<\/ul>","protected":false},"excerpt":{"rendered":"<p>Negro, blanco y rojo. \u00bfQu\u00e9 tiene esta combinaci\u00f3n de colores que impacta tan fuerte? Quiz\u00e1 est\u00e9 en nuestro ADN, son los primeros tres colores que&#8230;<\/p>","protected":false},"featured_media":59376,"comment_status":"open","ping_status":"closed","template":"","meta":{"om_disable_all_campaigns":false,"_monsterinsights_skip_tracking":false,"_monsterinsights_sitenote_active":false,"_monsterinsights_sitenote_note":"","_monsterinsights_sitenote_category":0,"_uf_show_specific_survey":0,"_uf_disable_surveys":false,"_joinchat":[]},"etheme_brands":[],"product_brand":[],"product_cat":[159],"product_tag":[],"class_list":{"0":"post-56771","1":"product","2":"type-product","3":"status-publish","4":"has-post-thumbnail","6":"product_cat-ninos","7":"product_shipping_class-envio-a-lima-y-provincia","9":"first","10":"instock","11":"sale","12":"featured","13":"shipping-taxable","14":"purchasable","15":"product-type-variable"},"aioseo_notices":[],"_links":{"self":[{"href":"https:\/\/jnksport.com\/en\/wp-json\/wp\/v2\/product\/56771","targetHints":{"allow":["GET"]}}],"collection":[{"href":"https:\/\/jnksport.com\/en\/wp-json\/wp\/v2\/product"}],"about":[{"href":"https:\/\/jnksport.com\/en\/wp-json\/wp\/v2\/types\/product"}],"replies":[{"embeddable":true,"href":"https:\/\/jnksport.com\/en\/wp-json\/wp\/v2\/comments?post=56771"}],"version-history":[{"count":1,"href":"https:\/\/jnksport.com\/en\/wp-json\/wp\/v2\/product\/56771\/revisions"}],"predecessor-version":[{"id":59377,"href":"https:\/\/jnksport.com\/en\/wp-json\/wp\/v2\/product\/56771\/revisions\/59377"}],"wp:featuredmedia":[{"embeddable":true,"href":"https:\/\/jnksport.com\/en\/wp-json\/wp\/v2\/media\/59376"}],"wp:attachment":[{"href":"https:\/\/jnksport.com\/en\/wp-json\/wp\/v2\/media?parent=56771"}],"wp:term":[{"taxonomy":"brand","embeddable":true,"href":"https:\/\/jnksport.com\/en\/wp-json\/wp\/v2\/etheme_brands?post=56771"},{"taxonomy":"product_brand","embeddable":true,"href":"https:\/\/jnksport.com\/en\/wp-json\/wp\/v2\/product_brand?post=56771"},{"taxonomy":"product_cat","embeddable":true,"href":"https:\/\/jnksport.com\/en\/wp-json\/wp\/v2\/product_cat?post=56771"},{"taxonomy":"product_tag","embeddable":true,"href":"https:\/\/jnksport.com\/en\/wp-json\/wp\/v2\/product_tag?post=56771"}],"curies":[{"name":"wp","href":"https:\/\/api.w.org\/{rel}","templated":true}]}}