{"id":56772,"date":"2026-03-30T07:52:55","date_gmt":"2026-03-30T07:52:55","guid":{"rendered":"https:\/\/jnksport.com\/?post_type=product&#038;p=56772"},"modified":"2026-04-27T22:26:25","modified_gmt":"2026-04-27T22:26:25","slug":"zapatillas-nike-jordan-max-aura-5-dz4352-010-ninos","status":"publish","type":"product","link":"https:\/\/jnksport.com\/en\/product\/zapatillas-nike-jordan-max-aura-5-dz4352-010-ninos\/","title":{"rendered":"Zapatillas Nike Jordan Max Aura 5 DZ4352-010 Ni\u00f1os"},"content":{"rendered":"<div>\n<div>Si buscas un calzado que te acompa\u00f1e las 24 horas, los 7 d\u00edas de la semana, el Max Aura 5 es la opci\u00f3n ideal. Inspirado en el AJ3, este par de zapatillas le da un toque moderno a un cl\u00e1sico. Est\u00e1n confeccionadas con cuero y textiles resistentes, y cuentan con amortiguaci\u00f3n Nike Air en el tal\u00f3n para que puedas caminar, correr o patinar todo el d\u00eda sin preocuparte por la comodidad.<br \/>\nColor mostrado: Negro\/Fantasma<\/div>\n<\/div>\n<ul>\n<li>Marca: Nike<\/li>\n<li>Codigo: DZ4352-010<\/li>\n<li>Modelo: Jordan Max Aura 5<\/li>\n<li>G\u00e9nero: Ni\u00f1os<\/li>\n<li>Estilo: Deportivo<\/li>\n<li>Cierre: Cordones<\/li>\n<li>Material: Cuero<\/li>\n<li>Color: Negro<\/li>\n<li>Material de la Suela: Goma<\/li>\n<\/ul>","protected":false},"excerpt":{"rendered":"<p>Si buscas un calzado que te acompa\u00f1e las 24 horas, los 7 d\u00edas de la semana, el Max Aura 5 es la opci\u00f3n ideal. Inspirado&#8230;<\/p>","protected":false},"featured_media":59578,"comment_status":"open","ping_status":"closed","template":"","meta":{"om_disable_all_campaigns":false,"_monsterinsights_skip_tracking":false,"_monsterinsights_sitenote_active":false,"_monsterinsights_sitenote_note":"","_monsterinsights_sitenote_category":0,"_uf_show_specific_survey":0,"_uf_disable_surveys":false,"_joinchat":[]},"etheme_brands":[],"product_brand":[],"product_cat":[159],"product_tag":[],"class_list":{"0":"post-56772","1":"product","2":"type-product","3":"status-publish","4":"has-post-thumbnail","6":"product_cat-ninos","7":"product_shipping_class-envio-a-lima-y-provincia","9":"first","10":"instock","11":"sale","12":"featured","13":"shipping-taxable","14":"purchasable","15":"product-type-variable"},"aioseo_notices":[],"_links":{"self":[{"href":"https:\/\/jnksport.com\/en\/wp-json\/wp\/v2\/product\/56772","targetHints":{"allow":["GET"]}}],"collection":[{"href":"https:\/\/jnksport.com\/en\/wp-json\/wp\/v2\/product"}],"about":[{"href":"https:\/\/jnksport.com\/en\/wp-json\/wp\/v2\/types\/product"}],"replies":[{"embeddable":true,"href":"https:\/\/jnksport.com\/en\/wp-json\/wp\/v2\/comments?post=56772"}],"version-history":[{"count":1,"href":"https:\/\/jnksport.com\/en\/wp-json\/wp\/v2\/product\/56772\/revisions"}],"predecessor-version":[{"id":59579,"href":"https:\/\/jnksport.com\/en\/wp-json\/wp\/v2\/product\/56772\/revisions\/59579"}],"wp:featuredmedia":[{"embeddable":true,"href":"https:\/\/jnksport.com\/en\/wp-json\/wp\/v2\/media\/59578"}],"wp:attachment":[{"href":"https:\/\/jnksport.com\/en\/wp-json\/wp\/v2\/media?parent=56772"}],"wp:term":[{"taxonomy":"brand","embeddable":true,"href":"https:\/\/jnksport.com\/en\/wp-json\/wp\/v2\/etheme_brands?post=56772"},{"taxonomy":"product_brand","embeddable":true,"href":"https:\/\/jnksport.com\/en\/wp-json\/wp\/v2\/product_brand?post=56772"},{"taxonomy":"product_cat","embeddable":true,"href":"https:\/\/jnksport.com\/en\/wp-json\/wp\/v2\/product_cat?post=56772"},{"taxonomy":"product_tag","embeddable":true,"href":"https:\/\/jnksport.com\/en\/wp-json\/wp\/v2\/product_tag?post=56772"}],"curies":[{"name":"wp","href":"https:\/\/api.w.org\/{rel}","templated":true}]}}