{"id":56783,"date":"2026-03-30T07:53:32","date_gmt":"2026-03-30T07:53:32","guid":{"rendered":"https:\/\/jnksport.com\/?post_type=product&#038;p=56783"},"modified":"2026-04-11T17:04:01","modified_gmt":"2026-04-11T17:04:01","slug":"zapatillas-adidas-superstar-ef4838-ninos","status":"publish","type":"product","link":"https:\/\/jnksport.com\/en\/product\/zapatillas-adidas-superstar-ef4838-ninos\/","title":{"rendered":"Zapatillas Adidas Superstar EF4838 Ni\u00f1os"},"content":{"rendered":"<div>\n<div>Zapatillas de superestrella<br \/>\nEl estilo atemporal de las zapatillas adidas Superstar en un dise\u00f1o apto para ni\u00f1os.<br \/>\nCon 50 a\u00f1os de historia y listos para otros 50, estas zapatillas adidas Superstar mantienen el estilo ic\u00f3nico del baloncesto que ha cautivado al p\u00fablico durante d\u00e9cadas. El cierre de correa sustituye a los cordones para que los ni\u00f1os puedan pon\u00e9rselas y quit\u00e1rselas f\u00e1cilmente.<\/p>\n<p>Cierre de velcro<br \/>\nParte superior de cuero<br \/>\nPlantilla moldeada<br \/>\nZapatillas ic\u00f3nicas para ni\u00f1os<br \/>\nSuela de goma<br \/>\nPlantilla Adifit para medir la longitud<\/p><\/div>\n<\/div>\n<ul>\n<li>Marca: Adidas<\/li>\n<li>Codigo: EF4838<\/li>\n<li>Modelo: Superstar<\/li>\n<li>G\u00e9nero: Ni\u00f1os<\/li>\n<li>Estilo: Urbanas<\/li>\n<li>Cierre: Velcro<\/li>\n<li>Material: Cuero<\/li>\n<li>Color: Blanco<\/li>\n<li>Material de la Suela: Goma<\/li>\n<\/ul>","protected":false},"excerpt":{"rendered":"<p>Zapatillas de superestrella El estilo atemporal de las zapatillas adidas Superstar en un dise\u00f1o apto para ni\u00f1os. Con 50 a\u00f1os de historia y listos para&#8230;<\/p>","protected":false},"featured_media":57209,"comment_status":"open","ping_status":"closed","template":"","meta":{"om_disable_all_campaigns":false,"_monsterinsights_skip_tracking":false,"_monsterinsights_sitenote_active":false,"_monsterinsights_sitenote_note":"","_monsterinsights_sitenote_category":0,"_uf_show_specific_survey":0,"_uf_disable_surveys":false,"_joinchat":[]},"etheme_brands":[],"product_brand":[],"product_cat":[159],"product_tag":[],"class_list":{"0":"post-56783","1":"product","2":"type-product","3":"status-publish","4":"has-post-thumbnail","6":"product_cat-ninos","7":"product_shipping_class-envio-a-lima-y-provincia","9":"first","10":"instock","11":"featured","12":"shipping-taxable","13":"purchasable","14":"product-type-variable"},"aioseo_notices":[],"_links":{"self":[{"href":"https:\/\/jnksport.com\/en\/wp-json\/wp\/v2\/product\/56783","targetHints":{"allow":["GET"]}}],"collection":[{"href":"https:\/\/jnksport.com\/en\/wp-json\/wp\/v2\/product"}],"about":[{"href":"https:\/\/jnksport.com\/en\/wp-json\/wp\/v2\/types\/product"}],"replies":[{"embeddable":true,"href":"https:\/\/jnksport.com\/en\/wp-json\/wp\/v2\/comments?post=56783"}],"version-history":[{"count":0,"href":"https:\/\/jnksport.com\/en\/wp-json\/wp\/v2\/product\/56783\/revisions"}],"wp:featuredmedia":[{"embeddable":true,"href":"https:\/\/jnksport.com\/en\/wp-json\/wp\/v2\/media\/57209"}],"wp:attachment":[{"href":"https:\/\/jnksport.com\/en\/wp-json\/wp\/v2\/media?parent=56783"}],"wp:term":[{"taxonomy":"brand","embeddable":true,"href":"https:\/\/jnksport.com\/en\/wp-json\/wp\/v2\/etheme_brands?post=56783"},{"taxonomy":"product_brand","embeddable":true,"href":"https:\/\/jnksport.com\/en\/wp-json\/wp\/v2\/product_brand?post=56783"},{"taxonomy":"product_cat","embeddable":true,"href":"https:\/\/jnksport.com\/en\/wp-json\/wp\/v2\/product_cat?post=56783"},{"taxonomy":"product_tag","embeddable":true,"href":"https:\/\/jnksport.com\/en\/wp-json\/wp\/v2\/product_tag?post=56783"}],"curies":[{"name":"wp","href":"https:\/\/api.w.org\/{rel}","templated":true}]}}