{"id":56795,"date":"2026-03-30T07:54:40","date_gmt":"2026-03-30T07:54:40","guid":{"rendered":"https:\/\/jnksport.com\/?post_type=product&#038;p=56795"},"modified":"2026-04-24T22:23:38","modified_gmt":"2026-04-24T22:23:38","slug":"zapatillas-nike-quest-6-fd6034-108-mujer","status":"publish","type":"product","link":"https:\/\/jnksport.com\/en\/product\/zapatillas-nike-quest-6-fd6034-108-mujer\/","title":{"rendered":"Zapatillas Nike Quest 6 FD6034-108 Mujer"},"content":{"rendered":"<div>\n<div>Una gran cantidad de espuma de alta densidad y un ajuste seguro para tus kil\u00f3metros diarios.<\/p>\n<p>Las Nike Quest 6 son para corredores de todos los niveles. Pero que no quepa duda, no son para principiantes. Su banda de sujeci\u00f3n en el mediopi\u00e9, s\u00faper c\u00f3moda y firme, te ayuda a mantener la estabilidad durante toda la carrera. Adem\u00e1s, la espuma supersuave de la mediasuela amortigua cada paso.<\/p>\n<p>Ajuste seguro<br \/>\nLa banda de ajuste en el mediopi\u00e9 ayuda a mantener el pie m\u00e1s seguro cuanto m\u00e1s ajustados est\u00e9n los cordones.<\/p>\n<p>M\u00e1s suave, m\u00e1s receptivo<br \/>\nLa mayor altura de la entresuela proporciona una pisada m\u00e1s suave y reactiva en comparaci\u00f3n con las Quest 5.<\/p>\n<p>Tracci\u00f3n adherente<br \/>\nLa suela de goma ofrece la tracci\u00f3n necesaria para mantener los pies firmes en el pavimento.<\/p>\n<p>Detalles del producto<br \/>\nPeso: Aprox. 247 g \/ 8,7 oz (Talla 8 de mujer en EE. UU.)<br \/>\nDrop del tal\u00f3n a la punta: 10 mm<br \/>\nEn la imagen: Blanco\/Coral lavado\/Blanco cumbre\/Carmes\u00ed brillante<\/p><\/div>\n<\/div>\n<ul>\n<li>Marca: Nike<\/li>\n<li>Codigo: FD6034-108<\/li>\n<li>Modelo: Quest 6<\/li>\n<li>G\u00e9nero: Mujer<\/li>\n<li>Estilo: Deportivo<\/li>\n<li>Cierre: Cordones<\/li>\n<li>Material: Textil<\/li>\n<li>Color: Blanco<\/li>\n<li>Material de la Suela: Goma<\/li>\n<\/ul>","protected":false},"excerpt":{"rendered":"<p>Una gran cantidad de espuma de alta densidad y un ajuste seguro para tus kil\u00f3metros diarios. Las Nike Quest 6 son para corredores de todos&#8230;<\/p>","protected":false},"featured_media":59360,"comment_status":"open","ping_status":"closed","template":"","meta":{"om_disable_all_campaigns":false,"_monsterinsights_skip_tracking":false,"_monsterinsights_sitenote_active":false,"_monsterinsights_sitenote_note":"","_monsterinsights_sitenote_category":0,"_uf_show_specific_survey":0,"_uf_disable_surveys":false,"_joinchat":[]},"etheme_brands":[],"product_brand":[],"product_cat":[18],"product_tag":[],"class_list":{"0":"post-56795","1":"product","2":"type-product","3":"status-publish","4":"has-post-thumbnail","6":"product_cat-mujer","7":"product_shipping_class-envio-a-lima-y-provincia","9":"first","10":"instock","11":"sale","12":"featured","13":"shipping-taxable","14":"purchasable","15":"product-type-variable"},"aioseo_notices":[],"_links":{"self":[{"href":"https:\/\/jnksport.com\/en\/wp-json\/wp\/v2\/product\/56795","targetHints":{"allow":["GET"]}}],"collection":[{"href":"https:\/\/jnksport.com\/en\/wp-json\/wp\/v2\/product"}],"about":[{"href":"https:\/\/jnksport.com\/en\/wp-json\/wp\/v2\/types\/product"}],"replies":[{"embeddable":true,"href":"https:\/\/jnksport.com\/en\/wp-json\/wp\/v2\/comments?post=56795"}],"version-history":[{"count":1,"href":"https:\/\/jnksport.com\/en\/wp-json\/wp\/v2\/product\/56795\/revisions"}],"predecessor-version":[{"id":59361,"href":"https:\/\/jnksport.com\/en\/wp-json\/wp\/v2\/product\/56795\/revisions\/59361"}],"wp:featuredmedia":[{"embeddable":true,"href":"https:\/\/jnksport.com\/en\/wp-json\/wp\/v2\/media\/59360"}],"wp:attachment":[{"href":"https:\/\/jnksport.com\/en\/wp-json\/wp\/v2\/media?parent=56795"}],"wp:term":[{"taxonomy":"brand","embeddable":true,"href":"https:\/\/jnksport.com\/en\/wp-json\/wp\/v2\/etheme_brands?post=56795"},{"taxonomy":"product_brand","embeddable":true,"href":"https:\/\/jnksport.com\/en\/wp-json\/wp\/v2\/product_brand?post=56795"},{"taxonomy":"product_cat","embeddable":true,"href":"https:\/\/jnksport.com\/en\/wp-json\/wp\/v2\/product_cat?post=56795"},{"taxonomy":"product_tag","embeddable":true,"href":"https:\/\/jnksport.com\/en\/wp-json\/wp\/v2\/product_tag?post=56795"}],"curies":[{"name":"wp","href":"https:\/\/api.w.org\/{rel}","templated":true}]}}